{"id":756,"date":"2016-08-12T08:58:31","date_gmt":"2016-08-12T08:58:31","guid":{"rendered":"http:\/\/ultunastudentkar.se\/?page_id=756"},"modified":"2026-04-03T01:57:53","modified_gmt":"2026-04-02T23:57:53","slug":"inspektor-och-hedersledamoter","status":"publish","type":"page","link":"https:\/\/ultunastudentkar.se\/en\/om-uls-2\/inspektor-och-hedersledamoter\/","title":{"rendered":"Inspector and honorary members"},"content":{"rendered":"<p><\/p>\n\n\n\n<h3 class=\"wp-block-heading\"><strong>Inspector<\/strong><\/h3>\n\n\n\n<p><em>Emil BALDER Sandstr\u00f6m<\/em><br>BALDER is inspector at the Union since 2025. We're glad that BALDER wants to get involved with Ultuna Student Union, and are honored to have him as our inpector.<\/p>\n\n\n\n<h3 class=\"wp-block-heading\"><strong>Proinspector<\/strong><\/h3>\n\n\n\n<p><em>Lovisa GEYSIR Nilsson<\/em><br>GEYSIR is the Union's proinspector since June 2024. She works, among other roles, as Program Director for several economics programs and is a University Lecturer at the Department of Economics, NJ Faculty. GEYSIR is highly appreciated by the students and is very committed to pedagogical improvement and the development of education at SLU. She has also been involved with the Union during her time as a student, which is why she already has the Union nickname GEYSIR.<\/p>\n\n\n\n<h3 class=\"wp-block-heading\"><strong>Honorary member<\/strong><\/h3>\n\n\n\n<p><em>Karin GAIA Holmgren<br><\/em>The Vice Chancellor for Education of SLU from 2016\u20132021. During her time as Vice Chancellor, GAIA showed great interest in students\u2019 opinions during the major development of SLU\u2019s educational programs. She consistently participated with enthusiasm in ULS student events as a representative of the university and worked to maintain a strong relationship between the student union and the university.<br>Elected 2022<\/p>\n\n\n\n<p><em>Anders GURU Danielsson<br><\/em>The Union\u2019s Auditor from 1998\u20132022. An incredibly valuable support for the Union\u2019s treasurers in managing the Union\u2019s finances. Through GURU, current students can now experience the memories and camaraderie that have existed at Ultuna for many years.<br>Elected 2022<\/p>\n\n\n\n<p><em>Erling DRILLEN Strandberg<br><\/em>Inspector from 2010\u20132020. Employed as a professor at the Department of Animal Genetics. Very knowledgeable about the Union\u2019s activities. During DRILLEN\u2019s time as Inspector, the Union could always count on his support and presence at its various events.<br>Elected 2022<\/p>\n\n\n\n<p><em>Hans DYKERT Andersson<\/em><br>Employed as a professor at the Department of Economics. Involved in auditing work within ULS and a dedicated dinner guest. DYKERT has a strong personal interest in and commitment to the students he teaches or has taught at SLU and enjoys keeping in touch with his students after graduation. He has long been a champion of ULS activities and the well-being of students on the Ultuna campus.<br>Elected 2019<\/p>\n\n\n\n<p><em>Cecilia ALMA Mark-Herbert<\/em><br>Proinspector 2019\u20132024. ALMA works as a Senior Lecturer (Docent) in research and teaching in marketing and management, with a focus on sustainable development and corporate responsibility, at the Department of Forest Economics, S Faculty. She has also previously worked at the Department of Economics, NJ Faculty. ALMA has for a long time spoken highly of the Union and supported its activities, encouraging students to get involved. She has also been a driving force in equality and inclusion issues, which has been very positive for Ultuna\u2019s students. ALMA is deeply committed to students and dedicates significant time to pedagogical development to improve the programs she is involved with.<br>Elected 2015<\/p>\n\n\n\n<p><em>Johan PROJEKT Rockstr\u00f6m<\/em><br>Chair of the Union in 1989. Named the Most Environmentally Influential Person in Sweden in 2012 and 2013 by the magazine Milj\u00f6aktuellt, and awarded the Agronom of the Year 2013 prize by the Agronom Association. Delivered a highly inspiring ceremonial speech during the V\u00e5rbalen 2012 celebration.<br>Elected 2013<\/p>\n\n\n\n<p><em>Bengt HELIOS Guss<\/em><br>Inspector from 1999\u20132009. Known as the \u201cmysfarbror\" (\"cozy uncle\u201d) of the Union. He\u2014along with the current Inspector\u2014has one of the deepest insights into the Union\u2019s activities at SLU.<br>Elected 2009<\/p>\n\n\n\n<p><em>Erik STABIL Wildt Persson<\/em><br>President of the renovation group 2002-06. Without him - no renovation!<br>Elected 2006<\/p>\n\n\n\n<p><em>Thomas PEBBE Persson<\/em><br>Long and dedicated service at Ultuna. Took over from TRULS as judge at the K\u00e4mpalekarna.<br>Elected 1999<\/p>\n\n\n\n<p><em>Claes BERGFAST I:son Lundin<\/em><br>Incpector from 1994-1999. Renewer of the inspectorate - made the role more active.<br>Elected 1999<\/p>\n\n\n\n<p><em>Sven-Uno SL\u00d6\u00d6 Skarp<\/em><br>Ordf\u00f6rande 1959-60, stor Ultuna-v\u00e4n. F.d. VD och sekreterare i KSLA. Pensionerades 31 maj 1999.<br>Invald 1996. <\/p>\n\n\n\n<p><em>Lennart KARAT Hulth<\/em><br>President of SUS and member in the Union Local Council.<br>Elected 1999<\/p>\n\n\n\n<p><em>M\u00e5rten TYGEL Carlsson<\/em><br>Ex-principal and very student friendly. Ex-president at KSLA.<br>Elected 1994<\/p>\n\n\n\n<p><em>Bo PRIM\u00d6R Andersson<\/em><br>Treasurer for several years during the 1980s. Provided significant support to the Union.<br>Treasurer once again since 2017.<br>Elected 1988<\/p>\n\n\n\n<p><em>Anders HERDEN Nilsson<\/em><br>Sekreterare i K\u00e5rhusbyggnadskommitt\u00e9n. Utan honom \u2013 inget k\u00e5rhus!<br>Elected 1976<\/p>\n\n\n\n<p><em>Peter PE Edling<\/em><br>President 1967. Was during three years the 5th member of the Board. Big friend of the Union.<br>Elected 1972<\/p>\n\n\n\n<h3 class=\"wp-block-heading\"><strong>Deceased Honorary Members<\/strong><\/h3>\n\n\n\n<p><em>Anders LIEMANNEN Eriksson<\/em><br>Anders passed away suddenly and tragically on April 11, 2018. On the Union\u2019s memorial day, April 11, 2019, the board announced their intention to nominate LIEMANNEN as an Honorary Member at the May Union Meeting, an honor he had long deserved. LIEMANNEN was devoted to the student revue, a frequent dinner guest, and deeply involved in the Student Union Council. His commitment to the Union went above and beyond throughout his time at SLU.<br>Elected 2019<\/p>\n\n\n\n<p><em>Olle ROCKAN Hakelius<br><\/em>Agronom<br>Elected 2006<\/p>\n\n\n\n<p><em>Per-G\u00f6ran ABBOT Knutsson<\/em><br>Inspector from 1984-1994. Held BUDDHA\u2019s professorship and continued his legacy.<br>Elected 1994<\/p>\n\n\n\n<p><em>Sten LOVE Ebbersten<\/em><br>Former Dean and friend of the students. Worked extensively for the renewal of studies.<br>Elected 1989<\/p>\n\n\n\n<p><em>Birger FRIDOLIN Granstr\u00f6m<\/em><br>Inspector from 1974-1984. A true \"Ultunesare\" to the core.<br>Invald 1981<\/p>\n\n\n\n<p><em>Bir<\/em><em>ger URAN Svensson<\/em><br>President 54\/55 and 5th member doing several years in the 1960's and 70's. Worked actively with student questions; including student financial aid and housing. Highly knowledgeable about the Union\u2019s history.<br>Elected 1970<\/p>\n\n\n\n<p><em>Fajer SLUGGO Fajersson<\/em><br>World-renowned wheat breeder at Weibulls. Ensured, among other things, that the Union President\u2019s chain was donated. During his time as President, he was also the initiator of Nordic collaboration.<br>Elected 1968<\/p>\n\n\n\n<p><em>Paola Westerlund<\/em><br>Wife of BUDDHA<br>Elected 1965<\/p>\n\n\n\n<p><em>Anna-Maja LASSE Sv\u00e4rdstr\u00f6m<\/em><br>Wife of JUNKER<br>Elected 1964<\/p>\n\n\n\n<p><em>Olle TRULS Johansson<\/em><br>Elected 1962<\/p>\n\n\n\n<p><em>Karl-Fredrik JUNKER Sv\u00e4rdstr\u00f6m<\/em><br>Inspector of LHS from 1949-1964<br>Elected 1961<\/p>\n\n\n\n<p><em>Gunnar PH Torstensson<\/em><br>Was one of the initiators of organizing Syltavallen.<br>Elected 1960<\/p>\n\n\n\n<p><em>Carl-Gustaf PILTEN von Hofsten<\/em><br>One of the founders of the Union Magazine, Ultunesaren.<br>Elected 1957<\/p>\n\n\n\n<p><em>Aron BUDDHA Westerlund<\/em><br>Inspector of LHS from 1934-1949. Great friend of the students. Bequeathed Aron\u2019s House to the Union, as well as funds for the Comrade Scholarship.<br>Elected 1936<\/p>","protected":false},"excerpt":{"rendered":"<p>Inspektor Emil BALDER Sandstr\u00f6mBALDER \u00e4r inspektor p\u00e5 k\u00e5ren sedan 2025. Vi \u00e4r glada att BALDER vill engagera sig p\u00e5 Ultuna&hellip;<\/p>","protected":false},"author":3,"featured_media":0,"parent":241,"menu_order":0,"comment_status":"closed","ping_status":"closed","template":"","meta":{"footnotes":""},"class_list":["post-756","page","type-page","status-publish","hentry"],"_links":{"self":[{"href":"https:\/\/ultunastudentkar.se\/en\/wp-json\/wp\/v2\/pages\/756","targetHints":{"allow":["GET"]}}],"collection":[{"href":"https:\/\/ultunastudentkar.se\/en\/wp-json\/wp\/v2\/pages"}],"about":[{"href":"https:\/\/ultunastudentkar.se\/en\/wp-json\/wp\/v2\/types\/page"}],"author":[{"embeddable":true,"href":"https:\/\/ultunastudentkar.se\/en\/wp-json\/wp\/v2\/users\/3"}],"replies":[{"embeddable":true,"href":"https:\/\/ultunastudentkar.se\/en\/wp-json\/wp\/v2\/comments?post=756"}],"version-history":[{"count":13,"href":"https:\/\/ultunastudentkar.se\/en\/wp-json\/wp\/v2\/pages\/756\/revisions"}],"predecessor-version":[{"id":6413,"href":"https:\/\/ultunastudentkar.se\/en\/wp-json\/wp\/v2\/pages\/756\/revisions\/6413"}],"up":[{"embeddable":true,"href":"https:\/\/ultunastudentkar.se\/en\/wp-json\/wp\/v2\/pages\/241"}],"wp:attachment":[{"href":"https:\/\/ultunastudentkar.se\/en\/wp-json\/wp\/v2\/media?parent=756"}],"curies":[{"name":"wp","href":"https:\/\/api.w.org\/{rel}","templated":true}]}}