{"id":657,"date":"2016-07-01T09:44:22","date_gmt":"2016-07-01T09:44:22","guid":{"rendered":"http:\/\/uls.nu\/?page_id=657"},"modified":"2021-10-25T12:57:54","modified_gmt":"2021-10-25T10:57:54","slug":"ultuna-naringslivsdag-und","status":"publish","type":"page","link":"https:\/\/ultunastudentkar.se\/en\/naringslivskontakt\/ultuna-naringslivsdag-und\/","title":{"rendered":"Ultuna n\u00e4ringslivsdag &#8211; UND"},"content":{"rendered":"<h4 style=\"text-align: left;\">Fr\u00e5n och med 2021 har Ultuna N\u00e4ringslivsdag en egen webplats!<\/h4>\n<h4 style=\"text-align: left;\">Nedan finner du l\u00e4nken. V\u00e4lkommen!<\/h4>\n<h4 style=\"text-align: left;\"><a href=\"https:\/\/und.ultunastudentkar.se\/\">Ultuna N\u00e4ringslivsdag (ultunastudentkar.se)<\/a><\/h4>","protected":false},"excerpt":{"rendered":"<p>Fr\u00e5n och med 2021 har Ultuna N\u00e4ringslivsdag en egen webplats! Nedan finner du l\u00e4nken. V\u00e4lkommen! Ultuna N\u00e4ringslivsdag (ultunastudentkar.se)<\/p>","protected":false},"author":3,"featured_media":0,"parent":349,"menu_order":0,"comment_status":"closed","ping_status":"closed","template":"","meta":{"footnotes":""},"class_list":["post-657","page","type-page","status-publish","hentry"],"_links":{"self":[{"href":"https:\/\/ultunastudentkar.se\/en\/wp-json\/wp\/v2\/pages\/657","targetHints":{"allow":["GET"]}}],"collection":[{"href":"https:\/\/ultunastudentkar.se\/en\/wp-json\/wp\/v2\/pages"}],"about":[{"href":"https:\/\/ultunastudentkar.se\/en\/wp-json\/wp\/v2\/types\/page"}],"author":[{"embeddable":true,"href":"https:\/\/ultunastudentkar.se\/en\/wp-json\/wp\/v2\/users\/3"}],"replies":[{"embeddable":true,"href":"https:\/\/ultunastudentkar.se\/en\/wp-json\/wp\/v2\/comments?post=657"}],"version-history":[{"count":4,"href":"https:\/\/ultunastudentkar.se\/en\/wp-json\/wp\/v2\/pages\/657\/revisions"}],"predecessor-version":[{"id":3720,"href":"https:\/\/ultunastudentkar.se\/en\/wp-json\/wp\/v2\/pages\/657\/revisions\/3720"}],"up":[{"embeddable":true,"href":"https:\/\/ultunastudentkar.se\/en\/wp-json\/wp\/v2\/pages\/349"}],"wp:attachment":[{"href":"https:\/\/ultunastudentkar.se\/en\/wp-json\/wp\/v2\/media?parent=657"}],"curies":[{"name":"wp","href":"https:\/\/api.w.org\/{rel}","templated":true}]}}