{"id":5835,"date":"2025-04-24T14:26:38","date_gmt":"2025-04-24T12:26:38","guid":{"rendered":"https:\/\/ultunastudentkar.se\/?page_id=5835"},"modified":"2026-04-03T14:23:01","modified_gmt":"2026-04-03T12:23:01","slug":"uls-alumn","status":"publish","type":"page","link":"https:\/\/ultunastudentkar.se\/en\/uls-alumn-2\/uls-alumn\/","title":{"rendered":"ULS ALUMNUS"},"content":{"rendered":"<h3 class=\"wp-block-heading\">Welcome home, Ultunesare! <\/h3>\n\n\n\n<p>Whether it was just recently or several decades ago that you took your first steps through the doors of the Union House, you are always part of the ULS family. Here, we came together to share laughter, songs, traditions, and community\u2014memories that live on, just like the bonds between us.<br><br>Now we want to bring together all of you who have once worn the ULS emblem with pride. Through our alumni network, the goal is for you to have the opportunity to reconnect with old friends, inspire future volunteers, and help shape the next chapter in our shared history.<br><br>We look forward to seeing you again \u2014 at alumni gatherings, in projects or just for a cup of coffee at the K\u00e5rhuset. Welcome back to ULS \u2014 once an Ultunesare, always an Ultunesare!<\/p>\n\n\n\n<div class=\"wp-block-buttons is-layout-flex wp-block-buttons-is-layout-flex\">\n<div class=\"wp-block-button\"><a class=\"wp-block-button__link has-text-color has-background has-link-color wp-element-button\" href=\"https:\/\/ultunastudentkar.se\/en\/uls-alumn-2\/uls-alumn\/uls-alumn-anmalan\/\" style=\"color:#fffffff2;background-color:#17733e\">Join the network here <\/a><\/div>\n<\/div>\n\n\n\n<div style=\"height:10px\" aria-hidden=\"true\" class=\"wp-block-spacer\"><\/div>\n\n\n\n<h3 class=\"wp-block-heading\">Why join the alumni network?<\/h3>\n\n\n\n<p>Being part of ULS doesn\u2019t end after your time as a student. Through the alumni network, the community continues - with opportunities to take part in gatherings, support future generations, and keep the traditions we share alive. It\u2019s a simple way to both give back and get even more out of your time as an Ultunesare.<\/p>\n\n\n\n<ul class=\"wp-block-list\">\n<li>Participate in alumni gatherings <\/li>\n\n\n\n<li>Reconnect with old friends and make new ones <\/li>\n\n\n\n<li>Support Ultuna Student Union's future operations <\/li>\n\n\n\n<li>Receive information about anniversaries and ongoing projects <\/li>\n<\/ul>\n\n\n\n<h3 class=\"wp-block-heading\">Become a support member! <\/h3>\n\n\n\n<p>As a support member, you help strengthen ULS \u2014 both today and for the future. Your contribution helps us preserve traditions, organize events, and develop our activities. Even a small contribution makes a big difference!<\/p>\n\n\n\n<div class=\"wp-block-buttons is-layout-flex wp-block-buttons-is-layout-flex\">\n<div class=\"wp-block-button\"><a class=\"wp-block-button__link has-text-color has-background has-link-color has-text-align-center wp-element-button\" href=\"https:\/\/unicorestudent.com\/ULS\/en\/shop\" style=\"color:#ffffffed;background-color:#17733e\">Become a supportmember<\/a><\/div>\n<\/div>\n\n\n\n<div style=\"height:10px\" aria-hidden=\"true\" class=\"wp-block-spacer\"><\/div>\n\n\n\n<h3 class=\"wp-block-heading\">Upcoming projects <\/h3>\n\n\n\n<ul class=\"wp-block-list\">\n<li>100 year anniversary<\/li>\n\n\n\n<li>Renovation of the Union House before the 100 yeaer anniversary <\/li>\n\n\n\n<li>Renovation of Aron's House<\/li>\n\n\n\n<li>New songbook <\/li>\n<\/ul>\n\n\n\n<h3 class=\"wp-block-heading\">Gatherings &amp; Events <\/h3>\n\n\n\n<p>Keep track of our events and alumni gatherings<\/p>\n\n\n\n<div class=\"wp-block-buttons is-layout-flex wp-block-buttons-is-layout-flex\">\n<div class=\"wp-block-button is-style-fill\"><a class=\"wp-block-button__link has-text-color has-background has-link-color has-text-align-center wp-element-button\" href=\"https:\/\/ultunastudentkar.se\/en\/events\/\" style=\"color:#ffffffed;background-color:#17733e\">See calendar <\/a><\/div>\n<\/div>\n\n\n\n<div style=\"height:10px\" aria-hidden=\"true\" class=\"wp-block-spacer\"><\/div>\n\n\n\n<h3 class=\"wp-block-heading\">Contact<\/h3>\n\n\n\n<p>Do you want to get in touch with us? Do you have questions or ideas? Feel free to reach out!<br>Mail: uls_webb@stud.slu.se<br>Follow us on Instagram and Facebook <\/p>","protected":false},"excerpt":{"rendered":"<p>V\u00e4lkommen hem, Ultunesare! Oavsett om det var nyss eller f\u00f6r flera decennier sedan du tog dina f\u00f6rsta steg genom K\u00e5rhusets&hellip;<\/p>","protected":false},"author":5,"featured_media":0,"parent":5860,"menu_order":0,"comment_status":"closed","ping_status":"closed","template":"","meta":{"footnotes":""},"class_list":["post-5835","page","type-page","status-publish","hentry"],"_links":{"self":[{"href":"https:\/\/ultunastudentkar.se\/en\/wp-json\/wp\/v2\/pages\/5835","targetHints":{"allow":["GET"]}}],"collection":[{"href":"https:\/\/ultunastudentkar.se\/en\/wp-json\/wp\/v2\/pages"}],"about":[{"href":"https:\/\/ultunastudentkar.se\/en\/wp-json\/wp\/v2\/types\/page"}],"author":[{"embeddable":true,"href":"https:\/\/ultunastudentkar.se\/en\/wp-json\/wp\/v2\/users\/5"}],"replies":[{"embeddable":true,"href":"https:\/\/ultunastudentkar.se\/en\/wp-json\/wp\/v2\/comments?post=5835"}],"version-history":[{"count":19,"href":"https:\/\/ultunastudentkar.se\/en\/wp-json\/wp\/v2\/pages\/5835\/revisions"}],"predecessor-version":[{"id":6422,"href":"https:\/\/ultunastudentkar.se\/en\/wp-json\/wp\/v2\/pages\/5835\/revisions\/6422"}],"up":[{"embeddable":true,"href":"https:\/\/ultunastudentkar.se\/en\/wp-json\/wp\/v2\/pages\/5860"}],"wp:attachment":[{"href":"https:\/\/ultunastudentkar.se\/en\/wp-json\/wp\/v2\/media?parent=5835"}],"curies":[{"name":"wp","href":"https:\/\/api.w.org\/{rel}","templated":true}]}}