{"id":582,"date":"2016-06-27T09:46:36","date_gmt":"2016-06-27T09:46:36","guid":{"rendered":"http:\/\/uls.nu\/?page_id=582"},"modified":"2024-08-26T16:28:29","modified_gmt":"2024-08-26T14:28:29","slug":"vad-ar-uls","status":"publish","type":"page","link":"https:\/\/ultunastudentkar.se\/en\/om-uls-2\/vad-ar-uls\/","title":{"rendered":"What is ULS?"},"content":{"rendered":"<div class=\"wp-block-columns is-layout-flex wp-container-core-columns-is-layout-9d6595d7 wp-block-columns-is-layout-flex\">\n<div class=\"wp-block-column is-layout-flow wp-block-column-is-layout-flow\" style=\"flex-basis:33.33%\">\n<figure class=\"wp-block-image size-large\"><img loading=\"lazy\" decoding=\"async\" width=\"695\" height=\"1024\" src=\"https:\/\/ultunastudentkar.se\/wp-content\/uploads\/2024\/08\/ULS-logga_vektoriserad_svart-1-695x1024.png\" alt=\"\" class=\"wp-image-4844\" srcset=\"https:\/\/ultunastudentkar.se\/wp-content\/uploads\/2024\/08\/ULS-logga_vektoriserad_svart-1-695x1024.png 695w, https:\/\/ultunastudentkar.se\/wp-content\/uploads\/2024\/08\/ULS-logga_vektoriserad_svart-1-204x300.png 204w, https:\/\/ultunastudentkar.se\/wp-content\/uploads\/2024\/08\/ULS-logga_vektoriserad_svart-1-768x1131.png 768w, https:\/\/ultunastudentkar.se\/wp-content\/uploads\/2024\/08\/ULS-logga_vektoriserad_svart-1-1043x1536.png 1043w, https:\/\/ultunastudentkar.se\/wp-content\/uploads\/2024\/08\/ULS-logga_vektoriserad_svart-1-8x12.png 8w, https:\/\/ultunastudentkar.se\/wp-content\/uploads\/2024\/08\/ULS-logga_vektoriserad_svart-1.png 1304w\" sizes=\"auto, (max-width: 695px) 100vw, 695px\" \/><\/figure>\n<\/div>\n\n\n\n<div class=\"wp-block-column is-layout-flow wp-block-column-is-layout-flow\" style=\"flex-basis:66.66%\">\n<h3 class=\"wp-block-heading\"><strong>Ultuna Student Union<\/strong><\/h3>\n\n\n\n<p>Ultuna Student Union is the union for all students at the Faculty of Natural Resources and Agricultural Sciences (NJ), some students at the Faculty of Veterinary Medicine and Animal Science (VH), some students at the Faculty of Landscape Architecture, Horticulture and Crop Production Science (LTV), and some students at the Faculty of Forest Sciences (S). Veterinary students and veterinary nursing students have their own union: the Veterinary Medical Association (VMF).<\/p>\n\n\n\n<p>As a new program student, you will learn more about registration during the introductory 'minion weeks'.<\/p>\n<\/div>\n<\/div>\n\n\n\n<h3 class=\"wp-block-heading\"><strong>Life at the Union House<\/strong><\/h3>\n\n\n\n<p>The union house is the union's hub. Here, the union board and several of the committees have their offices. There is also a library, meeting rooms, a bar, and a dance floor. During the day, everyone has the opportunity to heat up and eat their lunch here. The union house is an excellent place to hang out if you want to meet new people. There is often a flurry of activity in the building.<\/p>\n\n\n\n<p>In the afternoons and evenings, the union house is often filled with activities. The study councils have meetings, Ultunesaren works on the newspaper, the choirs rehearse in the dance area, FiQ serves coffee and pastries, and BastU enjoys the sauna. This is just a small sample of everything that\u2019s happening!<\/p>\n\n\n\n<h3 class=\"wp-block-heading\"><strong>Student union involvement<\/strong><\/h3>\n\n\n\n<p>As mentioned, the union's activities are built around three areas: academic monitoring, student social issues, and business and global affairs. So, it\u2019s a broad field, and there\u2019s something for everyone. Take the opportunity to get involved during your studies for new experiences, knowledge, and connections \u2013 It will give you memories and friends for life!<\/p>\n\n\n\n<h3 class=\"wp-block-heading\"><strong>Organisation<\/strong><\/h3>\n\n\n\n<p>The highest decision-making body is the union meeting. Five regular union meetings are held each year where major issues are decided and union elections (elections for various positions within the union) are held. The union board is the highest executive body of the union. The board consists of 9 positions, of which 3 are full-time positions at the union.&nbsp;<\/p>\n\n\n\n<div class=\"wp-block-columns is-layout-flex wp-container-core-columns-is-layout-9d6595d7 wp-block-columns-is-layout-flex\">\n<div class=\"wp-block-column is-layout-flow wp-block-column-is-layout-flow\" style=\"flex-basis:33.33%\"><\/div>\n\n\n\n<div class=\"wp-block-column is-layout-flow wp-block-column-is-layout-flow\" style=\"flex-basis:66.66%\"><\/div>\n<\/div>","protected":false},"excerpt":{"rendered":"<p>Ultuna Studentk\u00e5r Ultuna Studentk\u00e5r \u00e4r K\u00e5ren f\u00f6r alla studenter vid Fakulteten f\u00f6r naturresurser och jordbruksvetenskap (NJ), vissa studenter vid Fakulteten&hellip;<\/p>","protected":false},"author":3,"featured_media":0,"parent":241,"menu_order":0,"comment_status":"closed","ping_status":"closed","template":"","meta":{"footnotes":""},"class_list":["post-582","page","type-page","status-publish","hentry"],"_links":{"self":[{"href":"https:\/\/ultunastudentkar.se\/en\/wp-json\/wp\/v2\/pages\/582","targetHints":{"allow":["GET"]}}],"collection":[{"href":"https:\/\/ultunastudentkar.se\/en\/wp-json\/wp\/v2\/pages"}],"about":[{"href":"https:\/\/ultunastudentkar.se\/en\/wp-json\/wp\/v2\/types\/page"}],"author":[{"embeddable":true,"href":"https:\/\/ultunastudentkar.se\/en\/wp-json\/wp\/v2\/users\/3"}],"replies":[{"embeddable":true,"href":"https:\/\/ultunastudentkar.se\/en\/wp-json\/wp\/v2\/comments?post=582"}],"version-history":[{"count":3,"href":"https:\/\/ultunastudentkar.se\/en\/wp-json\/wp\/v2\/pages\/582\/revisions"}],"predecessor-version":[{"id":4846,"href":"https:\/\/ultunastudentkar.se\/en\/wp-json\/wp\/v2\/pages\/582\/revisions\/4846"}],"up":[{"embeddable":true,"href":"https:\/\/ultunastudentkar.se\/en\/wp-json\/wp\/v2\/pages\/241"}],"wp:attachment":[{"href":"https:\/\/ultunastudentkar.se\/en\/wp-json\/wp\/v2\/media?parent=582"}],"curies":[{"name":"wp","href":"https:\/\/api.w.org\/{rel}","templated":true}]}}