{"id":512,"date":"2016-06-21T10:14:57","date_gmt":"2016-06-21T10:14:57","guid":{"rendered":"http:\/\/uls.nu\/?page_id=512"},"modified":"2024-08-21T14:18:43","modified_gmt":"2024-08-21T12:18:43","slug":"stodmedlemskap","status":"publish","type":"page","link":"https:\/\/ultunastudentkar.se\/en\/bli-medlem\/stodmedlemskap\/","title":{"rendered":"Support membership"},"content":{"rendered":"<p><\/p>\n\n\n\n<h3 class=\"wp-block-heading\">Not a student but interested in supporting the Union?<\/h3>\n\n\n\n<p>To stay connected with Ultuna Student Union while supporting the work that the Union\u2019s officers voluntarily dedicate their time to, we warmly welcome You as a supporting member. You can also choose to become a supporting member before starting your studies at SLU if you want to enjoy the benefits that come with membership. You will receive a subscription to Ultunesaren, and the Union gains invaluable support and a link out into the wider world!<\/p>\n\n\n\n<p>The supporting membership costs 250 kr\/semester and, like the students\u2019 membership fees, goes directly to the heart of the Union's important work!<\/p>\n\n\n\n<p>Thank you for choosing to actively show your support!<\/p>\n\n\n\n<h3 class=\"wp-block-heading has-text-color has-link-color wp-elements-cb74d00fe154e477a7895e51984fd4f4\" style=\"color:#17733e\"><strong><a href=\"https:\/\/unicorestudent.com\/ULS\/en\/shop\">BECOME A SUPPORT MEMBER<\/a><\/strong><\/h3>\n\n\n\n<p><strong>Here you can sign up to become a support member<\/strong><\/p>","protected":false},"excerpt":{"rendered":"<p>Inte student men vill st\u00f6tta K\u00e5rens verksamhet? F\u00f6r att beh\u00e5lla kontakten med Ultuna studentk\u00e5r och samtidigt st\u00f6dja det arbete som&hellip;<\/p>","protected":false},"author":3,"featured_media":0,"parent":231,"menu_order":0,"comment_status":"closed","ping_status":"closed","template":"","meta":{"footnotes":""},"class_list":["post-512","page","type-page","status-publish","hentry"],"_links":{"self":[{"href":"https:\/\/ultunastudentkar.se\/en\/wp-json\/wp\/v2\/pages\/512","targetHints":{"allow":["GET"]}}],"collection":[{"href":"https:\/\/ultunastudentkar.se\/en\/wp-json\/wp\/v2\/pages"}],"about":[{"href":"https:\/\/ultunastudentkar.se\/en\/wp-json\/wp\/v2\/types\/page"}],"author":[{"embeddable":true,"href":"https:\/\/ultunastudentkar.se\/en\/wp-json\/wp\/v2\/users\/3"}],"replies":[{"embeddable":true,"href":"https:\/\/ultunastudentkar.se\/en\/wp-json\/wp\/v2\/comments?post=512"}],"version-history":[{"count":5,"href":"https:\/\/ultunastudentkar.se\/en\/wp-json\/wp\/v2\/pages\/512\/revisions"}],"predecessor-version":[{"id":4573,"href":"https:\/\/ultunastudentkar.se\/en\/wp-json\/wp\/v2\/pages\/512\/revisions\/4573"}],"up":[{"embeddable":true,"href":"https:\/\/ultunastudentkar.se\/en\/wp-json\/wp\/v2\/pages\/231"}],"wp:attachment":[{"href":"https:\/\/ultunastudentkar.se\/en\/wp-json\/wp\/v2\/media?parent=512"}],"curies":[{"name":"wp","href":"https:\/\/api.w.org\/{rel}","templated":true}]}}