{"id":453,"date":"2016-06-20T15:34:33","date_gmt":"2016-06-20T13:34:33","guid":{"rendered":"http:\/\/uls.nu\/?page_id=453"},"modified":"2026-04-03T16:49:16","modified_gmt":"2026-04-03T14:49:16","slug":"stipendier","status":"publish","type":"page","link":"https:\/\/ultunastudentkar.se\/en\/studiesocialt\/stipendier\/","title":{"rendered":"Scholarships"},"content":{"rendered":"<p><\/p>\n\n\n\n<h3 class=\"wp-block-heading\"><strong>About Scholarships<\/strong><\/h3>\n\n\n\n<p>As a student at Ultuna, there are many scholarships you can apply for throughout the year. Some scholarships are directly linked to our student union in some way, while others are entirely external.<\/p>\n\n\n\n<p>On this page, you can find all current scholarships submitted to the Union, with the application deadline shown in parentheses. Some scholarships have more than one application period.<\/p>\n\n\n\n<p>Do you have questions or want to apply for a scholarship?<br><strong>Contact the secretary of the Ultuna Student Union Board.<\/strong><br>Mail: <a href=\"mailto:uls_sekr@stud.slu.se\" target=\"_blank\" rel=\"noreferrer noopener\">uls_sekr@stud.slu.se<\/a><\/p>\n\n\n\n<h3 class=\"wp-block-heading\"><strong>Union Scholarships<\/strong><\/h3>\n\n\n\n<p><a href=\"https:\/\/ultunastudentkar.se\/wp-content\/uploads\/2023\/10\/LHS-stipendium-for-behovande-info-till-sokande-Svenska-2023.docx\" target=\"_blank\" rel=\"noreferrer noopener\">LHS Stipendium f\u00f6r beh\u00f6vande<\/a> (March 15)<br><a href=\"https:\/\/ultunastudentkar.se\/wp-content\/uploads\/2023\/10\/LHS-stipendium-for-behovande-info-till-sokande-engelska-2023.docx\" target=\"_blank\" rel=\"noreferrer noopener\">LHS Sholarship for people in need<\/a> (March 15)<\/p>\n\n\n\n<p><a href=\"https:\/\/ultunastudentkar.se\/wp-content\/uploads\/2023\/10\/Karl-Fredrik-Sva\u0308rdstro\u0308ms-sa\u030angarstipendium-2023.docx\">Karl-Fredrik Sv\u00e4rdstr\u00f6ms s\u00e5ngarstipendium<\/a> (April15)<\/p>\n\n\n\n<p><a href=\"https:\/\/ultunastudentkar.se\/wp-content\/uploads\/2026\/01\/Lantmannen-och-ULS-stipendium-2026-webb.pdf\" target=\"_blank\" rel=\"noreferrer noopener\">Lantm\u00e4nnen och ULS Fr\u00e5n Jord till Bord-stipendium&nbsp;<\/a>(April 29)<\/p>\n\n\n\n<p><a href=\"http:\/\/ultunastudentkar.se\/wp-content\/uploads\/2019\/09\/ULS-pedagogiska-pris-2019.pdf\" target=\"_blank\" rel=\"noreferrer noopener\">ULS Pedagogiska Pris<\/a> (October 10)<\/p>\n\n\n\n<p><a href=\"https:\/\/ultunastudentkar.se\/wp-content\/uploads\/2023\/10\/Aron-Westerlunds-kamratstipendium-2023.docx\" target=\"_blank\" rel=\"noreferrer noopener\">Aron Westerlunds kamratstipendium<\/a> (November 1)<\/p>\n\n\n\n<p>PO Lindgrens k\u00e5rm\u00f6testipendium (appointed by the ULS Board)<\/p>\n\n\n\n<h4 class=\"wp-block-heading\"><strong>You haven\u2019t missed that SLU also offers scholarships, have you?<\/strong><\/h4>\n\n\n\n<p><a href=\"https:\/\/www.slu.se\/en\/student-web\/sudent-life\/scholarships\/\" target=\"_blank\" rel=\"noreferrer noopener\">Here you can find scholarships from all of SLU's faculties<\/a><\/p>","protected":false},"excerpt":{"rendered":"<p>Om stipendier Som student vid Ultuna finns det m\u00e5nga stipendier man kan s\u00f6ka l\u00f6pande under \u00e5ret. Vissa stipendier \u00e4r direkt&hellip;<\/p>","protected":false},"author":3,"featured_media":0,"parent":222,"menu_order":0,"comment_status":"closed","ping_status":"closed","template":"","meta":{"footnotes":""},"class_list":["post-453","page","type-page","status-publish","hentry"],"_links":{"self":[{"href":"https:\/\/ultunastudentkar.se\/en\/wp-json\/wp\/v2\/pages\/453","targetHints":{"allow":["GET"]}}],"collection":[{"href":"https:\/\/ultunastudentkar.se\/en\/wp-json\/wp\/v2\/pages"}],"about":[{"href":"https:\/\/ultunastudentkar.se\/en\/wp-json\/wp\/v2\/types\/page"}],"author":[{"embeddable":true,"href":"https:\/\/ultunastudentkar.se\/en\/wp-json\/wp\/v2\/users\/3"}],"replies":[{"embeddable":true,"href":"https:\/\/ultunastudentkar.se\/en\/wp-json\/wp\/v2\/comments?post=453"}],"version-history":[{"count":16,"href":"https:\/\/ultunastudentkar.se\/en\/wp-json\/wp\/v2\/pages\/453\/revisions"}],"predecessor-version":[{"id":6435,"href":"https:\/\/ultunastudentkar.se\/en\/wp-json\/wp\/v2\/pages\/453\/revisions\/6435"}],"up":[{"embeddable":true,"href":"https:\/\/ultunastudentkar.se\/en\/wp-json\/wp\/v2\/pages\/222"}],"wp:attachment":[{"href":"https:\/\/ultunastudentkar.se\/en\/wp-json\/wp\/v2\/media?parent=453"}],"curies":[{"name":"wp","href":"https:\/\/api.w.org\/{rel}","templated":true}]}}