{"id":4464,"date":"2024-04-13T10:48:44","date_gmt":"2024-04-13T08:48:44","guid":{"rendered":"https:\/\/ultunastudentkar.se\/?page_id=4464"},"modified":"2024-04-13T10:50:32","modified_gmt":"2024-04-13T08:50:32","slug":"visste-du","status":"publish","type":"page","link":"https:\/\/ultunastudentkar.se\/en\/visste-du\/","title":{"rendered":"Visste du?"},"content":{"rendered":"<p>&nbsp;Att alla studier\u00e5d har en studiesocialrepresentant. Det inneb\u00e4r att det g\u00e5r bra att h\u00f6ra av dig till ditt studier\u00e5d om du har tankar om den studiesociala milj\u00f6n p\u00e5 din utbildning. Studier\u00e5dens studiesociala representanter sammanstr\u00e5lar p\u00e5 m\u00f6ten d\u00e4r bland annat studiesocialt ansvarig och studerandeskyddsombud \u00e4r med. Om du vill h\u00f6ra av dig direkt till k\u00e5rens ansvarige f\u00f6r studiesociala fr\u00e5gor eller k\u00e5rens studerandeskyddsombud g\u00e5r det ocks\u00e5 bra.&nbsp;<\/p>\n\n\n\n<h4 class=\"wp-block-heading\">&nbsp;Kontaktuppgifter:&nbsp;<\/h4>\n\n\n\n<p>\u00a0Studiesocialt ansvarig: <a href=\"mailto:uls_soc@stud.slu.se\" target=\"_blank\" rel=\"noreferrer noopener\">uls_soc@stud.slu.se<\/a>\u00a0<\/p>\n\n\n\n<p>Studerandeskyddsombud: <a href=\"mailto:uls_skydd@stud.slu.se\" target=\"_blank\" rel=\"noreferrer noopener\">uls_skydd@stud.slu.se<\/a>\u00a0<\/p>\n\n\n\n<p>Biologi- och mark\/v\u00e4xtr\u00e5det (BiOM): <a href=\"mailto:uls_biom@stud.slu.se\" target=\"_blank\" rel=\"noreferrer noopener\">uls_biom@stud.slu.se<\/a>\u00a0<\/p>\n\n\n\n<p>Livsmedelsr\u00e5det (BioLivs): <a href=\"mailto:uls_biolivs@stud.slu.se\" target=\"_blank\" rel=\"noreferrer noopener\">uls_biolivs@stud.slu.se<\/a>\u00a0<\/p>\n\n\n\n<p>Husdjursr\u00e5det: <a href=\"mailto:uls_djur@stud.slu.se\" target=\"_blank\" rel=\"noreferrer noopener\">uls_djur@stud.slu.se<\/a>\u00a0<\/p>\n\n\n\n<p>Ekonomr\u00e5det: <a href=\"mailto:uls_ekonom@stud.slu.se\" target=\"_blank\" rel=\"noreferrer noopener\">uls_ekonom@stud.slu.se<\/a>\u00a0<\/p>\n\n\n\n<p>Landsbygdsutvecklingsr\u00e5det (LBU): <a href=\"mailto:uls_lbu@stud.slu.se\" target=\"_blank\" rel=\"noreferrer noopener\">uls_lbu@stud.slu.se<\/a>\u00a0<\/p>\n\n\n\n<p>Landskapsr\u00e5det: <a href=\"mailto:uls_land@stud.slu.se\" target=\"_blank\" rel=\"noreferrer noopener\">uls_land@stud.slu.se<\/a>\u00a0<\/p>\n\n\n\n<p>Skogsr\u00e5det: <a href=\"mailto:uls_skog@stud.slu.se\" target=\"_blank\" rel=\"noreferrer noopener\">uls_skog@stud.slu.se<\/a>\u00a0<\/p>","protected":false},"excerpt":{"rendered":"<p>&nbsp;Att alla studier\u00e5d har en studiesocialrepresentant. Det inneb\u00e4r att det g\u00e5r bra att h\u00f6ra av dig till ditt studier\u00e5d om&hellip;<\/p>","protected":false},"author":5,"featured_media":0,"parent":0,"menu_order":0,"comment_status":"closed","ping_status":"closed","template":"","meta":{"footnotes":""},"class_list":["post-4464","page","type-page","status-publish","hentry"],"_links":{"self":[{"href":"https:\/\/ultunastudentkar.se\/en\/wp-json\/wp\/v2\/pages\/4464","targetHints":{"allow":["GET"]}}],"collection":[{"href":"https:\/\/ultunastudentkar.se\/en\/wp-json\/wp\/v2\/pages"}],"about":[{"href":"https:\/\/ultunastudentkar.se\/en\/wp-json\/wp\/v2\/types\/page"}],"author":[{"embeddable":true,"href":"https:\/\/ultunastudentkar.se\/en\/wp-json\/wp\/v2\/users\/5"}],"replies":[{"embeddable":true,"href":"https:\/\/ultunastudentkar.se\/en\/wp-json\/wp\/v2\/comments?post=4464"}],"version-history":[{"count":2,"href":"https:\/\/ultunastudentkar.se\/en\/wp-json\/wp\/v2\/pages\/4464\/revisions"}],"predecessor-version":[{"id":4467,"href":"https:\/\/ultunastudentkar.se\/en\/wp-json\/wp\/v2\/pages\/4464\/revisions\/4467"}],"wp:attachment":[{"href":"https:\/\/ultunastudentkar.se\/en\/wp-json\/wp\/v2\/media?parent=4464"}],"curies":[{"name":"wp","href":"https:\/\/api.w.org\/{rel}","templated":true}]}}