{"id":429,"date":"2016-06-20T10:40:57","date_gmt":"2016-06-20T10:40:57","guid":{"rendered":"http:\/\/uls.nu\/?page_id=429"},"modified":"2026-04-03T15:24:10","modified_gmt":"2026-04-03T13:24:10","slug":"for-studenter","status":"publish","type":"page","link":"https:\/\/ultunastudentkar.se\/en\/hyr-av-oss\/hyra-karhuset\/for-studenter\/","title":{"rendered":"For members"},"content":{"rendered":"<div class=\"wp-block-columns is-layout-flex wp-container-core-columns-is-layout-9d6595d7 wp-block-columns-is-layout-flex\">\n<div class=\"wp-block-column is-layout-flow wp-block-column-is-layout-flow\" style=\"flex-basis:66.66%\">\n<h3 class=\"wp-block-heading\">Member of the Union and looking for a party venue?<\/h3>\n\n\n\n<p>If you are a student and an SLUSS member, you can rent the K\u00e5rhuset for, for example, your 25th birthday party at a very favorable price! The venue can accommodate up to 300 people for mingling and up to 130 seated.<\/p>\n\n\n\n<h4 class=\"wp-block-heading\">Food and drinks<\/h4>\n\n\n\n<p>The venue has a liquor license and is allowed to serve alcohol every day from 11:00 to 02:00. We offer a wide range of both alcoholic and non-alcoholic beverages at very favorable prices. Due to the liquor license, bringing your own alcoholic beverages into the venue is not permitted.<\/p>\n\n\n\n<p>You order catering yourself, but we can help with recommendations. The venue has a prep kitchen, which is included in the basic rental fee.<\/p>\n\n\n\n<h4 class=\"wp-block-heading\">Prices<\/h4>\n\n\n\n<p>Base Rental: 5,000 SEK<br>Access to the venue the day before: 500 SEK<br>Sound and lighting: 1,200 SEK<br>Consumables: as agreed<\/p>\n\n\n\n<p><em>The base rental includes access to crockery, tables, and chairs.<\/em><\/p>\n\n\n\n<p>Cleaning is billed as 1 hour of work for the staff you hire for the evening.<\/p>\n\n\n\n<h4 class=\"wp-block-heading\">Staff Pricing<\/h4>\n\n\n\n<p>License holder: 350 SEK\/hour<br>DJ: 220 SEK\/hour<br>Other staff: 220 SEK\/hour<\/p>\n<\/div>\n\n\n\n<div class=\"wp-block-column is-layout-flow wp-block-column-is-layout-flow\" style=\"flex-basis:33.33%\">\n<h3 class=\"wp-block-heading\">Book the Union House?<br><\/h3>\n\n\n\n<p>To make a booking, view the venue or if you have any questions or concerns,<br>Contact:<\/p>\n\n\n\n<p>Union House Master<br>M\u00e5ns RIM SHADY Mosca<br>076-115 32 07<br>uls_khm@stud.slu.se<\/p>\n<\/div>\n<\/div>\n\n\n\n<p><\/p>","protected":false},"excerpt":{"rendered":"<p>Medlem i K\u00e5ren och s\u00f6ker festlokal? Om du \u00e4r student och SLUSS medlem kan du hyra k\u00e5ren f\u00f6r t.ex. din&hellip;<\/p>","protected":false},"author":3,"featured_media":0,"parent":307,"menu_order":0,"comment_status":"closed","ping_status":"closed","template":"","meta":{"footnotes":""},"class_list":["post-429","page","type-page","status-publish","hentry"],"_links":{"self":[{"href":"https:\/\/ultunastudentkar.se\/en\/wp-json\/wp\/v2\/pages\/429","targetHints":{"allow":["GET"]}}],"collection":[{"href":"https:\/\/ultunastudentkar.se\/en\/wp-json\/wp\/v2\/pages"}],"about":[{"href":"https:\/\/ultunastudentkar.se\/en\/wp-json\/wp\/v2\/types\/page"}],"author":[{"embeddable":true,"href":"https:\/\/ultunastudentkar.se\/en\/wp-json\/wp\/v2\/users\/3"}],"replies":[{"embeddable":true,"href":"https:\/\/ultunastudentkar.se\/en\/wp-json\/wp\/v2\/comments?post=429"}],"version-history":[{"count":19,"href":"https:\/\/ultunastudentkar.se\/en\/wp-json\/wp\/v2\/pages\/429\/revisions"}],"predecessor-version":[{"id":6431,"href":"https:\/\/ultunastudentkar.se\/en\/wp-json\/wp\/v2\/pages\/429\/revisions\/6431"}],"up":[{"embeddable":true,"href":"https:\/\/ultunastudentkar.se\/en\/wp-json\/wp\/v2\/pages\/307"}],"wp:attachment":[{"href":"https:\/\/ultunastudentkar.se\/en\/wp-json\/wp\/v2\/media?parent=429"}],"curies":[{"name":"wp","href":"https:\/\/api.w.org\/{rel}","templated":true}]}}