{"id":427,"date":"2016-06-20T10:40:17","date_gmt":"2016-06-20T10:40:17","guid":{"rendered":"http:\/\/uls.nu\/?page_id=427"},"modified":"2026-04-03T15:23:48","modified_gmt":"2026-04-03T13:23:48","slug":"disputationspaketet","status":"publish","type":"page","link":"https:\/\/ultunastudentkar.se\/en\/hyr-av-oss\/hyra-karhuset\/disputationspaketet\/","title":{"rendered":"PhD defense package"},"content":{"rendered":"<div class=\"wp-block-columns is-layout-flex wp-container-core-columns-is-layout-9d6595d7 wp-block-columns-is-layout-flex\">\n<div class=\"wp-block-column is-layout-flow wp-block-column-is-layout-flow\" style=\"flex-basis:66.66%\">\n<h4 class=\"wp-block-heading\">Time for a PhD Defense Celebration?<\/h4>\n\n\n\n<p>When you defend your doctoral thesis, the Union venue is perfect for your celebration. The venue is very flexible and can accommodate everything from mingling to a three-course dinner with dancing afterward. The space can hold up to 300 people for mingling and up to 130 seated.<\/p>\n\n\n\n<h4 class=\"wp-block-heading\">Food and drinks<\/h4>\n\n\n\n<p>The venue has a liquor license and is allowed to serve alcohol every day from 11:00 to 02:00. We offer a wide range of both alcoholic and non-alcoholic beverages at very favorable prices. Due to the liquor license, bringing your own alcoholic beverages into the venue is not permitted.<\/p>\n\n\n\n<p>You order catering yourself, but we can help with recommendations. The venue has a prep kitchen, which is included in the basic rental fee.<\/p>\n\n\n\n<h4 class=\"wp-block-heading\">Prices<\/h4>\n\n\n\n<p><strong>Base Rental 5,000 SEK<br>Access to the venue the day before 500 SEK<\/strong><br>This cost covers access to the venue between 9:00 and 16:00. Any time beyond this will be charged at an hourly rate. This option can be chosen, for example, for table setup.<br><strong>Sound, lighting &amp; technical equipment:1,200 SEK<br>Consumables: as agreed<\/strong><\/p>\n\n\n\n<p><em>The base rental includes access to crockery, tables, and chairs.<\/em><\/p>\n\n\n\n<p>Cleaning is billed as 1 hour of work for the staff you hire for the evening.<\/p>\n\n\n\n<h4 class=\"wp-block-heading\">Staff Pricing<\/h4>\n\n\n\n<p><strong>License holder: 350 SEK\/hour<br>DJ: 220 SEK\/hour<br>Other staff: 220 SEK\/hour<\/strong><\/p>\n<\/div>\n\n\n\n<div class=\"wp-block-column is-layout-flow wp-block-column-is-layout-flow\" style=\"flex-basis:33.33%\">\n<h3 class=\"wp-block-heading\">Book the Union House?<\/h3>\n\n\n\n<p>To make a booking, view the venue or if you have any questions or concerns,<br>Contact:<\/p>\n\n\n\n<p>Union House Master<br>M\u00e5ns RIM SHADY Mosca<br>076-115 32 07<br>uls_khm@stud.slu.se<\/p>\n<\/div>\n<\/div>\n\n\n\n<p><\/p>","protected":false},"excerpt":{"rendered":"<p>Dags f\u00f6r disputationsfest? N\u00e4r du som doktorand disputerar \u00e4r k\u00e5rlokalen perfekt f\u00f6r din disputationsfest. Lokalen \u00e4r v\u00e4ldigt flexibel och man&hellip;<\/p>","protected":false},"author":3,"featured_media":0,"parent":307,"menu_order":0,"comment_status":"closed","ping_status":"closed","template":"","meta":{"footnotes":""},"class_list":["post-427","page","type-page","status-publish","hentry"],"_links":{"self":[{"href":"https:\/\/ultunastudentkar.se\/en\/wp-json\/wp\/v2\/pages\/427","targetHints":{"allow":["GET"]}}],"collection":[{"href":"https:\/\/ultunastudentkar.se\/en\/wp-json\/wp\/v2\/pages"}],"about":[{"href":"https:\/\/ultunastudentkar.se\/en\/wp-json\/wp\/v2\/types\/page"}],"author":[{"embeddable":true,"href":"https:\/\/ultunastudentkar.se\/en\/wp-json\/wp\/v2\/users\/3"}],"replies":[{"embeddable":true,"href":"https:\/\/ultunastudentkar.se\/en\/wp-json\/wp\/v2\/comments?post=427"}],"version-history":[{"count":17,"href":"https:\/\/ultunastudentkar.se\/en\/wp-json\/wp\/v2\/pages\/427\/revisions"}],"predecessor-version":[{"id":6430,"href":"https:\/\/ultunastudentkar.se\/en\/wp-json\/wp\/v2\/pages\/427\/revisions\/6430"}],"up":[{"embeddable":true,"href":"https:\/\/ultunastudentkar.se\/en\/wp-json\/wp\/v2\/pages\/307"}],"wp:attachment":[{"href":"https:\/\/ultunastudentkar.se\/en\/wp-json\/wp\/v2\/media?parent=427"}],"curies":[{"name":"wp","href":"https:\/\/api.w.org\/{rel}","templated":true}]}}