{"id":423,"date":"2016-06-20T10:39:39","date_gmt":"2016-06-20T10:39:39","guid":{"rendered":"http:\/\/uls.nu\/?page_id=423"},"modified":"2026-04-03T15:24:29","modified_gmt":"2026-04-03T13:24:29","slug":"brollop","status":"publish","type":"page","link":"https:\/\/ultunastudentkar.se\/en\/hyr-av-oss\/hyra-karhuset\/brollop\/","title":{"rendered":"Weddings, parties, and anniversaries"},"content":{"rendered":"<div class=\"wp-block-columns is-layout-flex wp-container-core-columns-is-layout-9d6595d7 wp-block-columns-is-layout-flex\">\n<div class=\"wp-block-column is-layout-flow wp-block-column-is-layout-flow\" style=\"flex-basis:66.66%\">\n<h4 class=\"wp-block-heading\">Weddings, parties, and anniversaries in the Union House<\/h4>\n\n\n\n<p>The Union House is part of the historic old section of Ultuna and, before the renovation, was one of SLU\u2019s stable buildings for research activities, traces of which can still be seen today. The venue can accommodate up to 130 seated guests and is the perfect option for those who want to create their own concept.<\/p>\n\n\n\n<h4 class=\"wp-block-heading\">Food and drinks<\/h4>\n\n\n\n<p>The venue has a liquor license and is allowed to serve alcohol every day from 11:00 to 02:00. We offer a wide range of both alcoholic and non-alcoholic beverages at very favorable prices. Due to the liquor license, bringing your own alcoholic beverages into the venue is not permitted.<\/p>\n\n\n\n<p>You order catering yourself, but we can help with recommendations. The venue has a prep kitchen, which is included in the basic rental fee.<\/p>\n\n\n\n<h4 class=\"wp-block-heading\">Staff Pricing<\/h4>\n\n\n\n<p><strong>License holder: 350 SEK\/hour<\/strong><br>M\u00e5ste anst\u00e4llas vid alkoholservering. Jobbar som ledare av serveringspersonalen.<br><strong>Serving staff: 220 SEK\/hour<\/strong><br>The number of staff depends on the setup and number of guests.<br><strong>Prep and cleaning + hourly wage<\/strong><br>If you wish for prep and cleaning by the staff according to agreement, an hourly wage applies.<br><strong>DJ: 220 SEK\/hour<\/strong><br>Want to make the party more fun with great music? We have students from our music committee that you can hire as DJs. They know our system best and can tailor the music to your preferences.<\/p>\n\n\n\n<h4 class=\"wp-block-heading\">Prices - External Rental<\/h4>\n\n\n\n<p><strong>Base Rental: 17,000 SEK<\/strong><br>Includes tables, chairs, crockery, cutlery, and glasses. Full access to the venue for a whole day, except for meeting rooms, office areas, and locked spaces, unless otherwise agreed with the Union House Master<br><strong>Access to the venue the day before 1,800 SEK<\/strong><br>Access to the upper floor: the cost covers access to the venue between 9:00 and 16:00. Any time beyond this will be charged at an hourly rate. This option can be chosen, for example, for table setup.<br><strong>Consumables: as agreed<\/strong><br>Choose this if you want to use our tablecloths, napkins, and any decorations. If you want us to set up the tables for you, it will be charged at an hourly rate.<br><strong>Sound, lighting &amp; technical equipment: 2,500 SEK<\/strong><br>Choose this if you want to end the evening with a party, for example! Includes access to microphone, speakers, mixer, lighting console, and computer. You can hire a DJ through us or provide your own staff.<br><strong>Only technical equipment &amp; simpler music: 1,800 SEK<\/strong><br>This option is for when you only need a microphone, speakers and some background music played via a computer.<\/p>\n\n\n\n<p><strong>As a supporting member, favorable prices are offered:<\/strong><\/p>\n\n\n\n<h4 class=\"wp-block-heading\">Prices \u2013 Supporting Member, non-student<\/h4>\n\n\n\n<p><strong>Base rental: 14,000 SEK<\/strong><br>Includes tables, chairs, crockery, cutlery, and glasses.<br>Full access to the venue for a whole day, except for meeting rooms, office areas, and locked spaces, unless otherwise agreed with the Union House Master<br><strong>Access to the venue the day before 1,500 SEK<\/strong><br>Access to the upper floor: the cost covers access to the venue between 9:00 and 16:00. Any time beyond this will be charged at an hourly rate. This option can be chosen, for example, for table setup.<br><strong>Consumables: as agreed<\/strong><br>Choose this if you want to use our tablecloths, napkins, and any decorations. If you want us to set up the tables for you, it will be charged at an hourly rate.<br><strong>Sound, lighting &amp; technical equipment: 2,000 SEK<\/strong><br>Choose this if you want to end the evening with a party, for example! Includes access to microphone, speakers, mixer, lighting console, and computer. You can hire a DJ through us or provide your own staff.<br><strong>Only technical equipment &amp; simpler music: 1,500 SEK<\/strong><br>This option is for when you only need a microphone, speakers and some background music played via a computer.<\/p>\n\n\n\n<p><\/p>\n\n\n\n<h4 class=\"wp-block-heading\">Example of previous table setup<\/h4>\n\n\n\n<figure class=\"wp-block-image\"><img loading=\"lazy\" decoding=\"async\" width=\"1024\" height=\"576\" src=\"http:\/\/ultunastudentkar.se\/wp-content\/uploads\/2016\/06\/WP_20150627_005-1024x576.jpg\" alt=\"\" class=\"wp-image-1766\" srcset=\"https:\/\/ultunastudentkar.se\/wp-content\/uploads\/2016\/06\/WP_20150627_005-1024x576.jpg 1024w, https:\/\/ultunastudentkar.se\/wp-content\/uploads\/2016\/06\/WP_20150627_005-300x169.jpg 300w, https:\/\/ultunastudentkar.se\/wp-content\/uploads\/2016\/06\/WP_20150627_005-768x432.jpg 768w, https:\/\/ultunastudentkar.se\/wp-content\/uploads\/2016\/06\/WP_20150627_005-640x360.jpg 640w, https:\/\/ultunastudentkar.se\/wp-content\/uploads\/2016\/06\/WP_20150627_005-940x529.jpg 940w, https:\/\/ultunastudentkar.se\/wp-content\/uploads\/2016\/06\/WP_20150627_005.jpg 2048w\" sizes=\"auto, (max-width: 1024px) 100vw, 1024px\" \/><figcaption class=\"wp-element-caption\">Table Setup - Wedding<\/figcaption><\/figure>\n\n\n\n<figure class=\"wp-block-image\"><img loading=\"lazy\" decoding=\"async\" width=\"1024\" height=\"578\" src=\"http:\/\/ultunastudentkar.se\/wp-content\/uploads\/2016\/06\/WP_20150724_16_20_11_Pro-1024x578.jpg\" alt=\"\" class=\"wp-image-1767\" srcset=\"https:\/\/ultunastudentkar.se\/wp-content\/uploads\/2016\/06\/WP_20150724_16_20_11_Pro-1024x578.jpg 1024w, https:\/\/ultunastudentkar.se\/wp-content\/uploads\/2016\/06\/WP_20150724_16_20_11_Pro-300x169.jpg 300w, https:\/\/ultunastudentkar.se\/wp-content\/uploads\/2016\/06\/WP_20150724_16_20_11_Pro-768x434.jpg 768w, https:\/\/ultunastudentkar.se\/wp-content\/uploads\/2016\/06\/WP_20150724_16_20_11_Pro-640x361.jpg 640w, https:\/\/ultunastudentkar.se\/wp-content\/uploads\/2016\/06\/WP_20150724_16_20_11_Pro-940x531.jpg 940w, https:\/\/ultunastudentkar.se\/wp-content\/uploads\/2016\/06\/WP_20150724_16_20_11_Pro.jpg 2048w\" sizes=\"auto, (max-width: 1024px) 100vw, 1024px\" \/><figcaption class=\"wp-element-caption\">Table Setup - Wedding<\/figcaption><\/figure>\n<\/div>\n\n\n\n<div class=\"wp-block-column is-layout-flow wp-block-column-is-layout-flow\" style=\"flex-basis:33.33%\">\n<h3 class=\"wp-block-heading\">Book the Union House?<br><\/h3>\n\n\n\n<p>To make a booking, view the venue or if you have any questions or concerns,<br>Contact:<\/p>\n\n\n\n<p>Union House Master<br>M\u00e5ns RIM SHADY Mosca<br>076-115 32 07<br>uls_khm@stud.slu.se<\/p>\n<\/div>\n<\/div>","protected":false},"excerpt":{"rendered":"<p>Br\u00f6llop, fest och jubileum i K\u00e5rhuset K\u00e5rhuslokalen h\u00f6r till den gamla anrika delen av Ultuna och var innan ombyggnation att&hellip;<\/p>","protected":false},"author":3,"featured_media":0,"parent":307,"menu_order":1,"comment_status":"closed","ping_status":"closed","template":"","meta":{"footnotes":""},"class_list":["post-423","page","type-page","status-publish","hentry"],"_links":{"self":[{"href":"https:\/\/ultunastudentkar.se\/en\/wp-json\/wp\/v2\/pages\/423","targetHints":{"allow":["GET"]}}],"collection":[{"href":"https:\/\/ultunastudentkar.se\/en\/wp-json\/wp\/v2\/pages"}],"about":[{"href":"https:\/\/ultunastudentkar.se\/en\/wp-json\/wp\/v2\/types\/page"}],"author":[{"embeddable":true,"href":"https:\/\/ultunastudentkar.se\/en\/wp-json\/wp\/v2\/users\/3"}],"replies":[{"embeddable":true,"href":"https:\/\/ultunastudentkar.se\/en\/wp-json\/wp\/v2\/comments?post=423"}],"version-history":[{"count":20,"href":"https:\/\/ultunastudentkar.se\/en\/wp-json\/wp\/v2\/pages\/423\/revisions"}],"predecessor-version":[{"id":6432,"href":"https:\/\/ultunastudentkar.se\/en\/wp-json\/wp\/v2\/pages\/423\/revisions\/6432"}],"up":[{"embeddable":true,"href":"https:\/\/ultunastudentkar.se\/en\/wp-json\/wp\/v2\/pages\/307"}],"wp:attachment":[{"href":"https:\/\/ultunastudentkar.se\/en\/wp-json\/wp\/v2\/media?parent=423"}],"curies":[{"name":"wp","href":"https:\/\/api.w.org\/{rel}","templated":true}]}}