{"id":399,"date":"2016-06-20T08:22:05","date_gmt":"2016-06-20T08:22:05","guid":{"rendered":"http:\/\/uls.nu\/?page_id=399"},"modified":"2026-04-03T18:05:08","modified_gmt":"2026-04-03T16:05:08","slug":"din-aktiva-och-trivsamma-studietid","status":"publish","type":"page","link":"https:\/\/ultunastudentkar.se\/en\/studiesocialt\/din-aktiva-och-trivsamma-studietid\/","title":{"rendered":"Your Active Student Life"},"content":{"rendered":"<p><\/p>\n\n\n\n<h3 class=\"wp-block-heading\"><strong>Student Health Service<\/strong><\/h3>\n\n\n\n<p>The Student Union works to promote good mental and physical health among students. To support this, there is the Student Health Service (Studenth\u00e4lsan), where you can find, among others, nurses and psychologists with extensive experience in study-related issues such as stress management, low self-esteem, public speaking difficulties, performance anxiety, depression, and sleep problems. They offer both individual consultations and courses or workshops on various themes. If you need to talk about your own or others\u2019 alcohol habits, free alcohol counseling is available. Don\u2019t wait too long\u2014problems are easier to manage early on!<\/p>\n\n\n\n<h5 class=\"wp-block-heading\"><strong>Contact Student Health Service:<\/strong><\/h5>\n\n\n\n<p class=\"has-text-color has-link-color wp-elements-f7d04ef5de50530aed6d5138873f536f\" style=\"color:#17733e\">Phone: 018-471 69 00<br><a href=\"mailto:receptionen@sh.uu.se\">receptionen@sh.uu.se<\/a><br><a href=\"https:\/\/www2.uu.se\/student\/stod-och-service\/studenthalsan\/\">https:\/\/www2.uu.se\/student\/stod-och-service\/studenthalsan\/<\/a><\/p>\n\n\n\n<p>For physical well-being, Ultuna Student Union has a sports association (ULS IF) and an outdoor association (UFFE) that organize health-promoting activities.<\/p>\n\n\n\n<h3 class=\"wp-block-heading\"><strong>Study Environment<\/strong><\/h3>\n\n\n\n<p>The university is your workplace as a student and is covered by the same laws as any other workplace. The Union has representatives in committees that discuss issues related to the campus work environment. This can include everything from air quality, laboratory safety, and noise, to chairs, computers, and microwaves in student facilities. If you feel that your study environment is not adequate, contact the person responsible for student social affairs in the Union Board.<\/p>\n\n\n\n<p class=\"has-text-color has-link-color wp-elements-1085d0a9fa29d31ba9f296c9aa699e23\" style=\"color:#17733e\"><a href=\"https:\/\/ultunastudentkar.se\/en\/visste-du\/\">Read more here!<\/a><\/p>\n\n\n\n<h3 class=\"wp-block-heading\"><strong>Housing<\/strong><\/h3>\n\n\n\n<p class=\"has-text-color has-link-color wp-elements-cc825a3b0261ecf7e20b19e99248e32b\" style=\"color:#17733e\"><mark style=\"background-color:rgba(0, 0, 0, 0);color:#000000\" class=\"has-inline-color\">The Student Union works to ensure that more new housing is built in Uppsala and collaborates with other unions in the city to influence stakeholders in the housing market. ULS does not manage housing itself, but there is a foundation, SUSbo (Stiftelsen Ultuna StudentBost\u00e4der), which the Union founded and whose board we participate in and maintain close contact with. As a union member, you have the opportunity to apply for housing through SUSbo! More information about their housing can be found here:<\/mark> <a href=\"http:\/\/www.susbo.se\/\" target=\"_blank\" rel=\"noreferrer noopener\">http:\/\/www.susbo.se\/<\/a><\/p>\n\n\n\n<p class=\"has-text-color has-link-color wp-elements-29f975441b053ae88df39284f7d0ed7c\" style=\"color:#17733e\"><a href=\"http:\/\/ultunastudentkar.se\/index.php\/ny-student\/bostader\/\"><strong>Additional housing information can be found here.<\/strong><\/a><\/p>\n\n\n\n<h3 class=\"wp-block-heading\">Equal Opportunities<\/h3>\n\n\n\n<p>ULS arbetar p\u00e5 olika niv\u00e5er f\u00f6r att \u00f6ka medvetandet och f\u00f6rst\u00e5elsen av ett aktivt lika villkorsarbete. Dels inom k\u00e5ren men ocks\u00e5 p\u00e5 universitetet, f\u00f6r alla som jobbar med studenter och studentrelaterade fr\u00e5gor. <\/p>\n\n\n\n<p>If you or someone close to you is mistreated or treated unfairly by a teacher, fellow student, or other staff, the Union and the person responsible for student social affairs on the board are there to support you and safeguard your rights. Read more about the Union\u2019s work on equality in our Values System!<\/p>\n\n\n\n<h4 class=\"wp-block-heading has-text-color has-link-color wp-elements-8b17f618a532c81c33b1c8167ff43c90\" style=\"color:#17733e\"><a href=\"https:\/\/ultunastudentkar.se\/wp-content\/uploads\/2022\/02\/Ultuna-Student-Union-Value-Systems.pdf\">Values System<\/a><\/h4>\n\n\n\n<h4 class=\"wp-block-heading has-text-color has-link-color wp-elements-94a5447b2e43feea8ecb42cc28802518\" style=\"color:#17733e\"><a href=\"https:\/\/ultunastudentkar.se\/wp-content\/uploads\/2019\/01\/Ultuna-studentk%C3%A5rs-arbete-med-lika-villkorsfr%C3%A5gor-2.pdf\"><strong>Ultuna Student Union's work on equal opportunities issues<\/strong><\/a><\/h4>","protected":false},"excerpt":{"rendered":"<p>Studenth\u00e4lsa Studenk\u00e5ren jobbar f\u00f6r att fr\u00e4mja en god psykisk och fysisk h\u00e4lsa hos studenterna. Till v\u00e5r hj\u00e4lp finns Studenth\u00e4lsan d\u00e4r&hellip;<\/p>","protected":false},"author":3,"featured_media":0,"parent":222,"menu_order":0,"comment_status":"closed","ping_status":"closed","template":"","meta":{"footnotes":""},"class_list":["post-399","page","type-page","status-publish","hentry"],"_links":{"self":[{"href":"https:\/\/ultunastudentkar.se\/en\/wp-json\/wp\/v2\/pages\/399","targetHints":{"allow":["GET"]}}],"collection":[{"href":"https:\/\/ultunastudentkar.se\/en\/wp-json\/wp\/v2\/pages"}],"about":[{"href":"https:\/\/ultunastudentkar.se\/en\/wp-json\/wp\/v2\/types\/page"}],"author":[{"embeddable":true,"href":"https:\/\/ultunastudentkar.se\/en\/wp-json\/wp\/v2\/users\/3"}],"replies":[{"embeddable":true,"href":"https:\/\/ultunastudentkar.se\/en\/wp-json\/wp\/v2\/comments?post=399"}],"version-history":[{"count":15,"href":"https:\/\/ultunastudentkar.se\/en\/wp-json\/wp\/v2\/pages\/399\/revisions"}],"predecessor-version":[{"id":6442,"href":"https:\/\/ultunastudentkar.se\/en\/wp-json\/wp\/v2\/pages\/399\/revisions\/6442"}],"up":[{"embeddable":true,"href":"https:\/\/ultunastudentkar.se\/en\/wp-json\/wp\/v2\/pages\/222"}],"wp:attachment":[{"href":"https:\/\/ultunastudentkar.se\/en\/wp-json\/wp\/v2\/media?parent=399"}],"curies":[{"name":"wp","href":"https:\/\/api.w.org\/{rel}","templated":true}]}}