{"id":3924,"date":"2023-01-02T13:39:44","date_gmt":"2023-01-02T12:39:44","guid":{"rendered":"https:\/\/ultunastudentkar.se\/?page_id=3924"},"modified":"2026-04-04T00:34:52","modified_gmt":"2026-04-03T22:34:52","slug":"motesprotokoll","status":"publish","type":"page","link":"https:\/\/ultunastudentkar.se\/en\/motesprotokoll\/","title":{"rendered":"Minutes of meetings"},"content":{"rendered":"<p><\/p>\n\n\n\n<p class=\"has-text-align-center\">On this page you will find minutes from Union Meetings and Board Meetings. The documents are written in Swedish.<\/p>\n\n\n\n<hr class=\"wp-block-separator has-alpha-channel-opacity is-style-wide\"\/>\n\n\n\n<div class=\"wp-block-columns is-layout-flex wp-container-core-columns-is-layout-9d6595d7 wp-block-columns-is-layout-flex\">\n<div class=\"wp-block-column is-layout-flow wp-block-column-is-layout-flow\">\n<h3 class=\"wp-block-heading has-text-align-center\">Union Meetings<\/h3>\n\n\n\n<div class=\"dropdown\">\n  <button class=\"dropbtn\">Union Meetings 2026<\/button>\n  <div class=\"dropdown-content\">\n     <a href=\"https:\/\/ultunastudentkar.se\/wp-content\/uploads\/2026\/03\/Februarikamotet-2026-fardigt.pdf\">February<\/a>\n\n <\/div>\n<\/div>\n<div class=\"dropdown\">\n  <button class=\"dropbtn\">Union Meetings 2025<\/button>\n  <div class=\"dropdown-content\">\n     <a href=\"https:\/\/ultunastudentkar.se\/wp-content\/uploads\/2026\/01\/Novemberkarmote-protokoll-2025.pdf\">November<\/a>\n     <a href=\"https:\/\/ultunastudentkar.se\/wp-content\/uploads\/2026\/01\/Oktoberkarmote-protokoll-2025.pdf\">October<\/a>\n     <a href=\"https:\/\/ultunastudentkar.se\/wp-content\/uploads\/2025\/10\/Protokoll-Majkarmote-2025.pdf\">May<\/a>\n     <a href=\"https:\/\/ultunastudentkar.se\/wp-content\/uploads\/2025\/04\/Marskarmotet-2025.pdf\">March<\/a>\n     <a href=\"https:\/\/ultunastudentkar.se\/wp-content\/uploads\/2025\/03\/Februarikarmotet-2025.pdf\">February<\/a>\n     <a href=\"https:\/\/ultunastudentkar.se\/wp-content\/uploads\/2025\/03\/Januarikarmotet-2025.pdf\">January<\/a>\n\n <\/div>\n<\/div>\n<div class=\"dropdown\">\n  <button class=\"dropbtn\">Union meetings 2024<\/button>\n  <div class=\"dropdown-content\">\n    <a href=\"https:\/\/ultunastudentkar.se\/wp-content\/uploads\/2025\/02\/Novemberkarmote-protokoll-2024.pdf\">November<\/a>\n    <a href=\"https:\/\/ultunastudentkar.se\/wp-content\/uploads\/2024\/12\/Oktoberkarmote-2024.pdf\">October<\/a>\n    <a href=\"https:\/\/ultunastudentkar.se\/wp-content\/uploads\/2025\/02\/Extrainsatt-Majkarmote-protokoll-hemsida.pdf\">Extra meeting May<\/a>\n    <a href=\"https:\/\/ultunastudentkar.se\/wp-content\/uploads\/2024\/11\/Majkarmote-Protokoll.pdf\">May<\/a>\n    <a href=\"https:\/\/ultunastudentkar.se\/wp-content\/uploads\/2024\/05\/Marska\u030armo\u0308te.pdf\">March<\/a>\n    <a href=\"https:\/\/ultunastudentkar.se\/wp-content\/uploads\/2024\/04\/Protokoll-Februarika\u030armo\u0308te-2024.pdf\">February<\/a>\n    <a href=\"https:\/\/ultunastudentkar.se\/wp-content\/uploads\/2024\/02\/Januarika\u030armo\u0308tesprotokoll.pdf\">January<\/a>\n\n  <\/div>\n<\/div>\n<div class=\"dropdown\">\n  <button class=\"dropbtn\">Union Meetings 2023<\/button>\n  <div class=\"dropdown-content\">\n     <a href=\"https:\/\/ultunastudentkar.se\/wp-content\/uploads\/2024\/05\/Novemberka\u030armo\u0308te_2023.pdf\">November<\/a>\n    <a href=\"https:\/\/ultunastudentkar.se\/wp-content\/uploads\/2023\/11\/Oktoberka\u030armo\u0308te.pdf\">October<\/a>\n    <a href=\"https:\/\/ultunastudentkar.se\/wp-content\/uploads\/2024\/01\/Majka\u030armo\u0308te.pdf\">May<\/a>\n    <a href=\"https:\/\/ultunastudentkar.se\/wp-content\/uploads\/2024\/01\/Marska\u030armo\u0308te.pdf\">March<\/a>\n    <a href=\"https:\/\/ultunastudentkar.se\/wp-content\/uploads\/2025\/02\/Februarikarmote-2023-hemsida.pdf\">February<\/a>\n\n  <\/div>\n<\/div>\n<\/div>\n\n\n\n<div class=\"wp-block-column is-layout-flow wp-block-column-is-layout-flow\">\n<h3 class=\"wp-block-heading has-text-align-center\">Board Meetings<\/h3>\n\n\n\n<div class=\"dropdown\">\n  <button class=\"dropbtn\">Board Meetings 2026<\/button>\n  <div class=\"dropdown-content\">\n     <a href=\"https:\/\/ultunastudentkar.se\/wp-content\/uploads\/2026\/03\/Protokoll-2026-02-09.pdf\">2026-02-09<\/a> \n     <a href=\"https:\/\/ultunastudentkar.se\/wp-content\/uploads\/2026\/03\/Protokoll-2026-02-02.pdf\">2026-02-02<\/a> \n     <a href=\"https:\/\/ultunastudentkar.se\/wp-content\/uploads\/2026\/03\/Protokoll-2026-01-26-paskrivet.pdf\">2026-01-26<\/a> \n     <a href=\"https:\/\/ultunastudentkar.se\/wp-content\/uploads\/2026\/03\/Protokoll-2026-01-18-paskrivet.pdf\">2026-01-18<\/a> \n\n\n <\/div>\n<\/div>\n<div class=\"dropdown\">\n  <button class=\"dropbtn\">Board Meetings 2025<\/button>\n  <div class=\"dropdown-content\">\n     <a href=\"https:\/\/ultunastudentkar.se\/wp-content\/uploads\/2026\/04\/Protokoll-2025-11-25.pdf\">2025-11-25<\/a> \n     <a href=\"https:\/\/ultunastudentkar.se\/wp-content\/uploads\/2026\/04\/Protokoll-2025-11-17.pdf\">2025-11-17<\/a> \n     <a href=\"https:\/\/ultunastudentkar.se\/wp-content\/uploads\/2026\/01\/2025-11-10.pdf\">2025-11-10<\/a> \n     <a href=\"https:\/\/ultunastudentkar.se\/wp-content\/uploads\/2026\/01\/2025-10-20.pdf\">2025-10-20<\/a> \n     <a href=\"https:\/\/ultunastudentkar.se\/wp-content\/uploads\/2026\/01\/2025-10-06.pdf\">2025-10-06<\/a> \n     <a href=\"https:\/\/ultunastudentkar.se\/wp-content\/uploads\/2025\/10\/Protokoll-2025-09-22.pdf\">2025-09-22<\/a> \n     <a href=\"https:\/\/ultunastudentkar.se\/wp-content\/uploads\/2026\/01\/2025-09-15.pdf\">2025-09-15<\/a> \n     <a href=\"https:\/\/ultunastudentkar.se\/wp-content\/uploads\/2025\/10\/Protokoll-2025-08-27.pdf\">2025-08-27<\/a> \n     <a href=\"https:\/\/ultunastudentkar.se\/wp-content\/uploads\/2025\/10\/Protokoll-2025-06-02.pdf\">2025-06-02<\/a> \n     <a href=\"https:\/\/ultunastudentkar.se\/wp-content\/uploads\/2025\/10\/Protokoll-2025-05-26.pdf\">2025-05-26<\/a> \n     <a href=\"https:\/\/ultunastudentkar.se\/wp-content\/uploads\/2025\/10\/Protokoll-2025-05-19.pdf\">2025-05-19<\/a> \n     <a href=\"https:\/\/ultunastudentkar.se\/wp-content\/uploads\/2025\/05\/25.05.12.pdf\">2025-05-12<\/a> \n     <a href=\"https:\/\/ultunastudentkar.se\/wp-content\/uploads\/2025\/05\/25.05.05.pdf\">2025-05-05<\/a> \n     <a href=\"https:\/\/ultunastudentkar.se\/wp-content\/uploads\/2025\/05\/25.04.28.pdf\">2025-04-28<\/a> \n     <a href=\"https:\/\/ultunastudentkar.se\/wp-content\/uploads\/2025\/05\/25.04.14.pdf\">2025-04-14<\/a> \n     <a href=\"https:\/\/ultunastudentkar.se\/wp-content\/uploads\/2025\/05\/25.04.07.pdf\">2025-04-07<\/a>     \n     <a href=\"https:\/\/ultunastudentkar.se\/wp-content\/uploads\/2025\/05\/25.03.31.pdf\">2025-03-31<\/a>     \n     <a href=\"https:\/\/ultunastudentkar.se\/wp-content\/uploads\/2025\/05\/25.03.24.pdf\">2025-03-24<\/a>\n     <a href=\"https:\/\/ultunastudentkar.se\/wp-content\/uploads\/2025\/04\/25.03.17.pdf\">2025-03-17<\/a>\n     <a href=\"https:\/\/ultunastudentkar.se\/wp-content\/uploads\/2025\/03\/25.03.10.pdf\">2025-03-10<\/a>\n     <a href=\"https:\/\/ultunastudentkar.se\/wp-content\/uploads\/2025\/03\/25.03.03.pdf\">2025-03-03<\/a>\n     <a href=\"https:\/\/ultunastudentkar.se\/wp-content\/uploads\/2025\/03\/25.02.24.pdf\">2025-02-24<\/a>\n     <a href=\"https:\/\/ultunastudentkar.se\/wp-content\/uploads\/2025\/03\/25.02.17.pdf\">2025-02-17<\/a>\n     <a href=\"https:\/\/ultunastudentkar.se\/wp-content\/uploads\/2025\/03\/25.02.10.pdf\">2025-02-10<\/a>\n     <a href=\"https:\/\/ultunastudentkar.se\/wp-content\/uploads\/2025\/03\/25.02.03.pdf\">2025-02-03<\/a>\n     <a href=\"https:\/\/ultunastudentkar.se\/wp-content\/uploads\/2025\/02\/25.01.27.pdf\">2025-01-27<\/a>\n     <a href=\"https:\/\/ultunastudentkar.se\/wp-content\/uploads\/2025\/02\/25.01.19.pdf\">2025-01-19<\/a>\n\n <\/div>\n<\/div>\n<div class=\"dropdown\">\n  <button class=\"dropbtn\">Board Meetings 2024<\/button>\n  <div class=\"dropdown-content\">\n     <a href=\"https:\/\/ultunastudentkar.se\/wp-content\/uploads\/2025\/02\/24.12.09.pdf\">2024-12-09<\/a>\n     <a href=\"https:\/\/ultunastudentkar.se\/wp-content\/uploads\/2024\/12\/2024.12.02.pdf\">2024-12-02<\/a>\n     <a href=\"https:\/\/ultunastudentkar.se\/wp-content\/uploads\/2024\/12\/2024.11.25.pdf\">2024-11-25<\/a>\n     <a href=\"https:\/\/ultunastudentkar.se\/wp-content\/uploads\/2024\/12\/2024.11.18.pdf\">2024-11-18<\/a>\n <a href=\"https:\/\/ultunastudentkar.se\/wp-content\/uploads\/2024\/12\/2024.11.11.pdf\">2024-11-11<\/a>\n <a href=\"https:\/\/ultunastudentkar.se\/wp-content\/uploads\/2024\/12\/2024.11.04.pdf\">2024-11-04<\/a> \n     <a href=\"https:\/\/ultunastudentkar.se\/wp-content\/uploads\/2025\/02\/24.10.28.pdf\">2024-10-28<\/a>\n<a href=\"https:\/\/ultunastudentkar.se\/wp-content\/uploads\/2024\/12\/2024.10.21.pdf\">2024-10-21<\/a>\n <a href=\"https:\/\/ultunastudentkar.se\/wp-content\/uploads\/2024\/12\/2024.10.14.pdf\">2024-10-14<\/a>\n <a href=\"https:\/\/ultunastudentkar.se\/wp-content\/uploads\/2024\/12\/2024.10.07.pdf\">2024-10-07<\/a>\n     <a href=\"https:\/\/ultunastudentkar.se\/wp-content\/uploads\/2024\/10\/2024.09.30.pdf\">2024-09-30<\/a>\n     <a href=\"https:\/\/ultunastudentkar.se\/wp-content\/uploads\/2024\/10\/2024.09.23.pdf\">2024-09-23<\/a>\n     <a href=\"https:\/\/ultunastudentkar.se\/wp-content\/uploads\/2024\/10\/2024.09.16.pdf\">2024-09-16<\/a>\n     <a href=\"https:\/\/ultunastudentkar.se\/wp-content\/uploads\/2024\/09\/2024.08.26.pdf\">2024-08-26<\/a>\n     <a href=\"https:\/\/ultunastudentkar.se\/wp-content\/uploads\/2024\/09\/2024.06.03.pdf\">2024-06-03<\/a>\n     <a href=\"https:\/\/ultunastudentkar.se\/wp-content\/uploads\/2024\/09\/2024.05.27.pdf\">2024-05-27<\/a>\n     <a href=\"https:\/\/ultunastudentkar.se\/wp-content\/uploads\/2024\/09\/2024.05.20.pdf\">2024-05-20<\/a>\n     <a href=\"https:\/\/ultunastudentkar.se\/wp-content\/uploads\/2024\/09\/2024.05.13.pdf\">2024-05-13<\/a>\n     <a href=\"https:\/\/ultunastudentkar.se\/wp-content\/uploads\/2024\/09\/2024.05.07.pdf\">2024-05-07<\/a>\n     <a href=\"https:\/\/ultunastudentkar.se\/wp-content\/uploads\/2024\/09\/2024.04.22.pdf\">2024-04-22<\/a>\n     <a href=\"https:\/\/ultunastudentkar.se\/wp-content\/uploads\/2024\/05\/2024.04.15.pdf\">2024-04-15<\/a> \n     <a href=\"https:\/\/ultunastudentkar.se\/wp-content\/uploads\/2024\/04\/2024.04.08.pdf\">2024-04-08<\/a>     \n     <a href=\"https:\/\/ultunastudentkar.se\/wp-content\/uploads\/2024\/04\/2024.04.02.pdf\">2024-04-02<\/a>     \n     <a href=\"https:\/\/ultunastudentkar.se\/wp-content\/uploads\/2024\/04\/2024.03.25.pdf\">2024-03-25<\/a>     \n     <a href=\"https:\/\/ultunastudentkar.se\/wp-content\/uploads\/2024\/04\/2024.03.11.pdf\">2024-03-11<\/a>\n     <a href=\"https:\/\/ultunastudentkar.se\/wp-content\/uploads\/2024\/04\/2024.03.04.pdf\">2024-03-04<\/a>\n     <a href=\"https:\/\/ultunastudentkar.se\/wp-content\/uploads\/2024\/04\/2024.02.26.pdf\">2024-02-26<\/a>\n     <a href=\"https:\/\/ultunastudentkar.se\/wp-content\/uploads\/2024\/04\/2024.02.19.pdf\">2024-02-19<\/a>\n     <a href=\"https:\/\/ultunastudentkar.se\/wp-content\/uploads\/2024\/04\/2024.02.12.pdf\">2024-02-12<\/a>\n     <a href=\"https:\/\/ultunastudentkar.se\/wp-content\/uploads\/2024\/04\/2024.02.05.pdf\">2024-02-05<\/a>\n     <a href=\"https:\/\/ultunastudentkar.se\/wp-content\/uploads\/2024\/04\/2024.01.29.pdf\">2024-01-29<\/a>\n     <a href=\"https:\/\/ultunastudentkar.se\/wp-content\/uploads\/2024\/04\/2024.01.22.pdf\">2024-01-22<\/a>\n     <a href=\"https:\/\/ultunastudentkar.se\/wp-content\/uploads\/2024\/04\/2024.01.14.pdf\">2024-01-14<\/a>\n <\/div>\n<\/div>\n<div class=\"dropdown\">\n  <button class=\"dropbtn\">Board Meetings 2023<\/button>\n  <div class=\"dropdown-content\">\n     <a href=\"https:\/\/ultunastudentkar.se\/wp-content\/uploads\/2024\/01\/2023-12-18.pdf\">2023-12-18<\/a>\n     <a href=\"https:\/\/ultunastudentkar.se\/wp-content\/uploads\/2024\/01\/2023-12-11.pdf\">2023-12-11<\/a>\n     <a href=\"https:\/\/ultunastudentkar.se\/wp-content\/uploads\/2024\/01\/2023-12-04.pdf\">2023-12-04<\/a>\n     <a href=\"https:\/\/ultunastudentkar.se\/wp-content\/uploads\/2024\/01\/2023-11-27.pdf\">2023-11-27<\/a>\n     <a href=\"https:\/\/ultunastudentkar.se\/wp-content\/uploads\/2024\/01\/2023-11-20.pdf\">2023-11-20<\/a>\n     <a href=\"https:\/\/ultunastudentkar.se\/wp-content\/uploads\/2024\/01\/2023-11-13.pdf\">2023-11-13<\/a>\n     <a href=\"https:\/\/ultunastudentkar.se\/wp-content\/uploads\/2024\/01\/2023-11-06.pdf\">2023-11-06<\/a>\n     <a href=\"https:\/\/ultunastudentkar.se\/wp-content\/uploads\/2024\/01\/2023-10-30.pdf\">2023-10-30<\/a>\n     <a href=\"https:\/\/ultunastudentkar.se\/wp-content\/uploads\/2024\/01\/2023-10-23.pdf\">2023-10-23<\/a>\n     <a href=\"https:\/\/ultunastudentkar.se\/wp-content\/uploads\/2024\/01\/2023-10-16.pdf\">2023-10-16<\/a>\n     <a href=\"https:\/\/ultunastudentkar.se\/wp-content\/uploads\/2023\/10\/2023-10-09.pdf\">2023-10-09<\/a>\n     <a href=\"https:\/\/ultunastudentkar.se\/wp-content\/uploads\/2023\/10\/2023-10-02.pdf\">2023-10-02<\/a>\n     <a href=\"https:\/\/ultunastudentkar.se\/wp-content\/uploads\/2023\/10\/2023-09-25.pdf\">2023-09-25<\/a>\n     <a href=\"https:\/\/ultunastudentkar.se\/wp-content\/uploads\/2023\/10\/2023-09-18.pdf\">2023-09-18<\/a>\n     <a href=\"https:\/\/ultunastudentkar.se\/wp-content\/uploads\/2023\/10\/2023-09-11.pdf\">2023-09-11<\/a>\n     <a href=\"https:\/\/ultunastudentkar.se\/wp-content\/uploads\/2023\/10\/2023-09-04.pdf\">2023-09-04<\/a>\n     <a href=\"https:\/\/ultunastudentkar.se\/wp-content\/uploads\/2023\/10\/2023-08-29.pdf\">2023-08-29<\/a>\n     <a href=\"https:\/\/ultunastudentkar.se\/wp-content\/uploads\/2023\/10\/2023-08-22.pdf\">2023-08-22<\/a>\n     <a href=\"https:\/\/ultunastudentkar.se\/wp-content\/uploads\/2023\/10\/2023-08-14.pdf\">2023-08-14<\/a>\n     <a href=\"https:\/\/ultunastudentkar.se\/wp-content\/uploads\/2023\/10\/2023-06-05.pdf\">2023-06-05<\/a>\n     <a href=\"https:\/\/ultunastudentkar.se\/wp-content\/uploads\/2023\/09\/2023-05-29.pdf\">2023-05-29<\/a>\n     <a href=\"https:\/\/ultunastudentkar.se\/wp-content\/uploads\/2023\/09\/2023-05-22.pdf\">2023-05-22<\/a>\n     <a href=\"https:\/\/ultunastudentkar.se\/wp-content\/uploads\/2023\/09\/2023-05-15.pdf\">2023-05-15<\/a>\n     <a href=\"https:\/\/ultunastudentkar.se\/wp-content\/uploads\/2023\/09\/2023-05-08.pdf\">2023-05-08<\/a>\n     <a href=\"https:\/\/ultunastudentkar.se\/wp-content\/uploads\/2023\/09\/2023-05-02.pdf\">2023-05-02<\/a>\n    <a href=\"https:\/\/ultunastudentkar.se\/wp-content\/uploads\/2023\/09\/2023-04-24.pdf\">2023-04-24<\/a>\n    <a href=\"https:\/\/ultunastudentkar.se\/wp-content\/uploads\/2023\/04\/2023-04-17.pdf\">2023-04-17<\/a>\n    <a href=\"https:\/\/ultunastudentkar.se\/wp-content\/uploads\/2023\/04\/2023-04-11.pdf\">2023-04-11<\/a>\n    <a href=\"https:\/\/ultunastudentkar.se\/wp-content\/uploads\/2023\/04\/2023-04-03.pdf\">2023-04-03<\/a>\n    <a href=\"https:\/\/ultunastudentkar.se\/wp-content\/uploads\/2023\/04\/2023-03-27.pdf\">2023-03-27<\/a>\n    <a href=\"https:\/\/ultunastudentkar.se\/wp-content\/uploads\/2023\/04\/2023-03-20.pdf\">2023-03-20<\/a>\n    <a href=\"https:\/\/ultunastudentkar.se\/wp-content\/uploads\/2023\/03\/2023-03-06.pdf\">2023-03-06<\/a>\n    <a href=\"https:\/\/ultunastudentkar.se\/wp-content\/uploads\/2023\/03\/2023-02-27.pdf\">2023-02-27<\/a>\n    <a href=\"https:\/\/ultunastudentkar.se\/wp-content\/uploads\/2023\/03\/2023-02-20.pdf\">2023-02-20<\/a>\n    <a href=\"https:\/\/ultunastudentkar.se\/wp-content\/uploads\/2023\/03\/2023-02-13.pdf\">2023-02-13<\/a>\n    <a href=\"https:\/\/ultunastudentkar.se\/wp-content\/uploads\/2023\/03\/2023-02-06.pdf\">2023-02-06<\/a>\n    <a href=\"https:\/\/ultunastudentkar.se\/wp-content\/uploads\/2023\/03\/2023-01-30.pdf\">2023-01-30<\/a>\n    <a href=\"https:\/\/ultunastudentkar.se\/wp-content\/uploads\/2023\/03\/2023-01-23.pdf\">2023-01-23<\/a>\n    <a href=\"https:\/\/ultunastudentkar.se\/wp-content\/uploads\/2023\/03\/2023-01-15.pdf\">2023-01-15<\/a>\n  <\/div>\n<\/div>\n<\/div>\n<\/div>\n\n\n\n<p><\/p>","protected":false},"excerpt":{"rendered":"<p>P\u00e5 den h\u00e4r sidan hittar ni m\u00f6tesprotokoll fr\u00e5n K\u00e5rm\u00f6tet och Styrelsem\u00f6ten K\u00e5rm\u00f6ten K\u00e5rm\u00f6ten 2026 Februari K\u00e5rm\u00f6ten 2025 November Oktober Maj&hellip;<\/p>","protected":false},"author":5,"featured_media":0,"parent":0,"menu_order":0,"comment_status":"closed","ping_status":"closed","template":"","meta":{"footnotes":""},"class_list":["post-3924","page","type-page","status-publish","hentry"],"_links":{"self":[{"href":"https:\/\/ultunastudentkar.se\/en\/wp-json\/wp\/v2\/pages\/3924","targetHints":{"allow":["GET"]}}],"collection":[{"href":"https:\/\/ultunastudentkar.se\/en\/wp-json\/wp\/v2\/pages"}],"about":[{"href":"https:\/\/ultunastudentkar.se\/en\/wp-json\/wp\/v2\/types\/page"}],"author":[{"embeddable":true,"href":"https:\/\/ultunastudentkar.se\/en\/wp-json\/wp\/v2\/users\/5"}],"replies":[{"embeddable":true,"href":"https:\/\/ultunastudentkar.se\/en\/wp-json\/wp\/v2\/comments?post=3924"}],"version-history":[{"count":96,"href":"https:\/\/ultunastudentkar.se\/en\/wp-json\/wp\/v2\/pages\/3924\/revisions"}],"predecessor-version":[{"id":6492,"href":"https:\/\/ultunastudentkar.se\/en\/wp-json\/wp\/v2\/pages\/3924\/revisions\/6492"}],"wp:attachment":[{"href":"https:\/\/ultunastudentkar.se\/en\/wp-json\/wp\/v2\/media?parent=3924"}],"curies":[{"name":"wp","href":"https:\/\/api.w.org\/{rel}","templated":true}]}}