{"id":3910,"date":"2022-10-31T12:40:33","date_gmt":"2022-10-31T11:40:33","guid":{"rendered":"https:\/\/ultunastudentkar.se\/?page_id=3910"},"modified":"2022-11-07T13:36:48","modified_gmt":"2022-11-07T12:36:48","slug":"historia","status":"publish","type":"page","link":"https:\/\/ultunastudentkar.se\/en\/historia\/","title":{"rendered":"Historia"},"content":{"rendered":"<p>I och med att k\u00e5ren fyller 90 \u00e5r finns denna sida till f\u00f6r att hylla och uppm\u00e4rksamma k\u00e5rens och Ultunas historia<\/p>\n\n\n\n<figure class=\"wp-block-image size-large\"><img loading=\"lazy\" decoding=\"async\" width=\"1024\" height=\"682\" src=\"https:\/\/ultunastudentkar.se\/wp-content\/uploads\/2022\/10\/Fotboll-1958-1024x682.jpg\" alt=\"\" class=\"wp-image-3904\" srcset=\"https:\/\/ultunastudentkar.se\/wp-content\/uploads\/2022\/10\/Fotboll-1958-1024x682.jpg 1024w, https:\/\/ultunastudentkar.se\/wp-content\/uploads\/2022\/10\/Fotboll-1958-300x200.jpg 300w, https:\/\/ultunastudentkar.se\/wp-content\/uploads\/2022\/10\/Fotboll-1958-768x511.jpg 768w, https:\/\/ultunastudentkar.se\/wp-content\/uploads\/2022\/10\/Fotboll-1958-1536x1023.jpg 1536w, https:\/\/ultunastudentkar.se\/wp-content\/uploads\/2022\/10\/Fotboll-1958-18x12.jpg 18w, https:\/\/ultunastudentkar.se\/wp-content\/uploads\/2022\/10\/Fotboll-1958-1600x1065.jpg 1600w, https:\/\/ultunastudentkar.se\/wp-content\/uploads\/2022\/10\/Fotboll-1958.jpg 1628w\" sizes=\"auto, (max-width: 1024px) 100vw, 1024px\" \/><figcaption>Fotboll 1958<\/figcaption><\/figure>\n\n\n\n<figure class=\"wp-block-image size-large\"><img loading=\"lazy\" decoding=\"async\" width=\"1024\" height=\"678\" src=\"https:\/\/ultunastudentkar.se\/wp-content\/uploads\/2022\/10\/Miniubaten-spiggen-1958-1024x678.jpg\" alt=\"\" class=\"wp-image-3907\" srcset=\"https:\/\/ultunastudentkar.se\/wp-content\/uploads\/2022\/10\/Miniubaten-spiggen-1958-1024x678.jpg 1024w, https:\/\/ultunastudentkar.se\/wp-content\/uploads\/2022\/10\/Miniubaten-spiggen-1958-300x199.jpg 300w, https:\/\/ultunastudentkar.se\/wp-content\/uploads\/2022\/10\/Miniubaten-spiggen-1958-768x508.jpg 768w, https:\/\/ultunastudentkar.se\/wp-content\/uploads\/2022\/10\/Miniubaten-spiggen-1958-1536x1016.jpg 1536w, https:\/\/ultunastudentkar.se\/wp-content\/uploads\/2022\/10\/Miniubaten-spiggen-1958-18x12.jpg 18w, https:\/\/ultunastudentkar.se\/wp-content\/uploads\/2022\/10\/Miniubaten-spiggen-1958-1600x1059.jpg 1600w, https:\/\/ultunastudentkar.se\/wp-content\/uploads\/2022\/10\/Miniubaten-spiggen-1958.jpg 1632w\" sizes=\"auto, (max-width: 1024px) 100vw, 1024px\" \/><figcaption>Miniub\u00e5ten spiggen 1958<\/figcaption><\/figure>\n\n\n\n<figure class=\"wp-block-image size-full\"><img loading=\"lazy\" decoding=\"async\" width=\"992\" height=\"722\" src=\"https:\/\/ultunastudentkar.se\/wp-content\/uploads\/2022\/10\/Karhuset-via-bryggan.jpg\" alt=\"\" class=\"wp-image-3905\" srcset=\"https:\/\/ultunastudentkar.se\/wp-content\/uploads\/2022\/10\/Karhuset-via-bryggan.jpg 992w, https:\/\/ultunastudentkar.se\/wp-content\/uploads\/2022\/10\/Karhuset-via-bryggan-300x218.jpg 300w, https:\/\/ultunastudentkar.se\/wp-content\/uploads\/2022\/10\/Karhuset-via-bryggan-768x559.jpg 768w, https:\/\/ultunastudentkar.se\/wp-content\/uploads\/2022\/10\/Karhuset-via-bryggan-16x12.jpg 16w\" sizes=\"auto, (max-width: 992px) 100vw, 992px\" \/><figcaption>K\u00e5rhuset via bryggan<\/figcaption><\/figure>\n\n\n\n<figure class=\"wp-block-image size-large\"><img loading=\"lazy\" decoding=\"async\" width=\"1024\" height=\"765\" src=\"https:\/\/ultunastudentkar.se\/wp-content\/uploads\/2022\/10\/Sjoslag-1959-1024x765.jpg\" alt=\"\" class=\"wp-image-3909\" srcset=\"https:\/\/ultunastudentkar.se\/wp-content\/uploads\/2022\/10\/Sjoslag-1959-1024x765.jpg 1024w, https:\/\/ultunastudentkar.se\/wp-content\/uploads\/2022\/10\/Sjoslag-1959-300x224.jpg 300w, https:\/\/ultunastudentkar.se\/wp-content\/uploads\/2022\/10\/Sjoslag-1959-768x574.jpg 768w, https:\/\/ultunastudentkar.se\/wp-content\/uploads\/2022\/10\/Sjoslag-1959-16x12.jpg 16w, https:\/\/ultunastudentkar.se\/wp-content\/uploads\/2022\/10\/Sjoslag-1959.jpg 1296w\" sizes=\"auto, (max-width: 1024px) 100vw, 1024px\" \/><figcaption>Sj\u00f6slag 1959<\/figcaption><\/figure>\n\n\n\n<figure class=\"wp-block-image size-large is-resized\"><img loading=\"lazy\" decoding=\"async\" src=\"https:\/\/ultunastudentkar.se\/wp-content\/uploads\/2022\/10\/Olle-TRULS-Johansson-tar-forsta-spadtaget-pa-Galbo-studentbostader.-Blenda-Ljungbergs-Uppsala-overvakar-1960-836x1024.jpg\" alt=\"\" class=\"wp-image-3908\" width=\"979\" height=\"1199\" srcset=\"https:\/\/ultunastudentkar.se\/wp-content\/uploads\/2022\/10\/Olle-TRULS-Johansson-tar-forsta-spadtaget-pa-Galbo-studentbostader.-Blenda-Ljungbergs-Uppsala-overvakar-1960-836x1024.jpg 836w, https:\/\/ultunastudentkar.se\/wp-content\/uploads\/2022\/10\/Olle-TRULS-Johansson-tar-forsta-spadtaget-pa-Galbo-studentbostader.-Blenda-Ljungbergs-Uppsala-overvakar-1960-245x300.jpg 245w, https:\/\/ultunastudentkar.se\/wp-content\/uploads\/2022\/10\/Olle-TRULS-Johansson-tar-forsta-spadtaget-pa-Galbo-studentbostader.-Blenda-Ljungbergs-Uppsala-overvakar-1960-768x940.jpg 768w, https:\/\/ultunastudentkar.se\/wp-content\/uploads\/2022\/10\/Olle-TRULS-Johansson-tar-forsta-spadtaget-pa-Galbo-studentbostader.-Blenda-Ljungbergs-Uppsala-overvakar-1960-10x12.jpg 10w, https:\/\/ultunastudentkar.se\/wp-content\/uploads\/2022\/10\/Olle-TRULS-Johansson-tar-forsta-spadtaget-pa-Galbo-studentbostader.-Blenda-Ljungbergs-Uppsala-overvakar-1960.jpg 1008w\" sizes=\"auto, (max-width: 979px) 100vw, 979px\" \/><figcaption>Olle TRULS Johansson tar f\u00f6rsta spadtaget p\u00e5 G\u00e4lbo studentbost\u00e4der. Blenda Ljungbergs, Uppsala \u00f6vervakar 1960<\/figcaption><\/figure>\n\n\n\n<figure class=\"wp-block-image size-large\"><img loading=\"lazy\" decoding=\"async\" width=\"1024\" height=\"686\" src=\"https:\/\/ultunastudentkar.se\/wp-content\/uploads\/2022\/10\/Kamparlekar-1960-1024x686.jpg\" alt=\"\" class=\"wp-image-3906\" srcset=\"https:\/\/ultunastudentkar.se\/wp-content\/uploads\/2022\/10\/Kamparlekar-1960-1024x686.jpg 1024w, https:\/\/ultunastudentkar.se\/wp-content\/uploads\/2022\/10\/Kamparlekar-1960-300x201.jpg 300w, https:\/\/ultunastudentkar.se\/wp-content\/uploads\/2022\/10\/Kamparlekar-1960-768x515.jpg 768w, https:\/\/ultunastudentkar.se\/wp-content\/uploads\/2022\/10\/Kamparlekar-1960-1536x1029.jpg 1536w, https:\/\/ultunastudentkar.se\/wp-content\/uploads\/2022\/10\/Kamparlekar-1960-18x12.jpg 18w, https:\/\/ultunastudentkar.se\/wp-content\/uploads\/2022\/10\/Kamparlekar-1960-1600x1072.jpg 1600w, https:\/\/ultunastudentkar.se\/wp-content\/uploads\/2022\/10\/Kamparlekar-1960.jpg 1624w\" sizes=\"auto, (max-width: 1024px) 100vw, 1024px\" \/><figcaption>K\u00e4mparlekar 1960<\/figcaption><\/figure>\n\n\n\n<p>Om du \u00e4r en gammal student och\u00a0har bilder fr\u00e5n din tid p\u00e5 Ultuna, dela g\u00e4rna med dig av dem genom att skicka ett mail till uls_tradu@stud.slu.se.<\/p>","protected":false},"excerpt":{"rendered":"<p>I och med att k\u00e5ren fyller 90 \u00e5r finns denna sida till f\u00f6r att hylla och uppm\u00e4rksamma k\u00e5rens och Ultunas&hellip;<\/p>","protected":false},"author":5,"featured_media":0,"parent":0,"menu_order":0,"comment_status":"closed","ping_status":"closed","template":"","meta":{"footnotes":""},"class_list":["post-3910","page","type-page","status-publish","hentry"],"_links":{"self":[{"href":"https:\/\/ultunastudentkar.se\/en\/wp-json\/wp\/v2\/pages\/3910","targetHints":{"allow":["GET"]}}],"collection":[{"href":"https:\/\/ultunastudentkar.se\/en\/wp-json\/wp\/v2\/pages"}],"about":[{"href":"https:\/\/ultunastudentkar.se\/en\/wp-json\/wp\/v2\/types\/page"}],"author":[{"embeddable":true,"href":"https:\/\/ultunastudentkar.se\/en\/wp-json\/wp\/v2\/users\/5"}],"replies":[{"embeddable":true,"href":"https:\/\/ultunastudentkar.se\/en\/wp-json\/wp\/v2\/comments?post=3910"}],"version-history":[{"count":5,"href":"https:\/\/ultunastudentkar.se\/en\/wp-json\/wp\/v2\/pages\/3910\/revisions"}],"predecessor-version":[{"id":3918,"href":"https:\/\/ultunastudentkar.se\/en\/wp-json\/wp\/v2\/pages\/3910\/revisions\/3918"}],"wp:attachment":[{"href":"https:\/\/ultunastudentkar.se\/en\/wp-json\/wp\/v2\/media?parent=3910"}],"curies":[{"name":"wp","href":"https:\/\/api.w.org\/{rel}","templated":true}]}}