{"id":387,"date":"2016-06-20T08:17:37","date_gmt":"2016-06-20T08:17:37","guid":{"rendered":"http:\/\/uls.nu\/?page_id=387"},"modified":"2026-02-06T23:37:17","modified_gmt":"2026-02-06T22:37:17","slug":"jourhavande-ultunesare","status":"publish","type":"page","link":"https:\/\/ultunastudentkar.se\/en\/studiesocialt\/jourhavande-ultunesare\/","title":{"rendered":"On-call Ultuna resident"},"content":{"rendered":"<p>The union has three so-called On-Call Ultuna residents who are happy to lend a listening ear. You can call them if you need to talk to someone about anything, big or small. This can include homesickness, grief, loneliness, or other personal concerns you need to discuss. They will not share what you talk about with a third party, unless it involves something that requires professional support. In that case, you will agree on the next steps together.<\/p>\n\n\n\n<p>Of course, you can call the On-Call Ultuna residents whenever you need to, but the best chance of reaching them is in the afternoon and evening. The phone numbers listed connect to their personal mobile phones. You can also send a text message.<\/p>\n\n\n\n<h5 class=\"wp-block-heading\">How to reach us<\/h5>\n\n\n\n<div class=\"wp-block-media-text alignwide has-media-on-the-right is-stacked-on-mobile\"><div class=\"wp-block-media-text__content\">\n<p>Proinspector Lovisa Nilsson<\/p>\n\n\n\n<p>070-287 79 39<\/p>\n<\/div><figure class=\"wp-block-media-text__media\"><\/figure><\/div>\n\n\n\n<div class=\"wp-block-media-text alignwide has-media-on-the-right is-stacked-on-mobile\"><div class=\"wp-block-media-text__content\">\n<p>Astrid Hilding<\/p>\n\n\n\n<p>072-293 31 55<\/p>\n<\/div><figure class=\"wp-block-media-text__media\"><\/figure><\/div>\n\n\n\n<div class=\"wp-block-media-text alignwide has-media-on-the-right is-stacked-on-mobile\"><div class=\"wp-block-media-text__content\">\n<p>Chief Buddy (Hufvudfadder) Edwin Asker<\/p>\n\n\n\n<p>073-512 56 34<\/p>\n<\/div><figure class=\"wp-block-media-text__media\"><\/figure><\/div>\n\n\n\n<div style=\"height:30px\" aria-hidden=\"true\" class=\"wp-block-spacer\"><\/div>","protected":false},"excerpt":{"rendered":"<p>K\u00e5ren har tre s\u00e5 kallade Jourhavande Ultunesare som g\u00e4rna st\u00e4ller upp med ett lyssnande \u00f6ra. Dem kan du ringa om&hellip;<\/p>","protected":false},"author":3,"featured_media":0,"parent":222,"menu_order":0,"comment_status":"closed","ping_status":"closed","template":"","meta":{"footnotes":""},"class_list":["post-387","page","type-page","status-publish","hentry"],"_links":{"self":[{"href":"https:\/\/ultunastudentkar.se\/en\/wp-json\/wp\/v2\/pages\/387","targetHints":{"allow":["GET"]}}],"collection":[{"href":"https:\/\/ultunastudentkar.se\/en\/wp-json\/wp\/v2\/pages"}],"about":[{"href":"https:\/\/ultunastudentkar.se\/en\/wp-json\/wp\/v2\/types\/page"}],"author":[{"embeddable":true,"href":"https:\/\/ultunastudentkar.se\/en\/wp-json\/wp\/v2\/users\/3"}],"replies":[{"embeddable":true,"href":"https:\/\/ultunastudentkar.se\/en\/wp-json\/wp\/v2\/comments?post=387"}],"version-history":[{"count":11,"href":"https:\/\/ultunastudentkar.se\/en\/wp-json\/wp\/v2\/pages\/387\/revisions"}],"predecessor-version":[{"id":6337,"href":"https:\/\/ultunastudentkar.se\/en\/wp-json\/wp\/v2\/pages\/387\/revisions\/6337"}],"up":[{"embeddable":true,"href":"https:\/\/ultunastudentkar.se\/en\/wp-json\/wp\/v2\/pages\/222"}],"wp:attachment":[{"href":"https:\/\/ultunastudentkar.se\/en\/wp-json\/wp\/v2\/media?parent=387"}],"curies":[{"name":"wp","href":"https:\/\/api.w.org\/{rel}","templated":true}]}}