{"id":3853,"date":"2022-07-22T16:17:27","date_gmt":"2022-07-22T14:17:27","guid":{"rendered":"https:\/\/ultunastudentkar.se\/?page_id=3853"},"modified":"2026-04-18T12:01:06","modified_gmt":"2026-04-18T10:01:06","slug":"landskampen","status":"publish","type":"page","link":"https:\/\/ultunastudentkar.se\/en\/landskampen\/","title":{"rendered":"Nordic Country Competition"},"content":{"rendered":"<h2 class=\"wp-block-heading\">2026<\/h2>\n\n\n\n<p>The Nordic Country Competition is an exchange between the Nordic agricultural universities. The first Nordic Championship was held in 1947 between Sweden and Norway at Ultuna. Today, 79 years later, it has developed into an event where around 300 students from Sweden, Norway, Finland and Denmark gather each year to participate in sports together over four days. Every four years, each country hosts its own championship. From September 15\u201320, 2026, we will travel to Finland for the 79th championship in history.&nbsp;<\/p>\n\n\n\n<h3 class=\"wp-block-heading\"><strong>For Minions \u2013 \u201cJoin Us\u201d at the Competition<\/strong><\/h3>\n\n\n\n<p>After building a sense of community with your new class during the freshmen weeks, the Nordic Country Competition offers a great opportunity to meet older students from the rest of SLU, as well as from neighboring countries. A certain number of spots on the team are reserved specifically for minions. Registration takes place during the Country Competion Pub after the \u201cBattle at Ultuna\u201d on Wednesday, September 2, during the welcome weeks. Spots are limited, so make sure to arrive on time to secure your place and \u201cjoin the team.\u201d<\/p>\n\n\n\n<p>Videos from previous championships can be found at the link below:<\/p>\n\n\n\n<p><a href=\"https:\/\/youtube.com\/playlist?list=PLRtFsOawVV6KZrkEeknHYoiBEB-R4DdWa&amp;si=d-3VK0ql37lHxS8e\" target=\"_blank\" rel=\"noreferrer noopener\">Videos from Previous Championships<\/a><\/p>\n\n\n\n<h3 class=\"wp-block-heading\"><strong>Why Join the Team?<\/strong><\/h3>\n\n\n\n<p>There are many reasons to \u201cjoin us\u201d in 2026. The Nordic Championship is a unique opportunity for students to create international contacts within the green industries in the Nordic countries for future careers. The sports offered are highly varied, ranging from football, floorball, and volleyball, to shooting, athletics, and horse riding. In other words, there is something for everyone. Participants also get to take part in several unique evening activities, including themed parties, pubs, and the grand banquet that concludes the championship.<\/p>\n\n\n\n<h3 class=\"wp-block-heading\">Sports at the Championship<\/h3>\n\n\n\n<div class=\"wp-block-columns is-layout-flex wp-container-core-columns-is-layout-9d6595d7 wp-block-columns-is-layout-flex\">\n<div class=\"wp-block-column is-layout-flow wp-block-column-is-layout-flow\">\n<ul class=\"wp-block-list\">\n<li>Football<\/li>\n\n\n\n<li>Handball<\/li>\n\n\n\n<li>Volleyball<\/li>\n\n\n\n<li>Basketball<\/li>\n\n\n\n<li>Floorball<\/li>\n<\/ul>\n<\/div>\n\n\n\n<div class=\"wp-block-column is-layout-flow wp-block-column-is-layout-flow\">\n<ul class=\"wp-block-list\">\n<li>Badminton<\/li>\n\n\n\n<li>Tennis<\/li>\n\n\n\n<li>Shooting<\/li>\n\n\n\n<li>Horse Riding<\/li>\n\n\n\n<li>Orienteering<\/li>\n<\/ul>\n<\/div>\n\n\n\n<div class=\"wp-block-column is-layout-flow wp-block-column-is-layout-flow\">\n<ul class=\"wp-block-list\">\n<li>Athletics<\/li>\n\n\n\n<li>Swimming<\/li>\n\n\n\n<li>Rowing<\/li>\n\n\n\n<li>UDisc Golf<\/li>\n<\/ul>\n<\/div>\n<\/div>\n\n\n\n<h3 class=\"wp-block-heading\">Training Sessions<\/h3>\n\n\n\n<p>On Wednesdays from 19:00\u201320:30, Nordic Championship training takes place at Syltahallen. Everyone is welcome, whether previous championship participants, sports enthusiasts, or beginners. Training information and the current sport can be found in the Facebook group <a href=\"https:\/\/www.facebook.com\/groups\/1448391848672687\" data-type=\"link\" data-id=\"https:\/\/www.facebook.com\/groups\/1448391848672687\">Nordisk Landskamp ULTUNA<\/a>.<\/p>\n\n\n\n<h3 class=\"wp-block-heading\">Our Sponsors<\/h3>\n\n\n\n<p>The following companies are sponsoring the 2026 Championship and make it possible for us to organize this event.<\/p>\n\n\n\n<h1 class=\"wp-block-heading has-text-align-center\"><strong>Our Diamond Sponsor<\/strong>s<\/h1>\n\n\n\n<div class=\"wp-block-media-text is-stacked-on-mobile\"><figure class=\"wp-block-media-text__media\"><img loading=\"lazy\" decoding=\"async\" width=\"1920\" height=\"486\" src=\"https:\/\/ultunastudentkar.se\/wp-content\/uploads\/2026\/04\/Vaderstad_Logo_Tagline_CMYK_Black_International-2.png\" alt=\"\" class=\"wp-image-6617 size-full\" srcset=\"https:\/\/ultunastudentkar.se\/wp-content\/uploads\/2026\/04\/Vaderstad_Logo_Tagline_CMYK_Black_International-2.png 1920w, https:\/\/ultunastudentkar.se\/wp-content\/uploads\/2026\/04\/Vaderstad_Logo_Tagline_CMYK_Black_International-2-300x76.png 300w, https:\/\/ultunastudentkar.se\/wp-content\/uploads\/2026\/04\/Vaderstad_Logo_Tagline_CMYK_Black_International-2-1024x259.png 1024w, https:\/\/ultunastudentkar.se\/wp-content\/uploads\/2026\/04\/Vaderstad_Logo_Tagline_CMYK_Black_International-2-768x194.png 768w, https:\/\/ultunastudentkar.se\/wp-content\/uploads\/2026\/04\/Vaderstad_Logo_Tagline_CMYK_Black_International-2-1536x389.png 1536w, https:\/\/ultunastudentkar.se\/wp-content\/uploads\/2026\/04\/Vaderstad_Logo_Tagline_CMYK_Black_International-2-18x5.png 18w, https:\/\/ultunastudentkar.se\/wp-content\/uploads\/2026\/04\/Vaderstad_Logo_Tagline_CMYK_Black_International-2-1600x405.png 1600w\" sizes=\"auto, (max-width: 1920px) 100vw, 1920px\" \/><\/figure><div class=\"wp-block-media-text__content\">\n<p><strong>V\u00e4derstad &#8211; Where farming starts<\/strong><\/p>\n\n\n\n<p>V\u00e4derstads h\u00f6gpresterande jordbruksmaskiner \u00e4r byggda f\u00f6r att skapa en perfekt uppkomst p\u00e5 dina f\u00e4lt. Jordbearbetning, s\u00e5b\u00e4ddsberedning eller fr\u00f6placering &#8211; v\u00e5rt sikte \u00e4r alltid satt p\u00e5 faktumet att en perfekt uppkomst \u00e4r avg\u00f6rande f\u00f6r att du ska n\u00e5 h\u00f6ga sk\u00f6rdar.<br><a href=\"https:\/\/www.vaderstad.com\/se\">https:\/\/www.vaderstad.com\/se<\/a><\/p>\n<\/div><\/div>\n\n\n\n<div class=\"wp-block-media-text alignwide is-stacked-on-mobile\"><figure class=\"wp-block-media-text__media\"><img loading=\"lazy\" decoding=\"async\" width=\"714\" height=\"123\" src=\"https:\/\/ultunastudentkar.se\/wp-content\/uploads\/2026\/04\/DV-logo-FINAL-CMYK-SE@4x.png\" alt=\"\" class=\"wp-image-6612 size-full\" srcset=\"https:\/\/ultunastudentkar.se\/wp-content\/uploads\/2026\/04\/DV-logo-FINAL-CMYK-SE@4x.png 714w, https:\/\/ultunastudentkar.se\/wp-content\/uploads\/2026\/04\/DV-logo-FINAL-CMYK-SE@4x-300x52.png 300w, https:\/\/ultunastudentkar.se\/wp-content\/uploads\/2026\/04\/DV-logo-FINAL-CMYK-SE@4x-18x3.png 18w\" sizes=\"auto, (max-width: 714px) 100vw, 714px\" \/><\/figure><div class=\"wp-block-media-text__content\">\n<p class=\"has-text-align-left\"><strong>Klart att vi p\u00e5 Datav\u00e4xt \u00e4r med n\u00e4r Ultuna laddar f\u00f6r Landskamp! <\/strong><\/p>\n\n\n\n<p class=\"has-text-align-left\">Vi gillar allt som skapar gemenskap, gl\u00e4dje och lite h\u00e4rlig t\u00e4vlingspuls i lantbrukssverige. Och vi \u00e4r givetvis stolta \u00f6ver att f\u00e5 st\u00f6tta \u00e5rets landskamp&nbsp;\ud83c\uddf8\ud83c\uddea\ud83c\udf3eTill vardags hj\u00e4lper vi lantbrukare att f\u00e5 ut mer av sin g\u00e5rd \u2013 med smarta verktyg f\u00f6r styrning, v\u00e4xtodling och maskindata.<\/p>\n\n\n\n<p class=\"has-text-align-left\">Heja Ultuna \u2013 och lycka till i \u00e5rets kamp!&nbsp;\ud83d\udcaa\ud83c\udffb<br><a href=\"https:\/\/datavaxt.com\/sv\/\">https:\/\/datavaxt.com\/sv\/<\/a><\/p>\n<\/div><\/div>\n\n\n\n<h2 class=\"wp-block-heading has-text-align-center\"><\/h2>\n\n\n<div class=\"wp-block-image\">\n<figure class=\"aligncenter is-resized\"><img decoding=\"async\" src=\"https:\/\/lh7-rt.googleusercontent.com\/docsz\/AD_4nXd4kzFnVXleYUlQ8Pep6xUrIgUvPEOYt8FvTTbIXTioDmj32203WWoJarFyaObHO93rYdDiL9xQuIKx8nxDNdU0GfixXJJL36Z3v8HD6uAXXLjCSHEDlGrfMxfnn6iMiWNXbHHEt8Nxalpa_rDJuU0JS3c?key=TTT1KMxSaeFngHPgKnCLmA\" alt=\"\" style=\"width:552px;height:auto\"\/><\/figure>\n<\/div>\n\n<div class=\"wp-block-image\">\n<figure class=\"aligncenter is-resized\"><img decoding=\"async\" src=\"https:\/\/lh7-rt.googleusercontent.com\/docsz\/AD_4nXdl5sanZpGuPN-C4IiG5fYxg-rlEvtpE6TiZ8CUcMAMnvt-S19tJKoSpQPLKgX0cdq4QXbwliZFjZlvldt6RyJzJjQXQfRlqPd-s8jPBwjQGUKgeZJqVPtzg639q5b0K9ha_jPR56BRyAx-Td6p_zjrp7fq?key=TTT1KMxSaeFngHPgKnCLmA\" alt=\"\" style=\"width:396px;height:auto\"\/><\/figure>\n<\/div>\n\n<div class=\"wp-block-image\">\n<figure class=\"aligncenter is-resized\"><img decoding=\"async\" src=\"https:\/\/lh7-rt.googleusercontent.com\/docsz\/AD_4nXfPgSOqT59n1cfEBY7PcQg8EkalDlHr5u8yUgefrL-GS0-2fX0g7emRPI65XqPwocgvqwX-QBQmUsis699rVAwibUQmbPxAb9rkF_D3KhAQWPo3A-AG9gfpWBRE3zlbRN1EcuBIZWzbH1B5mxvRznMzxUC-?key=TTT1KMxSaeFngHPgKnCLmA\" alt=\"\" style=\"width:380px;height:auto\"\/><\/figure>\n<\/div>\n\n\n<h2 class=\"wp-block-heading has-text-align-center\"><strong>Our Silver Sponsors<\/strong><\/h2>\n\n\n\n<div class=\"wp-block-columns alignwide are-vertically-aligned-top is-layout-flex wp-container-core-columns-is-layout-9d6595d7 wp-block-columns-is-layout-flex\">\n<div class=\"wp-block-column is-vertically-aligned-top is-layout-flow wp-block-column-is-layout-flow\" style=\"flex-basis:50%\">\n<figure class=\"wp-block-image size-large\"><img loading=\"lazy\" decoding=\"async\" width=\"1024\" height=\"1024\" src=\"https:\/\/ultunastudentkar.se\/wp-content\/uploads\/2026\/04\/ElmiaLantbruk_2026-1024x1024.jpg\" alt=\"\" class=\"wp-image-6620\" srcset=\"https:\/\/ultunastudentkar.se\/wp-content\/uploads\/2026\/04\/ElmiaLantbruk_2026-1024x1024.jpg 1024w, https:\/\/ultunastudentkar.se\/wp-content\/uploads\/2026\/04\/ElmiaLantbruk_2026-300x300.jpg 300w, https:\/\/ultunastudentkar.se\/wp-content\/uploads\/2026\/04\/ElmiaLantbruk_2026-150x150.jpg 150w, https:\/\/ultunastudentkar.se\/wp-content\/uploads\/2026\/04\/ElmiaLantbruk_2026-768x768.jpg 768w, https:\/\/ultunastudentkar.se\/wp-content\/uploads\/2026\/04\/ElmiaLantbruk_2026-12x12.jpg 12w, https:\/\/ultunastudentkar.se\/wp-content\/uploads\/2026\/04\/ElmiaLantbruk_2026.jpg 1080w\" sizes=\"auto, (max-width: 1024px) 100vw, 1024px\" \/><figcaption class=\"wp-element-caption\"><strong>Elmia<em> &#8211;&nbsp;<\/em>M\u00e4ssan f\u00f6r dig som jobbar med svenskt lantbruk<\/strong><br>P\u00e5 Elmia Lantbruk f\u00e5r du nya perspektiv, knyter kontakter och g\u00f6r aff\u00e4rer som leder till ett smartare, l\u00f6nsammare och \u00e4nnu mer h\u00e5llbart lantbruk.<br><a href=\"https:\/\/www.elmia.se\/lantbruk\/\">https:\/\/www.elmia.se\/lantbruk\/<\/a><br><\/figcaption><\/figure>\n<\/div>\n\n\n\n<div class=\"wp-block-column is-vertically-aligned-top is-layout-flow wp-block-column-is-layout-flow\"><\/div>\n\n\n\n<div class=\"wp-block-column is-vertically-aligned-top is-layout-flow wp-block-column-is-layout-flow\"><\/div>\n\n\n\n<div class=\"wp-block-column is-vertically-aligned-top is-layout-flow wp-block-column-is-layout-flow\"><\/div>\n\n\n\n<div class=\"wp-block-column is-vertically-aligned-top is-layout-flow wp-block-column-is-layout-flow\"><\/div>\n\n\n\n<div class=\"wp-block-column is-vertically-aligned-top is-layout-flow wp-block-column-is-layout-flow\"><\/div>\n\n\n\n<div class=\"wp-block-column is-vertically-aligned-top is-layout-flow wp-block-column-is-layout-flow\" style=\"flex-basis:50%\">\n<figure class=\"wp-block-image size-large\"><img loading=\"lazy\" decoding=\"async\" width=\"819\" height=\"1024\" src=\"https:\/\/ultunastudentkar.se\/wp-content\/uploads\/2026\/04\/E-planta-SOME-819x1024.jpg\" alt=\"\" class=\"wp-image-6621\" srcset=\"https:\/\/ultunastudentkar.se\/wp-content\/uploads\/2026\/04\/E-planta-SOME-819x1024.jpg 819w, https:\/\/ultunastudentkar.se\/wp-content\/uploads\/2026\/04\/E-planta-SOME-240x300.jpg 240w, https:\/\/ultunastudentkar.se\/wp-content\/uploads\/2026\/04\/E-planta-SOME-768x960.jpg 768w, https:\/\/ultunastudentkar.se\/wp-content\/uploads\/2026\/04\/E-planta-SOME-10x12.jpg 10w, https:\/\/ultunastudentkar.se\/wp-content\/uploads\/2026\/04\/E-planta-SOME.jpg 1080w\" sizes=\"auto, (max-width: 819px) 100vw, 819px\" \/><figcaption class=\"wp-element-caption\"><strong>E-planta \u2013 kvalitet som rotar sig<\/strong><br>E-planta \u00e4r en kvalitetsm\u00e4rkning f\u00f6r svenskodlade buskar och tr\u00e4d. M\u00e4rkningen har funnits i 35 \u00e5r och \u00e4r resultatet av livskraftiga samarbeten, stor nyfikenhet och ett gemensamt m\u00e5l att skapa s\u00e4kra v\u00e4xtmaterial f\u00f6r svenska f\u00f6rh\u00e5llanden.&nbsp;<br><a href=\"https:\/\/eplanta.com\/\">https:\/\/eplanta.com\/<\/a><\/figcaption><\/figure>\n<\/div>\n<\/div>\n\n\n\n<h3 class=\"wp-block-heading\"><strong>The Committee of 202<\/strong>6<\/h3>\n\n\n\n<p>Maria Cederberg&nbsp;<br>Louise Olsson&nbsp;<br>Lovisa Andersson&nbsp;<br>Hedwig&nbsp;Svenungsson<br>Filippa Olsson<\/p>\n\n\n\n<p>Want to know more? Check out videos from the most recent Nordic Championships: <a href=\"https:\/\/www.youtube.com\/watch?v=g5o9i5Pa8Hc&amp;list=PLRtFsOawVV6KZrkEeknHYoiBEB-R4DdWa\" data-type=\"link\" data-id=\"https:\/\/www.youtube.com\/watch?v=g5o9i5Pa8Hc&amp;list=PLRtFsOawVV6KZrkEeknHYoiBEB-R4DdWa\">Videos from the Nordic Championship<\/a><\/p>\n\n\n\n<p>Contact us if you have any questions at: <a href=\"mailto:swnordicgames@gmail.com\">swnordicgames@gmail.com<\/a><\/p>\n\n\n\n<p>F\u00f6lj oss \u00e4ven p\u00e5 instagram! <a href=\"https:\/\/www.instagram.com\/nordicgamessweden\/\">@nordicgamessweden<\/a><\/p>\n\n\n\n<hr class=\"wp-block-separator has-alpha-channel-opacity is-style-wide\"\/>\n\n\n\n<h4 class=\"wp-block-heading has-text-align-center\">Bilder fr\u00e5n Nordisk landskamp 2022<\/h4>\n\n\n\n<figure class=\"wp-block-gallery has-nested-images columns-3 is-cropped wp-block-gallery-1 is-layout-flex wp-block-gallery-is-layout-flex\">\n<figure class=\"wp-block-image size-large is-style-default\"><img loading=\"lazy\" decoding=\"async\" width=\"1024\" height=\"576\" data-id=\"4133\" src=\"https:\/\/ultunastudentkar.se\/wp-content\/uploads\/2023\/04\/Landskamp9-1024x576.jpeg\" alt=\"\" class=\"wp-image-4133\" srcset=\"https:\/\/ultunastudentkar.se\/wp-content\/uploads\/2023\/04\/Landskamp9-1024x576.jpeg 1024w, https:\/\/ultunastudentkar.se\/wp-content\/uploads\/2023\/04\/Landskamp9-300x169.jpeg 300w, https:\/\/ultunastudentkar.se\/wp-content\/uploads\/2023\/04\/Landskamp9-768x432.jpeg 768w, https:\/\/ultunastudentkar.se\/wp-content\/uploads\/2023\/04\/Landskamp9-1536x864.jpeg 1536w, https:\/\/ultunastudentkar.se\/wp-content\/uploads\/2023\/04\/Landskamp9-18x10.jpeg 18w, https:\/\/ultunastudentkar.se\/wp-content\/uploads\/2023\/04\/Landskamp9-1600x900.jpeg 1600w, https:\/\/ultunastudentkar.se\/wp-content\/uploads\/2023\/04\/Landskamp9.jpeg 2048w\" sizes=\"auto, (max-width: 1024px) 100vw, 1024px\" \/><\/figure>\n\n\n\n<figure class=\"wp-block-image size-large\"><img loading=\"lazy\" decoding=\"async\" width=\"1024\" height=\"549\" data-id=\"4132\" src=\"https:\/\/ultunastudentkar.se\/wp-content\/uploads\/2023\/04\/Landskamp8-1024x549.jpeg\" alt=\"\" class=\"wp-image-4132\" srcset=\"https:\/\/ultunastudentkar.se\/wp-content\/uploads\/2023\/04\/Landskamp8-1024x549.jpeg 1024w, https:\/\/ultunastudentkar.se\/wp-content\/uploads\/2023\/04\/Landskamp8-300x161.jpeg 300w, https:\/\/ultunastudentkar.se\/wp-content\/uploads\/2023\/04\/Landskamp8-768x412.jpeg 768w, https:\/\/ultunastudentkar.se\/wp-content\/uploads\/2023\/04\/Landskamp8-1536x824.jpeg 1536w, https:\/\/ultunastudentkar.se\/wp-content\/uploads\/2023\/04\/Landskamp8-18x10.jpeg 18w, https:\/\/ultunastudentkar.se\/wp-content\/uploads\/2023\/04\/Landskamp8-1600x858.jpeg 1600w, https:\/\/ultunastudentkar.se\/wp-content\/uploads\/2023\/04\/Landskamp8.jpeg 2048w\" sizes=\"auto, (max-width: 1024px) 100vw, 1024px\" \/><\/figure>\n\n\n\n<figure class=\"wp-block-image size-large\"><img loading=\"lazy\" decoding=\"async\" width=\"1024\" height=\"683\" data-id=\"4131\" src=\"https:\/\/ultunastudentkar.se\/wp-content\/uploads\/2023\/04\/Landskamp7-1024x683.jpg\" alt=\"\" class=\"wp-image-4131\" srcset=\"https:\/\/ultunastudentkar.se\/wp-content\/uploads\/2023\/04\/Landskamp7-1024x683.jpg 1024w, https:\/\/ultunastudentkar.se\/wp-content\/uploads\/2023\/04\/Landskamp7-300x200.jpg 300w, https:\/\/ultunastudentkar.se\/wp-content\/uploads\/2023\/04\/Landskamp7-768x512.jpg 768w, https:\/\/ultunastudentkar.se\/wp-content\/uploads\/2023\/04\/Landskamp7-1536x1024.jpg 1536w, https:\/\/ultunastudentkar.se\/wp-content\/uploads\/2023\/04\/Landskamp7-18x12.jpg 18w, https:\/\/ultunastudentkar.se\/wp-content\/uploads\/2023\/04\/Landskamp7-1600x1067.jpg 1600w, https:\/\/ultunastudentkar.se\/wp-content\/uploads\/2023\/04\/Landskamp7.jpg 1920w\" sizes=\"auto, (max-width: 1024px) 100vw, 1024px\" \/><\/figure>\n\n\n\n<figure class=\"wp-block-image size-large\"><img loading=\"lazy\" decoding=\"async\" width=\"1024\" height=\"683\" data-id=\"4130\" src=\"https:\/\/ultunastudentkar.se\/wp-content\/uploads\/2023\/04\/Landskamp6-1024x683.jpg\" alt=\"\" class=\"wp-image-4130\" srcset=\"https:\/\/ultunastudentkar.se\/wp-content\/uploads\/2023\/04\/Landskamp6-1024x683.jpg 1024w, https:\/\/ultunastudentkar.se\/wp-content\/uploads\/2023\/04\/Landskamp6-300x200.jpg 300w, https:\/\/ultunastudentkar.se\/wp-content\/uploads\/2023\/04\/Landskamp6-768x512.jpg 768w, https:\/\/ultunastudentkar.se\/wp-content\/uploads\/2023\/04\/Landskamp6-1536x1024.jpg 1536w, https:\/\/ultunastudentkar.se\/wp-content\/uploads\/2023\/04\/Landskamp6-18x12.jpg 18w, https:\/\/ultunastudentkar.se\/wp-content\/uploads\/2023\/04\/Landskamp6-1600x1067.jpg 1600w, https:\/\/ultunastudentkar.se\/wp-content\/uploads\/2023\/04\/Landskamp6.jpg 1920w\" sizes=\"auto, (max-width: 1024px) 100vw, 1024px\" \/><\/figure>\n\n\n\n<figure class=\"wp-block-image size-large\"><img loading=\"lazy\" decoding=\"async\" width=\"1024\" height=\"683\" data-id=\"4129\" src=\"https:\/\/ultunastudentkar.se\/wp-content\/uploads\/2023\/04\/Landskamp5-1024x683.jpg\" alt=\"\" class=\"wp-image-4129\" srcset=\"https:\/\/ultunastudentkar.se\/wp-content\/uploads\/2023\/04\/Landskamp5-1024x683.jpg 1024w, https:\/\/ultunastudentkar.se\/wp-content\/uploads\/2023\/04\/Landskamp5-300x200.jpg 300w, https:\/\/ultunastudentkar.se\/wp-content\/uploads\/2023\/04\/Landskamp5-768x512.jpg 768w, https:\/\/ultunastudentkar.se\/wp-content\/uploads\/2023\/04\/Landskamp5-1536x1024.jpg 1536w, https:\/\/ultunastudentkar.se\/wp-content\/uploads\/2023\/04\/Landskamp5-18x12.jpg 18w, https:\/\/ultunastudentkar.se\/wp-content\/uploads\/2023\/04\/Landskamp5-1600x1067.jpg 1600w, https:\/\/ultunastudentkar.se\/wp-content\/uploads\/2023\/04\/Landskamp5.jpg 1920w\" sizes=\"auto, (max-width: 1024px) 100vw, 1024px\" \/><\/figure>\n\n\n\n<figure class=\"wp-block-image size-large\"><img loading=\"lazy\" decoding=\"async\" width=\"1024\" height=\"683\" data-id=\"4128\" src=\"https:\/\/ultunastudentkar.se\/wp-content\/uploads\/2023\/04\/Landskamp4-1024x683.jpg\" alt=\"\" class=\"wp-image-4128\" srcset=\"https:\/\/ultunastudentkar.se\/wp-content\/uploads\/2023\/04\/Landskamp4-1024x683.jpg 1024w, https:\/\/ultunastudentkar.se\/wp-content\/uploads\/2023\/04\/Landskamp4-300x200.jpg 300w, https:\/\/ultunastudentkar.se\/wp-content\/uploads\/2023\/04\/Landskamp4-768x512.jpg 768w, https:\/\/ultunastudentkar.se\/wp-content\/uploads\/2023\/04\/Landskamp4-1536x1024.jpg 1536w, https:\/\/ultunastudentkar.se\/wp-content\/uploads\/2023\/04\/Landskamp4-18x12.jpg 18w, https:\/\/ultunastudentkar.se\/wp-content\/uploads\/2023\/04\/Landskamp4-1600x1067.jpg 1600w, https:\/\/ultunastudentkar.se\/wp-content\/uploads\/2023\/04\/Landskamp4.jpg 1920w\" sizes=\"auto, (max-width: 1024px) 100vw, 1024px\" \/><\/figure>\n\n\n\n<figure class=\"wp-block-image size-large\"><img loading=\"lazy\" decoding=\"async\" width=\"1024\" height=\"683\" data-id=\"4127\" src=\"https:\/\/ultunastudentkar.se\/wp-content\/uploads\/2023\/04\/Landskamp3-1024x683.jpg\" alt=\"\" class=\"wp-image-4127\" srcset=\"https:\/\/ultunastudentkar.se\/wp-content\/uploads\/2023\/04\/Landskamp3-1024x683.jpg 1024w, https:\/\/ultunastudentkar.se\/wp-content\/uploads\/2023\/04\/Landskamp3-300x200.jpg 300w, https:\/\/ultunastudentkar.se\/wp-content\/uploads\/2023\/04\/Landskamp3-768x512.jpg 768w, https:\/\/ultunastudentkar.se\/wp-content\/uploads\/2023\/04\/Landskamp3-1536x1024.jpg 1536w, https:\/\/ultunastudentkar.se\/wp-content\/uploads\/2023\/04\/Landskamp3-18x12.jpg 18w, https:\/\/ultunastudentkar.se\/wp-content\/uploads\/2023\/04\/Landskamp3-1600x1067.jpg 1600w, https:\/\/ultunastudentkar.se\/wp-content\/uploads\/2023\/04\/Landskamp3.jpg 1920w\" sizes=\"auto, (max-width: 1024px) 100vw, 1024px\" \/><\/figure>\n\n\n\n<figure class=\"wp-block-image size-large\"><img loading=\"lazy\" decoding=\"async\" width=\"1024\" height=\"683\" data-id=\"4126\" src=\"https:\/\/ultunastudentkar.se\/wp-content\/uploads\/2023\/04\/Landskamp2-1024x683.jpg\" alt=\"\" class=\"wp-image-4126\" srcset=\"https:\/\/ultunastudentkar.se\/wp-content\/uploads\/2023\/04\/Landskamp2-1024x683.jpg 1024w, https:\/\/ultunastudentkar.se\/wp-content\/uploads\/2023\/04\/Landskamp2-300x200.jpg 300w, https:\/\/ultunastudentkar.se\/wp-content\/uploads\/2023\/04\/Landskamp2-768x512.jpg 768w, https:\/\/ultunastudentkar.se\/wp-content\/uploads\/2023\/04\/Landskamp2-1536x1024.jpg 1536w, https:\/\/ultunastudentkar.se\/wp-content\/uploads\/2023\/04\/Landskamp2-18x12.jpg 18w, https:\/\/ultunastudentkar.se\/wp-content\/uploads\/2023\/04\/Landskamp2-1600x1067.jpg 1600w, https:\/\/ultunastudentkar.se\/wp-content\/uploads\/2023\/04\/Landskamp2.jpg 1920w\" sizes=\"auto, (max-width: 1024px) 100vw, 1024px\" \/><\/figure>\n\n\n\n<figure class=\"wp-block-image size-large\"><img loading=\"lazy\" decoding=\"async\" width=\"1024\" height=\"683\" data-id=\"4125\" src=\"https:\/\/ultunastudentkar.se\/wp-content\/uploads\/2023\/04\/Landskamp1-1024x683.jpg\" alt=\"\" class=\"wp-image-4125\" srcset=\"https:\/\/ultunastudentkar.se\/wp-content\/uploads\/2023\/04\/Landskamp1-1024x683.jpg 1024w, https:\/\/ultunastudentkar.se\/wp-content\/uploads\/2023\/04\/Landskamp1-300x200.jpg 300w, https:\/\/ultunastudentkar.se\/wp-content\/uploads\/2023\/04\/Landskamp1-768x512.jpg 768w, https:\/\/ultunastudentkar.se\/wp-content\/uploads\/2023\/04\/Landskamp1-1536x1024.jpg 1536w, https:\/\/ultunastudentkar.se\/wp-content\/uploads\/2023\/04\/Landskamp1-18x12.jpg 18w, https:\/\/ultunastudentkar.se\/wp-content\/uploads\/2023\/04\/Landskamp1-1600x1067.jpg 1600w, https:\/\/ultunastudentkar.se\/wp-content\/uploads\/2023\/04\/Landskamp1.jpg 1920w\" sizes=\"auto, (max-width: 1024px) 100vw, 1024px\" \/><\/figure>\n<\/figure>","protected":false},"excerpt":{"rendered":"<p>2026 Den Nordiska Landskampen \u00e4r ett utbyte mellan de nordiska lantbruksuniversiteten. 1947 anordnades den f\u00f6rsta Nordiska landskampen mellan Sverige och&hellip;<\/p>","protected":false},"author":5,"featured_media":0,"parent":0,"menu_order":0,"comment_status":"closed","ping_status":"closed","template":"","meta":{"footnotes":""},"class_list":["post-3853","page","type-page","status-publish","hentry"],"_links":{"self":[{"href":"https:\/\/ultunastudentkar.se\/en\/wp-json\/wp\/v2\/pages\/3853","targetHints":{"allow":["GET"]}}],"collection":[{"href":"https:\/\/ultunastudentkar.se\/en\/wp-json\/wp\/v2\/pages"}],"about":[{"href":"https:\/\/ultunastudentkar.se\/en\/wp-json\/wp\/v2\/types\/page"}],"author":[{"embeddable":true,"href":"https:\/\/ultunastudentkar.se\/en\/wp-json\/wp\/v2\/users\/5"}],"replies":[{"embeddable":true,"href":"https:\/\/ultunastudentkar.se\/en\/wp-json\/wp\/v2\/comments?post=3853"}],"version-history":[{"count":46,"href":"https:\/\/ultunastudentkar.se\/en\/wp-json\/wp\/v2\/pages\/3853\/revisions"}],"predecessor-version":[{"id":6642,"href":"https:\/\/ultunastudentkar.se\/en\/wp-json\/wp\/v2\/pages\/3853\/revisions\/6642"}],"wp:attachment":[{"href":"https:\/\/ultunastudentkar.se\/en\/wp-json\/wp\/v2\/media?parent=3853"}],"curies":[{"name":"wp","href":"https:\/\/api.w.org\/{rel}","templated":true}]}}