{"id":383,"date":"2016-06-20T08:15:09","date_gmt":"2016-06-20T08:15:09","guid":{"rendered":"http:\/\/uls.nu\/?page_id=383"},"modified":"2024-02-16T14:38:54","modified_gmt":"2024-02-16T13:38:54","slug":"vad-ar-studiebevakning","status":"publish","type":"page","link":"https:\/\/ultunastudentkar.se\/en\/utbildning\/vad-ar-studiebevakning\/","title":{"rendered":"Academic monitoring"},"content":{"rendered":"<p><\/p>\n\n\n\n<h3 class=\"wp-block-heading\">What is Academic monitoring?<\/h3>\n\n\n\n<p>The most important task of the Ultuna Student Union is to represent the students\u2019 opinions and thereby ensure that the programs maintain high quality. Through the student union, you can make your voice heard so that the content and quality of the programs are continuously improved. Both national education policy and the education-related issues pursued at SLU have a direct impact on your studies.<\/p>\n\n\n\n<p>Students at a university have, by law, the right to represent student interests in all the university\u2019s decision-making bodies. This is a great opportunity for us as students! For example, if you think your program is missing something, if a course stands out in a particular way, or if there have been too few lab hours during a course, the student union can help you present these opinions and advocate for the issues you care about, ensuring that the quality of education is continuously improved.<\/p>\n\n\n\n<p>As a student, it is important to speak up when you feel that something is not right in your program or in a course you are taking. Ultuna Student Union is here to support you and works to ensure that your education maintains the highest possible quality. Feel free to contact one of your elected representatives in your study council at the union if you have questions or concerns regarding student rights or academic monitoring at SLU. Also reach out if you experience difficulties with a course or if you have been treated unfairly. Don\u2019t forget that both the teachers and the student union\u2019s academic representatives also appreciate hearing when a course is going well!<\/p>\n\n\n\n<p>The union exists for you\u2014through the union, you can get involved in your education!<\/p>\n\n\n\n<p>You are also welcome to contact the Vice President with questions about your education via email <a href=\"mailto:uls_utb@stud.slu.se\" target=\"_blank\" rel=\"noreferrer noopener\">uls_utb@stud.slu.se<\/a><\/p>\n\n\n\n<h6 class=\"wp-block-heading\"><a href=\"http:\/\/ultunastudentkar.se\/index.php\/utbildning\/studieraden\/\">Read more about the study councils here!<\/a><\/h6>","protected":false},"excerpt":{"rendered":"<p>Vad \u00e4r studiebevakning? Ultuna studentk\u00e5rs viktigaste uppgift \u00e4r att f\u00f6ra fram studenternas \u00e5sikter och d\u00e4rmed se till att utbildningarna h\u00e5ller&hellip;<\/p>","protected":false},"author":3,"featured_media":0,"parent":193,"menu_order":0,"comment_status":"closed","ping_status":"closed","template":"","meta":{"footnotes":""},"class_list":["post-383","page","type-page","status-publish","hentry"],"_links":{"self":[{"href":"https:\/\/ultunastudentkar.se\/en\/wp-json\/wp\/v2\/pages\/383","targetHints":{"allow":["GET"]}}],"collection":[{"href":"https:\/\/ultunastudentkar.se\/en\/wp-json\/wp\/v2\/pages"}],"about":[{"href":"https:\/\/ultunastudentkar.se\/en\/wp-json\/wp\/v2\/types\/page"}],"author":[{"embeddable":true,"href":"https:\/\/ultunastudentkar.se\/en\/wp-json\/wp\/v2\/users\/3"}],"replies":[{"embeddable":true,"href":"https:\/\/ultunastudentkar.se\/en\/wp-json\/wp\/v2\/comments?post=383"}],"version-history":[{"count":4,"href":"https:\/\/ultunastudentkar.se\/en\/wp-json\/wp\/v2\/pages\/383\/revisions"}],"predecessor-version":[{"id":4385,"href":"https:\/\/ultunastudentkar.se\/en\/wp-json\/wp\/v2\/pages\/383\/revisions\/4385"}],"up":[{"embeddable":true,"href":"https:\/\/ultunastudentkar.se\/en\/wp-json\/wp\/v2\/pages\/193"}],"wp:attachment":[{"href":"https:\/\/ultunastudentkar.se\/en\/wp-json\/wp\/v2\/media?parent=383"}],"curies":[{"name":"wp","href":"https:\/\/api.w.org\/{rel}","templated":true}]}}