{"id":362,"date":"2016-06-16T12:10:31","date_gmt":"2016-06-16T12:10:31","guid":{"rendered":"http:\/\/uls.nu\/?page_id=362"},"modified":"2024-08-26T16:44:02","modified_gmt":"2024-08-26T14:44:02","slug":"hur-sker-paverkansarbetet","status":"publish","type":"page","link":"https:\/\/ultunastudentkar.se\/en\/utbildning\/hur-sker-paverkansarbetet\/","title":{"rendered":"How does advocacy work take place?"},"content":{"rendered":"<p><\/p>\n\n\n\n<h3 class=\"wp-block-heading\">Study Councils<\/h3>\n\n\n\n<p>Ultuna Student Union has seven study councils that organize academic representation for our programs. The study councils work for and represent students in one or more programs. Each council consists of a chairperson, a vice chairperson, and 3\u20137 members. Half of the council members are elected at the November Union Meeting and the other half at the May Union Meeting, with a one-year term of office. The vice chairperson of the study councils is elected twice a year\u2014at the Union Meetings in November and May. The vice chairperson serves for the following six months and then becomes chairperson for six months. It is the study councils, together with the Union\u2019s Vice Chairperson responsible for education, that carry out most of the academic representation work.<\/p>\n\n\n\n<h3 class=\"wp-block-heading\"><strong>Academic Representation Committee<\/strong><\/h3>\n\n\n\n<p>Approximately every four weeks, Ultuna Student Union\u2019s Academic Representation Committee (StudU) meets. It consists of the chairpersons and vice chairpersons of the study councils and is led by the Union\u2019s Vice President responsible for education. In this forum, the study councils collaborate on ongoing issues and discuss how the union should position itself on current educational policy matters within the university\u2019s various bodies. Since the Union\u2019s Vice President for education represents Ultuna Student Union in many decision-making bodies at SLU, StudU\u2019s meetings are very important to ensure that the Union\u2019s opinions and positions are as well anchored among students as possible.<\/p>\n\n\n\n<h3 class=\"wp-block-heading\"><strong>Faculty and Program Committees<\/strong><\/h3>\n\n\n\n<p>Influence work occurs both in formal bodies and committees at SLU and through daily contact with teachers and other university staff. The most important channel for influencing your program is probably for each individual student to give feedback directly to their teacher, both through conversations and course evaluations, which are conducted after each completed course. Formal influence work is mainly carried out by the Union President and the Vice President responsible for education. Both of these positions are full-time roles at the union for one year, focusing primarily on advocacy and academic representation at the university. Additionally, the chairpersons and vice chairpersons of the study councils play a major role in formal influence work by representing students in the various program committees. Much of the operational work regarding a program takes place in these committees, where many of the program\u2019s current issues are addressed. The Union President and Vice President responsible for education represent the students in the faculties of Natural Resources and Agricultural Sciences, Veterinary Medicine and Animal Science, Landscape Architecture, Horticulture and Crop Production Science, and Forestry.<\/p>","protected":false},"excerpt":{"rendered":"<p>Studier\u00e5den Ultuna studentk\u00e5r har sju studier\u00e5d som organiserar studiebevakningen f\u00f6r v\u00e5ra utbildningsprogram. Studier\u00e5den arbetar f\u00f6r och f\u00f6retr\u00e4der studenter vid ett&hellip;<\/p>","protected":false},"author":3,"featured_media":0,"parent":193,"menu_order":0,"comment_status":"closed","ping_status":"closed","template":"","meta":{"footnotes":""},"class_list":["post-362","page","type-page","status-publish","hentry"],"_links":{"self":[{"href":"https:\/\/ultunastudentkar.se\/en\/wp-json\/wp\/v2\/pages\/362","targetHints":{"allow":["GET"]}}],"collection":[{"href":"https:\/\/ultunastudentkar.se\/en\/wp-json\/wp\/v2\/pages"}],"about":[{"href":"https:\/\/ultunastudentkar.se\/en\/wp-json\/wp\/v2\/types\/page"}],"author":[{"embeddable":true,"href":"https:\/\/ultunastudentkar.se\/en\/wp-json\/wp\/v2\/users\/3"}],"replies":[{"embeddable":true,"href":"https:\/\/ultunastudentkar.se\/en\/wp-json\/wp\/v2\/comments?post=362"}],"version-history":[{"count":3,"href":"https:\/\/ultunastudentkar.se\/en\/wp-json\/wp\/v2\/pages\/362\/revisions"}],"predecessor-version":[{"id":4387,"href":"https:\/\/ultunastudentkar.se\/en\/wp-json\/wp\/v2\/pages\/362\/revisions\/4387"}],"up":[{"embeddable":true,"href":"https:\/\/ultunastudentkar.se\/en\/wp-json\/wp\/v2\/pages\/193"}],"wp:attachment":[{"href":"https:\/\/ultunastudentkar.se\/en\/wp-json\/wp\/v2\/media?parent=362"}],"curies":[{"name":"wp","href":"https:\/\/api.w.org\/{rel}","templated":true}]}}