{"id":326,"date":"2016-06-16T10:29:07","date_gmt":"2016-06-16T10:29:07","guid":{"rendered":"http:\/\/uls.nu\/?page_id=326"},"modified":"2026-04-03T03:10:12","modified_gmt":"2026-04-03T01:10:12","slug":"bostader","status":"publish","type":"page","link":"https:\/\/ultunastudentkar.se\/en\/ny-student\/bostader\/","title":{"rendered":"Find housing in Uppsala"},"content":{"rendered":"<p>Ultuna Campus is located about 5 km south of central Uppsala. It takes roughly 20 minutes to cycle from the city center to Ultuna. Finding accommodation in Uppsala can be a bit tricky, but hang in there\u2014a solution may be just around the corner. Here are some tips from us.<\/p>\n\n\n\n<h2 class=\"wp-block-heading\">Housing at Ultuna Campus<\/h2>\n\n\n\n<p>Many students at SLU Ultuna live on campus, in the areas of G\u00e4lbo and Kron\u00e5sen. The landlord there is the Ultuna Student Housing Foundation (SUSbo), which was founded by the Union.<\/p>\n\n\n\n<p>As a member of Ultuna Student Union (or another SLUSS union), you have the opportunity to live in SUSbo\u2019s housing. You do not need to be a union member to join the housing queue. However, to be offered accommodation, sign a contract, and live in SUSbo housing, you must be a union member\u2014so we recommend maintaining membership throughout your time in the queue.\n\nIf you have not yet started your studies but still wish to join the queue, that is also possible. To live in SUSbo housing, you must also be an active student (i.e., complete at least 15 credits per semester), and you are required to present your study results when requested by SUSbo. Both study results and union membership are checked continuously during the semesters.\n\nThe requirement to be a union member in order to live in SUSbo housing applies to everyone who has signed a contract after January 1, 2015.<\/p>\n\n\n\n<p>To apply for housing, you need to be registered in SUSbo\u2019s housing queue. You can find more information about it and how to apply at <a href=\"http:\/\/www.susbo.se\">SUSbo's own webpage: www.susbo.se.<\/a><\/p>\n\n\n\n<p>Close to Ultuna, you\u2019ll also find \u201cLilla Sunnersta,\u201d a residential area for students. It is <a href=\"https:\/\/www.uaf.se\/hitta-bostad\/student\/\">Uppsala Akademif\u00f6rvaltning<\/a> who is responsible for these.<\/p>\n\n\n\n<h2 class=\"wp-block-heading\">Housing companies, foundations, and more<\/h2>\n\n\n\n<h4 class=\"wp-block-heading\">The Nations<\/h4>\n\n\n\n<p>Most student nations have centrally located housing in the form of corridor rooms, doubles, and apartments. Only actively studying members of the nation can apply. Waiting times and the number of available rooms or apartments vary from nation to nation.&nbsp;<\/p>\n\n\n\n<h4 class=\"wp-block-heading\"><strong>Graflunds<\/strong><\/h4>\n\n\n\n<p>The housing company Graflunds has purchased a few rental properties in Vals\u00e4tra\/Gottsunda. They are eager to rent to students. They offer student rooms in doubles as well as 1\u20135 room apartments.<br><a href=\"http:\/\/www.ledigalagenheter.com\/graflundsuppsala.html\">Graflunds<\/a><\/p>\n\n\n\n<h4 class=\"wp-block-heading\">Rikshem <\/h4>\n\n\n\n<p>Manages Studentstaden with around 4,300 residences across the more central areas of Uppsala.<br><a href=\"https:\/\/www.rikshem.se\/\">Rikshem.se<\/a><\/p>\n\n\n\n<h4 class=\"wp-block-heading\"><strong>Uppsala Municipality's Housing Agency<\/strong><\/h4>\n\n\n\n<p>Is part of Uppsala Municipality and arranges student housing from Rikshem and Studentstaden, two of Uppsala\u2019s largest student landlords. International students without a Swedish personal number can also obtain their student housing through them. The earlier you register in the queue, the better your chances of securing a place. The waiting time you accumulate can also be used to apply for other types of housing, both during and after your studies.<br><a href=\"http:\/\/www.bostad.uppsala.se\">bostad.uppsala.se<\/a><\/p>\n\n\n\n<h4 class=\"wp-block-heading\"><strong>Ansgarsg\u00e5rden<\/strong><\/h4>\n\n\n\n<p>Ansgarsg\u00e5rden is a church-affiliated student residence with around a hundred rooms and apartments in central Uppsala.<br><a href=\"http:\/\/www.ansgar.nu\">www.ansgar.nu<\/a><\/p>\n\n\n\n<h4 class=\"wp-block-heading\"><strong>Nykterhetsv\u00e4nnernas studenthem<\/strong><\/h4>\n\n\n\n<p>In central Uppsala, there is the Nykterhetsv\u00e4nnernas studenthem, primarily intended for students who have taken a pledge of sobriety.<br><a href=\"https:\/\/studenthemmetarken.se\/\">Nykterhetsv\u00e4nnernas studenthem<\/a><\/p>\n\n\n\n<h4 class=\"wp-block-heading\"><strong>Waldenstr\u00f6mska studenhemmet<\/strong><\/h4>\n\n\n\n<p>Waldenstr\u00f6mska studenthemmet is another student residence that gives priority to students affiliated with Christian congregations.<br><a href=\"http:\/\/www.waldenstromska.se\">www.waldenstromska.se<\/a><\/p>\n\n\n\n<h4 class=\"wp-block-heading\"><strong>Vals\u00e4trakyrkan<\/strong><\/h4>\n\n\n\n<p>Vals\u00e4trakyrkan has student housing in Vals\u00e4tra. More information can be found here:<br><a href=\"http:\/\/www.valsatrakyrkan.se\/studentboende\">http:\/\/www.valsatrakyrkan.se\/studentboende<\/a><\/p>","protected":false},"excerpt":{"rendered":"<p>Ultuna Campus ligger ca 5 km s\u00f6der om Uppsalas stadsk\u00e4rna. Det tar ca 20 minuter att cykla fr\u00e5n centrala Uppsala&hellip;<\/p>","protected":false},"author":3,"featured_media":0,"parent":320,"menu_order":0,"comment_status":"closed","ping_status":"closed","template":"","meta":{"footnotes":""},"class_list":["post-326","page","type-page","status-publish","hentry"],"_links":{"self":[{"href":"https:\/\/ultunastudentkar.se\/en\/wp-json\/wp\/v2\/pages\/326","targetHints":{"allow":["GET"]}}],"collection":[{"href":"https:\/\/ultunastudentkar.se\/en\/wp-json\/wp\/v2\/pages"}],"about":[{"href":"https:\/\/ultunastudentkar.se\/en\/wp-json\/wp\/v2\/types\/page"}],"author":[{"embeddable":true,"href":"https:\/\/ultunastudentkar.se\/en\/wp-json\/wp\/v2\/users\/3"}],"replies":[{"embeddable":true,"href":"https:\/\/ultunastudentkar.se\/en\/wp-json\/wp\/v2\/comments?post=326"}],"version-history":[{"count":14,"href":"https:\/\/ultunastudentkar.se\/en\/wp-json\/wp\/v2\/pages\/326\/revisions"}],"predecessor-version":[{"id":6421,"href":"https:\/\/ultunastudentkar.se\/en\/wp-json\/wp\/v2\/pages\/326\/revisions\/6421"}],"up":[{"embeddable":true,"href":"https:\/\/ultunastudentkar.se\/en\/wp-json\/wp\/v2\/pages\/320"}],"wp:attachment":[{"href":"https:\/\/ultunastudentkar.se\/en\/wp-json\/wp\/v2\/media?parent=326"}],"curies":[{"name":"wp","href":"https:\/\/api.w.org\/{rel}","templated":true}]}}