{"id":310,"date":"2016-06-16T09:46:14","date_gmt":"2016-06-16T09:46:14","guid":{"rendered":"http:\/\/uls.nu\/?page_id=310"},"modified":"2026-04-09T21:02:02","modified_gmt":"2026-04-09T19:02:02","slug":"arons-hus","status":"publish","type":"page","link":"https:\/\/ultunastudentkar.se\/en\/hyr-av-oss\/arons-hus\/","title":{"rendered":"Aron's House"},"content":{"rendered":"<div class=\"wp-block-columns is-layout-flex wp-container-core-columns-is-layout-9d6595d7 wp-block-columns-is-layout-flex\">\n<div class=\"wp-block-column is-layout-flow wp-block-column-is-layout-flow\" style=\"flex-basis:66.66%\">\n<p>In central B\u00e5stad on the salt-sprayed west coast lies ULS\u2019s own little vacation house: Aron's House. The house was donated to the Union by Aron and Paola Westerlund in 1975. Aron, with the Union name BUDDHA, was one of Ultuna\u2019s prominent professors in animal anatomy and physiology and also served as the Union\u2019s inspector from 1934-1949.<\/p>\n\n\n\n<p>The house was built at the end of the 18th century and has been renovated several times. Much of the old charm remains alongside modern amenities such as a shower, refrigerator, and electric heating. There are three bedrooms with a total of eight beds.<\/p>\n\n\n\n<p>The kitchen is fully equipped. You may use the fireplace, but you must bring your own firewood. The house now also has WiFi! The plot is large and spacious, and outdoor furniture is available for both the balcony and veranda\/garden. Finally, the central location is almost unbeatable, with approximately 150 meters to the sea and about 200 meters to Pepe\u2019s Bodega.<\/p>\n\n\n\n<p>Since the Union took over the house, many Ultuna students have spent a weekend or vacation week there, something warmly recommended by all who have stayed.<\/p>\n\n\n\n<h4 class=\"wp-block-heading\">Aron's House Address:<\/h4>\n\n\n\n<p>Glosastr\u00e4de 2<br>269 33 B\u00c5STAD<\/p>\n\n\n\n<h4 class=\"wp-block-heading\">Booking Rules and Prices<\/h4>\n\n\n\n<p>From January 1st, price class 1 can book the house. For price classes 2 and 3, booking opens on March 1st. Booking is on a first-come, first-served basis for all classes.<\/p>\n\n\n\n<p>Arons Hus can be booked by members and supporting members of the Ultuna and Alnarp student unions, as well as employees at SLU. The house is mainly rented on a weekly basis.<\/p>\n\n\n\n<p><strong>No pets are allowed when renting and staying at Arons Hus.<\/strong><\/p>\n\n\n\n<p><strong>Cancellations <\/strong>should be made as soon as possible to the booking manager. For cancellations of summer or peak-season weeks, this must be done before May 1st. A cancellation fee of 100 SEK applies. Cancellations after May 1st will incur a charge of half the rental fee. For refunds during other times, cancellations must be made at least two weeks before the rental period begins.<\/p>\n<\/div>\n\n\n\n<div class=\"wp-block-column is-layout-flow wp-block-column-is-layout-flow\" style=\"flex-basis:33.33%\">\n<h3 class=\"wp-block-heading\">Booking Arons Hus<\/h3>\n\n\n\n<p><strong><em>Contact the Union\u2019s secretary at uls_sekr@stud.slu.se\n to book Arons House!<\/em><\/strong><\/p>\n\n\n\n<p><strong>Kalender<\/strong><br>Below, you will find the availability of Arons house.<br>If you are interested in booking the house for less than a week, please contact the Union's secretary to get more information about its availability!<\/p>\n\n\n\n<p>Green = Available week<br>Red = Booked week<\/p>\n\n\n\n<iframe src=\"https:\/\/docs.google.com\/spreadsheets\/d\/e\/2PACX-1vT4FNkdFWpcMlFS-XRwL-2wJIqna-20Ie8ySgj7NN67aSrzHCWbTlpNmYdv_xo6QcYA4Pq8NWcj73Q6\/pubhtml?gid=0&amp;single=true&amp;widget=true&amp;headers=false\" \nstyle=\"width:325px; height:400px !important; border:none;\">\n<\/iframe>\n<\/div>\n<\/div>\n\n\n\n<h4 class=\"wp-block-heading\"><\/h4>\n\n\n\n<p>Price Class 1: Student members of Ultuna and Alnarp student unions<br>Price Class 2: Supporting members of Ultuna and Alnarp student unions<br>Price Class 3: Employees or students at SLU who are not union members<br>All prices below are presented in the order of Class 1, 2, and 3.<\/p>\n\n\n\n<p>Peak Season (Weeks 25\u201331):<br>6,000; 8,800; 9,700 SEK per week<\/p>\n\n\n\n<p>Tennis Week (WOMEN):<br>10,000; 16,000; 18,000 SEK per week<\/p>\n\n\n\n<p>Tennis Week (MEN):<br>10,000; 16,000; 18,000 SEK per week<\/p>\n\n\n\n<p>Other Summer Weeks (Weeks 22\u201324 and 32\u201334):<br>5,500; 8,000; 9,200 SEK per week<\/p>\n\n\n\n<p>Other weeks:<br>Per night: 650; 950; 1,050 SEK<br>Per weekend: 2,000; 3,000; 3,500 SEK<br>Per week: 3,500; 4,500; 5,000 SEK<\/p>\n\n\n\n<p><\/p>\n\n\n\n<figure class=\"wp-block-image size-full\"><img loading=\"lazy\" decoding=\"async\" width=\"768\" height=\"1024\" src=\"http:\/\/ultunastudentkar.se\/wp-content\/uploads\/2016\/06\/IMG_6517-768x1024.jpg\" alt=\"\" class=\"wp-image-473\" srcset=\"https:\/\/ultunastudentkar.se\/wp-content\/uploads\/2016\/06\/IMG_6517-768x1024.jpg 768w, https:\/\/ultunastudentkar.se\/wp-content\/uploads\/2016\/06\/IMG_6517-225x300.jpg 225w, https:\/\/ultunastudentkar.se\/wp-content\/uploads\/2016\/06\/IMG_6517-640x853.jpg 640w, https:\/\/ultunastudentkar.se\/wp-content\/uploads\/2016\/06\/IMG_6517-940x1253.jpg 940w, https:\/\/ultunastudentkar.se\/wp-content\/uploads\/2016\/06\/IMG_6517.jpg 1536w\" sizes=\"auto, (max-width: 768px) 100vw, 768px\" \/><\/figure>\n\n\n\n<div class=\"wp-block-columns is-layout-flex wp-container-core-columns-is-layout-9d6595d7 wp-block-columns-is-layout-flex\">\n<div class=\"wp-block-column is-layout-flow wp-block-column-is-layout-flow\">\n<figure class=\"wp-block-image\"><img loading=\"lazy\" decoding=\"async\" width=\"225\" height=\"300\" src=\"http:\/\/ultunastudentkar.se\/wp-content\/uploads\/2021\/04\/arons4.jpg\" alt=\"\" class=\"wp-image-3513\"\/><\/figure>\n<\/div>\n\n\n\n<div class=\"wp-block-column is-layout-flow wp-block-column-is-layout-flow\">\n<figure class=\"wp-block-image\"><img loading=\"lazy\" decoding=\"async\" width=\"225\" height=\"300\" src=\"http:\/\/ultunastudentkar.se\/wp-content\/uploads\/2021\/04\/arons3.jpg\" alt=\"\" class=\"wp-image-3512\"\/><\/figure>\n<\/div>\n\n\n\n<div class=\"wp-block-column is-layout-flow wp-block-column-is-layout-flow\">\n<h3 class=\"wp-block-heading\"><img loading=\"lazy\" decoding=\"async\" src=\"http:\/\/ultunastudentkar.se\/wp-content\/uploads\/2021\/04\/arons2.jpg\" alt=\"\" width=\"225\" height=\"300\"><\/h3>\n<\/div>\n<\/div>\n\n\n\n<figure class=\"wp-block-image size-full\"><img loading=\"lazy\" decoding=\"async\" width=\"933\" height=\"436\" src=\"http:\/\/ultunastudentkar.se\/wp-content\/uploads\/2021\/04\/arons.png\" alt=\"\" class=\"wp-image-3510\" srcset=\"https:\/\/ultunastudentkar.se\/wp-content\/uploads\/2021\/04\/arons.png 933w, https:\/\/ultunastudentkar.se\/wp-content\/uploads\/2021\/04\/arons-300x140.png 300w, https:\/\/ultunastudentkar.se\/wp-content\/uploads\/2021\/04\/arons-768x359.png 768w\" sizes=\"auto, (max-width: 933px) 100vw, 933px\" \/><\/figure>\n\n\n\n<figure class=\"wp-block-embed is-type-video is-provider-youtube wp-block-embed-youtube wp-embed-aspect-16-9 wp-has-aspect-ratio\"><div class=\"wp-block-embed__wrapper\">\n<iframe loading=\"lazy\" title=\"Aron&#039;s House in B\u00e5stad\" width=\"688\" height=\"387\" src=\"https:\/\/www.youtube.com\/embed\/GpohPLKW64M?feature=oembed\" frameborder=\"0\" allow=\"accelerometer; autoplay; clipboard-write; encrypted-media; gyroscope; picture-in-picture; web-share\" referrerpolicy=\"strict-origin-when-cross-origin\" allowfullscreen><\/iframe>\n<\/div><\/figure>","protected":false},"excerpt":{"rendered":"<p>I centrala B\u00e5stad p\u00e5 den saltst\u00e4nkta v\u00e4stkusten ligger ULS:s eget lilla semesterhus; Arons Hus. Huset donerades till K\u00e5ren av Aron&hellip;<\/p>","protected":false},"author":3,"featured_media":0,"parent":228,"menu_order":0,"comment_status":"closed","ping_status":"closed","template":"","meta":{"footnotes":""},"class_list":["post-310","page","type-page","status-publish","hentry"],"_links":{"self":[{"href":"https:\/\/ultunastudentkar.se\/en\/wp-json\/wp\/v2\/pages\/310","targetHints":{"allow":["GET"]}}],"collection":[{"href":"https:\/\/ultunastudentkar.se\/en\/wp-json\/wp\/v2\/pages"}],"about":[{"href":"https:\/\/ultunastudentkar.se\/en\/wp-json\/wp\/v2\/types\/page"}],"author":[{"embeddable":true,"href":"https:\/\/ultunastudentkar.se\/en\/wp-json\/wp\/v2\/users\/3"}],"replies":[{"embeddable":true,"href":"https:\/\/ultunastudentkar.se\/en\/wp-json\/wp\/v2\/comments?post=310"}],"version-history":[{"count":61,"href":"https:\/\/ultunastudentkar.se\/en\/wp-json\/wp\/v2\/pages\/310\/revisions"}],"predecessor-version":[{"id":6605,"href":"https:\/\/ultunastudentkar.se\/en\/wp-json\/wp\/v2\/pages\/310\/revisions\/6605"}],"up":[{"embeddable":true,"href":"https:\/\/ultunastudentkar.se\/en\/wp-json\/wp\/v2\/pages\/228"}],"wp:attachment":[{"href":"https:\/\/ultunastudentkar.se\/en\/wp-json\/wp\/v2\/media?parent=310"}],"curies":[{"name":"wp","href":"https:\/\/api.w.org\/{rel}","templated":true}]}}