{"id":307,"date":"2016-06-16T09:46:05","date_gmt":"2016-06-16T09:46:05","guid":{"rendered":"http:\/\/uls.nu\/?page_id=307"},"modified":"2026-04-03T15:24:46","modified_gmt":"2026-04-03T13:24:46","slug":"hyra-karhuset","status":"publish","type":"page","link":"https:\/\/ultunastudentkar.se\/en\/hyr-av-oss\/hyra-karhuset\/","title":{"rendered":"Rent the union building"},"content":{"rendered":"<div class=\"wp-block-columns is-layout-flex wp-container-core-columns-is-layout-9d6595d7 wp-block-columns-is-layout-flex\">\n<div class=\"wp-block-column is-layout-flow wp-block-column-is-layout-flow\" style=\"flex-basis:66.66%\">\n<h4 class=\"wp-block-heading\">Weddings, parties, and anniversaries<\/h4>\n\n\n\n<p>Wedding celebration in a rural idyll just 5 km from Uppsala city center? K\u00e5rhuset is a beautiful old barn that can accommodate 130 seated guests.<\/p>\n\n\n\n<p>50th birthday party? Class reunion? Staff party? ULS Union House is the perfect venue! The Union House can accommodate 300 people for mingling and 130 seated in the main hall.<\/p>\n\n\n\n<p><a href=\"https:\/\/ultunastudentkar.se\/en\/hyr-av-oss\/hyra-karhuset\/brollop\/\">You can find more information and pricing here<\/a><\/p>\n\n\n\n<h4 class=\"wp-block-heading\">The PhD Defense Package<\/h4>\n\n\n\n<p>When you defend your doctoral thesis, the Union venue is perfect for your celebration. The venue is very flexible and can accommodate everything from mingling to a three-course dinner with dancing afterward. The space can hold up to 300 people for mingling and up to 130 seated.<\/p>\n\n\n\n<p><a href=\"https:\/\/ultunastudentkar.se\/en\/hyr-av-oss\/hyra-karhuset\/disputationspaketet\/\">You can find more information and pricing here<\/a><\/p>\n\n\n\n<h4 class=\"wp-block-heading\">For members<\/h4>\n\n\n\n<p>If you are a student and an SLUSS member, you can rent the K\u00e5rhuset for, for example, your 25th birthday party at a very favorable price!<\/p>\n\n\n\n<p><a href=\"https:\/\/ultunastudentkar.se\/en\/hyr-av-oss\/hyra-karhuset\/for-studenter\/\">Click here to read more<\/a><\/p>\n<\/div>\n\n\n\n<div class=\"wp-block-column is-layout-flow wp-block-column-is-layout-flow\" style=\"flex-basis:33.33%\">\n<h3 class=\"wp-block-heading\"><strong>Book the Union House?<\/strong><\/h3>\n\n\n\n<p>To make a booking, view the venue or if you have any questions or concerns,<br>Contact:<\/p>\n\n\n\n<p>Union House Master<br>M\u00e5ns RIM SHADY Mosca<br>076-115 32 07<br>uls_khm@stud.slu.se<\/p>\n<\/div>\n<\/div>","protected":false},"excerpt":{"rendered":"<p>Br\u00f6llop, fest och jubileum Br\u00f6llopsfest i en lantlig idyll 5 km fr\u00e5n Uppsala centrum? K\u00e5rhuset \u00e4r en vacker gammal lada&hellip;<\/p>","protected":false},"author":5,"featured_media":0,"parent":228,"menu_order":1,"comment_status":"closed","ping_status":"closed","template":"","meta":{"footnotes":""},"class_list":["post-307","page","type-page","status-publish","hentry"],"_links":{"self":[{"href":"https:\/\/ultunastudentkar.se\/en\/wp-json\/wp\/v2\/pages\/307","targetHints":{"allow":["GET"]}}],"collection":[{"href":"https:\/\/ultunastudentkar.se\/en\/wp-json\/wp\/v2\/pages"}],"about":[{"href":"https:\/\/ultunastudentkar.se\/en\/wp-json\/wp\/v2\/types\/page"}],"author":[{"embeddable":true,"href":"https:\/\/ultunastudentkar.se\/en\/wp-json\/wp\/v2\/users\/5"}],"replies":[{"embeddable":true,"href":"https:\/\/ultunastudentkar.se\/en\/wp-json\/wp\/v2\/comments?post=307"}],"version-history":[{"count":21,"href":"https:\/\/ultunastudentkar.se\/en\/wp-json\/wp\/v2\/pages\/307\/revisions"}],"predecessor-version":[{"id":6433,"href":"https:\/\/ultunastudentkar.se\/en\/wp-json\/wp\/v2\/pages\/307\/revisions\/6433"}],"up":[{"embeddable":true,"href":"https:\/\/ultunastudentkar.se\/en\/wp-json\/wp\/v2\/pages\/228"}],"wp:attachment":[{"href":"https:\/\/ultunastudentkar.se\/en\/wp-json\/wp\/v2\/media?parent=307"}],"curies":[{"name":"wp","href":"https:\/\/api.w.org\/{rel}","templated":true}]}}