{"id":298,"date":"2016-06-16T09:34:57","date_gmt":"2016-06-16T09:34:57","guid":{"rendered":"http:\/\/uls.nu\/?page_id=298"},"modified":"2018-02-20T16:03:43","modified_gmt":"2018-02-20T14:03:43","slug":"studiebevakning","status":"publish","type":"page","link":"https:\/\/ultunastudentkar.se\/en\/utbildning\/studiebevakning\/","title":{"rendered":"Academic monitoring"},"content":{"rendered":"<p>Ultuna studentk\u00e5rs viktigaste uppgift \u00e4r studiebevakning. B\u00e5de den nationella utbildningspolitiken och utbildningsfr\u00e5gorna som drivs vid SLU har direkt p\u00e5verkan p\u00e5 din utbildning. Genom studentk\u00e5ren kan du g\u00f6ra din r\u00f6st h\u00f6rd f\u00f6r att utbildningarnas inneh\u00e5ll och kvalitet kontinuerligt ska f\u00f6rb\u00e4ttras. Studenter vid ett universitet eller en h\u00f6gskola har enligt lag r\u00e4tt att representera studenternas intressen i alla de olika beslutande organen p\u00e5 universitetet eller h\u00f6gskolan. Detta \u00e4r en stor m\u00f6jlighet f\u00f6r oss som studenter! Tycker du till exempel att ditt utbildningsprogram inte h\u00e5ller vad man har lovat i utbildningskatalogen, eller anser du att det har varit f\u00f6r f\u00e5 laborationstimmar under en kurs kan dina valda representanter fr\u00e5n Ultuna studentk\u00e5r f\u00f6ra fram dessa synpunkter och driva de fr\u00e5gor du tycker \u00e4r viktiga gentemot universitetet s\u00e5 att utbildningarnas kvalitet hela tiden h\u00f6js.<\/p>\n<p>Studiebevakningen samordnas\u00a0av Ultuna Studentk\u00e5rs vice ordf\u00f6rande med ansvar f\u00f6r utbildningsfr\u00e5gor. P\u00e5 s\u00e5 kallade StudU-m\u00f6ten tr\u00e4ffas samtliga studier\u00e5d och diskuterar gemensamma fr\u00e5gor.<\/p>\n<p>Ulrik NAVIGATOR Bergsland, vice ordf\u00f6rande med ansvar f\u00f6r utbildningsfr\u00e5gor, Ultuna Studentk\u00e5rs styrelse 2016, uls_utb(at)stud.slu.se<\/p>\n<address>\n<address>\n<address>Tel: 018-67 30 50\u00a0<\/address>\n<address>Mobil: 073 036 82 37<\/address>\n<address>Fax: 018-30 28 36<\/address>\n<address>\u00a0<\/address>\n<\/address>\n<address>Bes\u00f6ksadress: Duhrev\u00e4gen 6<\/address>\n<p>Box 7074<\/p><\/address>\n<address>750 07 Uppsala\u00a0<\/address>\n<address>\u00a0<\/address>\n<address>\u00a0<\/address>","protected":false},"excerpt":{"rendered":"<p>Ultuna studentk\u00e5rs viktigaste uppgift \u00e4r studiebevakning. B\u00e5de den nationella utbildningspolitiken och utbildningsfr\u00e5gorna som drivs vid SLU har direkt p\u00e5verkan p\u00e5&hellip;<\/p>","protected":false},"author":3,"featured_media":0,"parent":193,"menu_order":0,"comment_status":"closed","ping_status":"closed","template":"","meta":{"footnotes":""},"class_list":["post-298","page","type-page","status-publish","hentry"],"_links":{"self":[{"href":"https:\/\/ultunastudentkar.se\/en\/wp-json\/wp\/v2\/pages\/298","targetHints":{"allow":["GET"]}}],"collection":[{"href":"https:\/\/ultunastudentkar.se\/en\/wp-json\/wp\/v2\/pages"}],"about":[{"href":"https:\/\/ultunastudentkar.se\/en\/wp-json\/wp\/v2\/types\/page"}],"author":[{"embeddable":true,"href":"https:\/\/ultunastudentkar.se\/en\/wp-json\/wp\/v2\/users\/3"}],"replies":[{"embeddable":true,"href":"https:\/\/ultunastudentkar.se\/en\/wp-json\/wp\/v2\/comments?post=298"}],"version-history":[{"count":1,"href":"https:\/\/ultunastudentkar.se\/en\/wp-json\/wp\/v2\/pages\/298\/revisions"}],"predecessor-version":[{"id":299,"href":"https:\/\/ultunastudentkar.se\/en\/wp-json\/wp\/v2\/pages\/298\/revisions\/299"}],"up":[{"embeddable":true,"href":"https:\/\/ultunastudentkar.se\/en\/wp-json\/wp\/v2\/pages\/193"}],"wp:attachment":[{"href":"https:\/\/ultunastudentkar.se\/en\/wp-json\/wp\/v2\/media?parent=298"}],"curies":[{"name":"wp","href":"https:\/\/api.w.org\/{rel}","templated":true}]}}