{"id":282,"date":"2016-06-16T08:29:02","date_gmt":"2016-06-16T08:29:02","guid":{"rendered":"http:\/\/uls.nu\/?page_id=282"},"modified":"2025-04-24T12:52:50","modified_gmt":"2025-04-24T10:52:50","slug":"medlemsformaner","status":"publish","type":"page","link":"https:\/\/ultunastudentkar.se\/en\/bli-medlem\/medlemsformaner\/","title":{"rendered":"Membership benefits"},"content":{"rendered":"<p><\/p>\n\n\n\n<div class=\"wp-block-group\"><div class=\"wp-block-group__inner-container is-layout-constrained wp-block-group-is-layout-constrained\">\n<h2 class=\"wp-block-heading\">Live at SUSbo - Housing close to Campus<\/h2>\n\n\n\n<p class=\"has-text-color has-link-color wp-elements-3ca065908ef15c783ea48e158dd1bc15\" style=\"color:#17733e\"><mark style=\"background-color:rgba(0, 0, 0, 0);color:#000000\" class=\"has-inline-color\">As a Union member, you have the opportunity to live in the popular residences at G\u00e4lbo and Kron\u00e5sen through the Ultuna Student Housing Foundation (SUSbo). Read more about this at<\/mark> <span style=\"text-decoration: underline;\"><a href=\"http:\/\/www.susbo.se\"><strong>susbo.se<\/strong><\/a>.<\/span><\/p>\n\n\n\n<figure class=\"wp-block-image size-large is-resized\"><img loading=\"lazy\" decoding=\"async\" width=\"1024\" height=\"328\" src=\"https:\/\/ultunastudentkar.se\/wp-content\/uploads\/2024\/08\/img_50991_bakgrundsbild-1024x328.jpg\" alt=\"\" class=\"wp-image-4861\" style=\"width:631px;height:auto\" srcset=\"https:\/\/ultunastudentkar.se\/wp-content\/uploads\/2024\/08\/img_50991_bakgrundsbild-1024x328.jpg 1024w, https:\/\/ultunastudentkar.se\/wp-content\/uploads\/2024\/08\/img_50991_bakgrundsbild-300x96.jpg 300w, https:\/\/ultunastudentkar.se\/wp-content\/uploads\/2024\/08\/img_50991_bakgrundsbild-768x246.jpg 768w, https:\/\/ultunastudentkar.se\/wp-content\/uploads\/2024\/08\/img_50991_bakgrundsbild-1536x492.jpg 1536w, https:\/\/ultunastudentkar.se\/wp-content\/uploads\/2024\/08\/img_50991_bakgrundsbild-18x6.jpg 18w, https:\/\/ultunastudentkar.se\/wp-content\/uploads\/2024\/08\/img_50991_bakgrundsbild-1600x512.jpg 1600w, https:\/\/ultunastudentkar.se\/wp-content\/uploads\/2024\/08\/img_50991_bakgrundsbild.jpg 1800w\" sizes=\"auto, (max-width: 1024px) 100vw, 1024px\" \/><\/figure>\n<\/div><\/div>\n\n\n\n<hr class=\"wp-block-separator has-alpha-channel-opacity is-style-default\"\/>\n\n\n\n<div class=\"wp-block-group\"><div class=\"wp-block-group__inner-container is-layout-constrained wp-block-group-is-layout-constrained\">\n<h2 class=\"wp-block-heading\">Scholarships<\/h2>\n\n\n\n<p>As a student at Ultuna and as a<strong> union member<\/strong> there are many scholarships that can be applied for throughout the year. Some are directly connected to our student union in some way, while others are entirely external.<\/p>\n\n\n\n<h5 class=\"wp-block-heading has-text-color has-link-color wp-elements-bfe6ceb9e5336b0a515781c87079d283\" style=\"color:#17733e\"><a href=\"http:\/\/ultunastudentkar.se\/index.php\/studiesocialt\/stipendier\/\" data-type=\"link\" data-id=\"http:\/\/ultunastudentkar.se\/index.php\/studiesocialt\/stipendier\/\">Here you can find current scholarships to apply for!<\/a><\/h5>\n<\/div><\/div>\n\n\n\n<hr class=\"wp-block-separator has-alpha-channel-opacity\"\/>\n\n\n\n<h2 class=\"wp-block-heading\">Do you want to attend the graduation ball?<\/h2>\n\n\n\n<p>When you finally graduate, as a member you are welcome to attend the graduation pub, photo session, ceremonial event, and ball.&nbsp;<\/p>\n\n\n\n<figure class=\"wp-block-gallery has-nested-images columns-default is-cropped wp-block-gallery-1 is-layout-flex wp-block-gallery-is-layout-flex\">\n<figure class=\"wp-block-image size-large\"><img loading=\"lazy\" decoding=\"async\" width=\"1000\" height=\"1000\" data-id=\"4866\" src=\"https:\/\/ultunastudentkar.se\/wp-content\/uploads\/2024\/08\/Kandidatbal-AH-127-edited.jpg\" alt=\"\" class=\"wp-image-4866\" srcset=\"https:\/\/ultunastudentkar.se\/wp-content\/uploads\/2024\/08\/Kandidatbal-AH-127-edited.jpg 1000w, https:\/\/ultunastudentkar.se\/wp-content\/uploads\/2024\/08\/Kandidatbal-AH-127-edited-300x300.jpg 300w, https:\/\/ultunastudentkar.se\/wp-content\/uploads\/2024\/08\/Kandidatbal-AH-127-edited-150x150.jpg 150w, https:\/\/ultunastudentkar.se\/wp-content\/uploads\/2024\/08\/Kandidatbal-AH-127-edited-768x768.jpg 768w, https:\/\/ultunastudentkar.se\/wp-content\/uploads\/2024\/08\/Kandidatbal-AH-127-edited-12x12.jpg 12w\" sizes=\"auto, (max-width: 1000px) 100vw, 1000px\" \/><\/figure>\n\n\n\n<figure class=\"wp-block-image size-large\"><img loading=\"lazy\" decoding=\"async\" width=\"206\" height=\"206\" data-id=\"4863\" src=\"https:\/\/ultunastudentkar.se\/wp-content\/uploads\/2024\/08\/347245754_647485354072666_5658817496309796341_n.jpg\" alt=\"\" class=\"wp-image-4863\" srcset=\"https:\/\/ultunastudentkar.se\/wp-content\/uploads\/2024\/08\/347245754_647485354072666_5658817496309796341_n.jpg 206w, https:\/\/ultunastudentkar.se\/wp-content\/uploads\/2024\/08\/347245754_647485354072666_5658817496309796341_n-150x150.jpg 150w, https:\/\/ultunastudentkar.se\/wp-content\/uploads\/2024\/08\/347245754_647485354072666_5658817496309796341_n-12x12.jpg 12w\" sizes=\"auto, (max-width: 206px) 100vw, 206px\" \/><\/figure>\n\n\n\n<figure class=\"wp-block-image size-large\"><img loading=\"lazy\" decoding=\"async\" width=\"1000\" height=\"1000\" data-id=\"4867\" src=\"https:\/\/ultunastudentkar.se\/wp-content\/uploads\/2024\/08\/Kandidatbal-AH-53-edited.jpg\" alt=\"\" class=\"wp-image-4867\" srcset=\"https:\/\/ultunastudentkar.se\/wp-content\/uploads\/2024\/08\/Kandidatbal-AH-53-edited.jpg 1000w, https:\/\/ultunastudentkar.se\/wp-content\/uploads\/2024\/08\/Kandidatbal-AH-53-edited-300x300.jpg 300w, https:\/\/ultunastudentkar.se\/wp-content\/uploads\/2024\/08\/Kandidatbal-AH-53-edited-150x150.jpg 150w, https:\/\/ultunastudentkar.se\/wp-content\/uploads\/2024\/08\/Kandidatbal-AH-53-edited-768x768.jpg 768w, https:\/\/ultunastudentkar.se\/wp-content\/uploads\/2024\/08\/Kandidatbal-AH-53-edited-12x12.jpg 12w\" sizes=\"auto, (max-width: 1000px) 100vw, 1000px\" \/><\/figure>\n\n\n\n<figure class=\"wp-block-image size-large\"><img loading=\"lazy\" decoding=\"async\" width=\"1024\" height=\"683\" data-id=\"4870\" src=\"https:\/\/ultunastudentkar.se\/wp-content\/uploads\/2024\/08\/356727526_647509607403574_1103470814336735665_n-1024x683.jpg\" alt=\"\" class=\"wp-image-4870\" srcset=\"https:\/\/ultunastudentkar.se\/wp-content\/uploads\/2024\/08\/356727526_647509607403574_1103470814336735665_n-1024x683.jpg 1024w, https:\/\/ultunastudentkar.se\/wp-content\/uploads\/2024\/08\/356727526_647509607403574_1103470814336735665_n-300x200.jpg 300w, https:\/\/ultunastudentkar.se\/wp-content\/uploads\/2024\/08\/356727526_647509607403574_1103470814336735665_n-768x512.jpg 768w, https:\/\/ultunastudentkar.se\/wp-content\/uploads\/2024\/08\/356727526_647509607403574_1103470814336735665_n-1536x1024.jpg 1536w, https:\/\/ultunastudentkar.se\/wp-content\/uploads\/2024\/08\/356727526_647509607403574_1103470814336735665_n-18x12.jpg 18w, https:\/\/ultunastudentkar.se\/wp-content\/uploads\/2024\/08\/356727526_647509607403574_1103470814336735665_n-1600x1067.jpg 1600w, https:\/\/ultunastudentkar.se\/wp-content\/uploads\/2024\/08\/356727526_647509607403574_1103470814336735665_n.jpg 1920w\" sizes=\"auto, (max-width: 1024px) 100vw, 1024px\" \/><\/figure>\n\n\n\n<figure class=\"wp-block-image size-large\"><img loading=\"lazy\" decoding=\"async\" width=\"1024\" height=\"683\" data-id=\"4868\" src=\"https:\/\/ultunastudentkar.se\/wp-content\/uploads\/2024\/08\/457233591_899152402239292_2805575023528247841_n-1024x683.jpg\" alt=\"\" class=\"wp-image-4868\" srcset=\"https:\/\/ultunastudentkar.se\/wp-content\/uploads\/2024\/08\/457233591_899152402239292_2805575023528247841_n-1024x683.jpg 1024w, https:\/\/ultunastudentkar.se\/wp-content\/uploads\/2024\/08\/457233591_899152402239292_2805575023528247841_n-300x200.jpg 300w, https:\/\/ultunastudentkar.se\/wp-content\/uploads\/2024\/08\/457233591_899152402239292_2805575023528247841_n-768x512.jpg 768w, https:\/\/ultunastudentkar.se\/wp-content\/uploads\/2024\/08\/457233591_899152402239292_2805575023528247841_n-18x12.jpg 18w, https:\/\/ultunastudentkar.se\/wp-content\/uploads\/2024\/08\/457233591_899152402239292_2805575023528247841_n.jpg 1500w\" sizes=\"auto, (max-width: 1024px) 100vw, 1024px\" \/><\/figure>\n\n\n\n<figure class=\"wp-block-image size-large\"><img loading=\"lazy\" decoding=\"async\" width=\"1024\" height=\"683\" data-id=\"4869\" src=\"https:\/\/ultunastudentkar.se\/wp-content\/uploads\/2024\/08\/457372188_899141178907081_3411307675952855066_n-1024x683.jpg\" alt=\"\" class=\"wp-image-4869\" srcset=\"https:\/\/ultunastudentkar.se\/wp-content\/uploads\/2024\/08\/457372188_899141178907081_3411307675952855066_n-1024x683.jpg 1024w, https:\/\/ultunastudentkar.se\/wp-content\/uploads\/2024\/08\/457372188_899141178907081_3411307675952855066_n-300x200.jpg 300w, https:\/\/ultunastudentkar.se\/wp-content\/uploads\/2024\/08\/457372188_899141178907081_3411307675952855066_n-768x512.jpg 768w, https:\/\/ultunastudentkar.se\/wp-content\/uploads\/2024\/08\/457372188_899141178907081_3411307675952855066_n-18x12.jpg 18w, https:\/\/ultunastudentkar.se\/wp-content\/uploads\/2024\/08\/457372188_899141178907081_3411307675952855066_n.jpg 1500w\" sizes=\"auto, (max-width: 1024px) 100vw, 1024px\" \/><\/figure>\n<\/figure>\n\n\n\n<hr class=\"wp-block-separator has-alpha-channel-opacity\"\/>\n\n\n\n<h2 class=\"wp-block-heading\">Dinners and Events<\/h2>\n\n\n\n<p>As a member, you receive about a 20% discount and priority access to dinner tickets, study trips, \"spex\" tickets, and more.&nbsp;<\/p>\n\n\n\n<hr class=\"wp-block-separator has-alpha-channel-opacity\"\/>\n\n\n\n<h2 class=\"wp-block-heading\">Do you own a dog?<\/h2>\n\n\n\n<h4 class=\"wp-block-heading\">The Union has dog kennels on campus!<\/h4>\n\n\n\n<p>As a Union Member you have the opportunity to apply for a dog place in ULS kennels. You need to be a member of the Union both to queue for a dog kennel place and to be able to rent one.<\/p>\n\n\n\n<hr class=\"wp-block-separator has-alpha-channel-opacity\"\/>\n\n\n\n<h2 class=\"wp-block-heading\">Renting<\/h2>\n\n\n\n<p class=\"has-text-color has-link-color wp-elements-ef3f131c91d8f7aedb2aa9771caf7d64\" style=\"color:#17733e\"><mark style=\"background-color:rgba(0, 0, 0, 0);color:#000000\" class=\"has-inline-color\">As a member, you can rent the Union\u2019s premises at favorable rates!<\/mark> <a href=\"http:\/\/ultunastudentkar.se\/index.php\/hyr-av-oss\/hyra-karhuset\/\"><span style=\"text-decoration: underline;\">Click here<\/span><\/a> <mark style=\"background-color:rgba(0, 0, 0, 0);color:#000000\" class=\"has-inline-color\">to read more.<\/mark><\/p>\n\n\n\n<ul class=\"wp-block-list\">\n<li class=\"has-medium-font-size\">Student union house<\/li>\n\n\n\n<li class=\"has-medium-font-size\">Aron's House in B\u00e5stad<\/li>\n<\/ul>\n\n\n\n<div class=\"wp-block-columns alignwide are-vertically-aligned-center is-layout-flex wp-container-core-columns-is-layout-9d6595d7 wp-block-columns-is-layout-flex\">\n<div class=\"wp-block-column is-vertically-aligned-center is-layout-flow wp-block-column-is-layout-flow\">\n<figure class=\"wp-block-image size-large\"><img loading=\"lazy\" decoding=\"async\" width=\"1024\" height=\"768\" src=\"https:\/\/ultunastudentkar.se\/wp-content\/uploads\/2016\/06\/k\u00e5rhuset-1024x768.jpg\" alt=\"\" class=\"wp-image-463\" srcset=\"https:\/\/ultunastudentkar.se\/wp-content\/uploads\/2016\/06\/k\u00e5rhuset.jpg 1024w, https:\/\/ultunastudentkar.se\/wp-content\/uploads\/2016\/06\/k\u00e5rhuset-300x225.jpg 300w, https:\/\/ultunastudentkar.se\/wp-content\/uploads\/2016\/06\/k\u00e5rhuset-768x576.jpg 768w, https:\/\/ultunastudentkar.se\/wp-content\/uploads\/2016\/06\/k\u00e5rhuset-640x480.jpg 640w, https:\/\/ultunastudentkar.se\/wp-content\/uploads\/2016\/06\/k\u00e5rhuset-940x705.jpg 940w\" sizes=\"auto, (max-width: 1024px) 100vw, 1024px\" \/><\/figure>\n<\/div>\n\n\n\n<div class=\"wp-block-column is-vertically-aligned-center is-layout-flow wp-block-column-is-layout-flow\">\n<figure class=\"wp-block-image size-large\"><img loading=\"lazy\" decoding=\"async\" width=\"1440\" height=\"1080\" src=\"https:\/\/ultunastudentkar.se\/wp-content\/uploads\/2025\/04\/IMG_1978-edited.jpg\" alt=\"\" class=\"wp-image-5842\" srcset=\"https:\/\/ultunastudentkar.se\/wp-content\/uploads\/2025\/04\/IMG_1978-edited.jpg 1440w, https:\/\/ultunastudentkar.se\/wp-content\/uploads\/2025\/04\/IMG_1978-edited-300x225.jpg 300w, https:\/\/ultunastudentkar.se\/wp-content\/uploads\/2025\/04\/IMG_1978-edited-1024x768.jpg 1024w, https:\/\/ultunastudentkar.se\/wp-content\/uploads\/2025\/04\/IMG_1978-edited-768x576.jpg 768w, https:\/\/ultunastudentkar.se\/wp-content\/uploads\/2025\/04\/IMG_1978-edited-16x12.jpg 16w\" sizes=\"auto, (max-width: 1440px) 100vw, 1440px\" \/><\/figure>\n<\/div>\n<\/div>\n\n\n\n<hr class=\"wp-block-separator has-alpha-channel-opacity\"\/>\n\n\n\n<h2 class=\"wp-block-heading\">Ultunesaren <\/h2>\n\n\n\n<p>Both as a Studying and Support Union Member you receive the Union Magazine Ultunesaren sent to your mailbox. The Union's Podcast, Ultunesarpodden, is available for everyone on spotify. Both Ultunesaren and Ultunesarpodden are entirely in Swedish. <\/p>\n\n\n\n<div class=\"wp-block-columns are-vertically-aligned-center is-layout-flex wp-container-core-columns-is-layout-9d6595d7 wp-block-columns-is-layout-flex\">\n<div class=\"wp-block-column is-vertically-aligned-center is-layout-flow wp-block-column-is-layout-flow\">\n<figure class=\"wp-block-image size-full is-resized\"><img loading=\"lazy\" decoding=\"async\" width=\"553\" height=\"557\" src=\"https:\/\/ultunastudentkar.se\/wp-content\/uploads\/2025\/04\/Ultunesaren.jpg\" alt=\"\" class=\"wp-image-5837\" style=\"width:211px;height:auto\" srcset=\"https:\/\/ultunastudentkar.se\/wp-content\/uploads\/2025\/04\/Ultunesaren.jpg 553w, https:\/\/ultunastudentkar.se\/wp-content\/uploads\/2025\/04\/Ultunesaren-298x300.jpg 298w, https:\/\/ultunastudentkar.se\/wp-content\/uploads\/2025\/04\/Ultunesaren-150x150.jpg 150w, https:\/\/ultunastudentkar.se\/wp-content\/uploads\/2025\/04\/Ultunesaren-12x12.jpg 12w\" sizes=\"auto, (max-width: 553px) 100vw, 553px\" \/><\/figure>\n<\/div>\n\n\n\n<div class=\"wp-block-column is-vertically-aligned-center is-layout-flow wp-block-column-is-layout-flow\">\n<figure class=\"wp-block-image size-full is-resized\"><img loading=\"lazy\" decoding=\"async\" width=\"225\" height=\"225\" src=\"https:\/\/ultunastudentkar.se\/wp-content\/uploads\/2025\/04\/Podcast.jpg\" alt=\"\" class=\"wp-image-5838\" style=\"width:207px;height:auto\" srcset=\"https:\/\/ultunastudentkar.se\/wp-content\/uploads\/2025\/04\/Podcast.jpg 225w, https:\/\/ultunastudentkar.se\/wp-content\/uploads\/2025\/04\/Podcast-150x150.jpg 150w, https:\/\/ultunastudentkar.se\/wp-content\/uploads\/2025\/04\/Podcast-12x12.jpg 12w\" sizes=\"auto, (max-width: 225px) 100vw, 225px\" \/><\/figure>\n<\/div>\n<\/div>\n\n\n\n<p><\/p>","protected":false},"excerpt":{"rendered":"<p>Bo hos SUSbo &#8211; Campusn\u00e4ra bost\u00e4der Du f\u00e5r som k\u00e5rmedlem m\u00f6jlighet att bo i de popul\u00e4ra bost\u00e4derna p\u00e5 G\u00e4lbo och&hellip;<\/p>","protected":false},"author":3,"featured_media":0,"parent":231,"menu_order":0,"comment_status":"closed","ping_status":"closed","template":"","meta":{"footnotes":""},"class_list":["post-282","page","type-page","status-publish","hentry"],"_links":{"self":[{"href":"https:\/\/ultunastudentkar.se\/en\/wp-json\/wp\/v2\/pages\/282","targetHints":{"allow":["GET"]}}],"collection":[{"href":"https:\/\/ultunastudentkar.se\/en\/wp-json\/wp\/v2\/pages"}],"about":[{"href":"https:\/\/ultunastudentkar.se\/en\/wp-json\/wp\/v2\/types\/page"}],"author":[{"embeddable":true,"href":"https:\/\/ultunastudentkar.se\/en\/wp-json\/wp\/v2\/users\/3"}],"replies":[{"embeddable":true,"href":"https:\/\/ultunastudentkar.se\/en\/wp-json\/wp\/v2\/comments?post=282"}],"version-history":[{"count":9,"href":"https:\/\/ultunastudentkar.se\/en\/wp-json\/wp\/v2\/pages\/282\/revisions"}],"predecessor-version":[{"id":5843,"href":"https:\/\/ultunastudentkar.se\/en\/wp-json\/wp\/v2\/pages\/282\/revisions\/5843"}],"up":[{"embeddable":true,"href":"https:\/\/ultunastudentkar.se\/en\/wp-json\/wp\/v2\/pages\/231"}],"wp:attachment":[{"href":"https:\/\/ultunastudentkar.se\/en\/wp-json\/wp\/v2\/media?parent=282"}],"curies":[{"name":"wp","href":"https:\/\/api.w.org\/{rel}","templated":true}]}}