{"id":279,"date":"2016-06-16T08:28:26","date_gmt":"2016-06-16T08:28:26","guid":{"rendered":"http:\/\/uls.nu\/?page_id=279"},"modified":"2026-04-03T17:34:10","modified_gmt":"2026-04-03T15:34:10","slug":"middagar-och-baler","status":"publish","type":"page","link":"https:\/\/ultunastudentkar.se\/en\/studiesocialt\/fest\/middagar-och-baler\/","title":{"rendered":"Formal dinners (\"Sittnings\")"},"content":{"rendered":"<p><\/p>\n\n\n\n<h2 class=\"wp-block-heading\"><strong>The Highlights of Student Life!<\/strong><\/h2>\n\n\n\n<p>Every year, the Festivities Committee organizes six traditional formal dinners (\u201csittningar\u201d) at Syltan, followed by the 04-after party at the Union. Both members and non-members are welcome to attend the dinners and the release events. SLUSS members, however, receive a 20% discount and priority access to dinner tickets.<\/p>\n\n\n\n<h3 class=\"wp-block-heading\"><strong>The Big Dinners of the Year<\/strong><\/h3>\n\n\n\n<h4 class=\"wp-block-heading\"><strong>Spring semester<\/strong><\/h4>\n\n\n\n<ul class=\"wp-block-list\">\n<li>Kamratmiddag<\/li>\n\n\n\n<li>Valborg Dinner<\/li>\n\n\n\n<li>2 Spring Balls<\/li>\n<\/ul>\n\n\n\n<h4 class=\"wp-block-heading\"><strong>Autumn Semester<\/strong><\/h4>\n\n\n\n<ul class=\"wp-block-list\">\n<li>Songbook Dinner (S\u00e5ngboksmiddagen)<\/li>\n\n\n\n<li>Minion Dinner (Sm\u00e5ttingmiddagen)<\/li>\n\n\n\n<li>Viltmiddag<\/li>\n\n\n\n<li>Luciasittning<\/li>\n<\/ul>\n\n\n\n<p>If you have questions, information about the dinners is posted on Facebook approximately one month before the events, or you can contact the Union\u2019s House Master. We also now have a calendar where information about the sittningar is published; you can find this calendar on the homepage.<\/p>\n\n\n\n<h3 class=\"wp-block-heading has-text-color has-link-color wp-elements-5511ea069302e0bfc31d40362cab0e66\" style=\"color:#17733e\"><a href=\"https:\/\/www.facebook.com\/profile.php?id=100064336225701\" data-type=\"link\" data-id=\"https:\/\/www.facebook.com\/profile.php?id=100064336225701\">Facebook<\/a><\/h3>\n\n\n\n<h4 class=\"wp-block-heading has-text-color has-link-color wp-elements-598f2121ee78bedf38faffec2d546787\" style=\"color:#17733e\"><mark style=\"background-color:rgba(0, 0, 0, 0);color:#000000\" class=\"has-inline-color\">Union House Master<\/mark>:  <a href=\"mailto:uls_khm@stud.slu.se\">uls_khm@stud.slu.se<\/a><\/h4>\n\n\n\n<p><\/p>\n\n\n\n<p><\/p>","protected":false},"excerpt":{"rendered":"<p>Studentlivets h\u00f6jdpunkter! Under \u00e5ret anordnar klubbm\u00e4steriet \u00e5tta traditionella sittningar i syltan med efterf\u00f6ljande 04-sl\u00e4pp p\u00e5 K\u00e5ren. B\u00e5de medlemmar och icke&hellip;<\/p>","protected":false},"author":3,"featured_media":0,"parent":225,"menu_order":0,"comment_status":"closed","ping_status":"closed","template":"","meta":{"footnotes":""},"class_list":["post-279","page","type-page","status-publish","hentry"],"_links":{"self":[{"href":"https:\/\/ultunastudentkar.se\/en\/wp-json\/wp\/v2\/pages\/279","targetHints":{"allow":["GET"]}}],"collection":[{"href":"https:\/\/ultunastudentkar.se\/en\/wp-json\/wp\/v2\/pages"}],"about":[{"href":"https:\/\/ultunastudentkar.se\/en\/wp-json\/wp\/v2\/types\/page"}],"author":[{"embeddable":true,"href":"https:\/\/ultunastudentkar.se\/en\/wp-json\/wp\/v2\/users\/3"}],"replies":[{"embeddable":true,"href":"https:\/\/ultunastudentkar.se\/en\/wp-json\/wp\/v2\/comments?post=279"}],"version-history":[{"count":11,"href":"https:\/\/ultunastudentkar.se\/en\/wp-json\/wp\/v2\/pages\/279\/revisions"}],"predecessor-version":[{"id":6439,"href":"https:\/\/ultunastudentkar.se\/en\/wp-json\/wp\/v2\/pages\/279\/revisions\/6439"}],"up":[{"embeddable":true,"href":"https:\/\/ultunastudentkar.se\/en\/wp-json\/wp\/v2\/pages\/225"}],"wp:attachment":[{"href":"https:\/\/ultunastudentkar.se\/en\/wp-json\/wp\/v2\/media?parent=279"}],"curies":[{"name":"wp","href":"https:\/\/api.w.org\/{rel}","templated":true}]}}