{"id":276,"date":"2016-06-16T08:28:15","date_gmt":"2016-06-16T08:28:15","guid":{"rendered":"http:\/\/uls.nu\/?page_id=276"},"modified":"2024-08-22T18:41:45","modified_gmt":"2024-08-22T16:41:45","slug":"torsdagspuben","status":"publish","type":"page","link":"https:\/\/ultunastudentkar.se\/en\/studiesocialt\/fest\/torsdagspuben\/","title":{"rendered":"Thursday pub"},"content":{"rendered":"<p><\/p>\n\n\n\n<h2 class=\"wp-block-heading\">All are welcome!<\/h2>\n\n\n\n<p>Most thursdays during the academic year, there is a pub at the Union House!<\/p>\n\n\n\n<p>These pubs are open to everyone, and at the bar you will find representatives from one or several of the Union\u2019s committees.<\/p>\n\n\n\n<h3 class=\"wp-block-heading\">Informations about pubs<\/h3>\n\n\n\n<p>Information about our pubs can be found on our Facebook page and in our calendar.<\/p>\n\n\n\n<h4 class=\"wp-block-heading has-text-color has-link-color wp-elements-6ad1e20dfae452b9889793da21166355\" style=\"color:#17733e\"><a href=\"https:\/\/www.facebook.com\/profile.php?id=100064336225701\" data-type=\"link\" data-id=\"https:\/\/www.facebook.com\/profile.php?id=100064336225701\">To Facebook<\/a><\/h4>\n\n\n\n<h4 class=\"wp-block-heading has-text-color has-link-color wp-elements-b99f3956fa68ab2f766d963e13d8bc1f\" style=\"color:#17733e\"><a href=\"https:\/\/ultunastudentkar.se\/en\/events\/\" data-type=\"link\" data-id=\"https:\/\/ultunastudentkar.se\/events\/\">To the Calendar<\/a><\/h4>\n\n\n\n<p><strong>For questions regarding the pubs, contact<\/strong>: uls_khm@stud.slu.se<\/p>","protected":false},"excerpt":{"rendered":"<p>Alla \u00e4r v\u00e4lkomna! Varje torsdag under studie\u00e5ret \u00e4r det pub i k\u00e5rhuset! Dessa pubar \u00e4r \u00f6ppna f\u00f6r alla och i&hellip;<\/p>","protected":false},"author":3,"featured_media":0,"parent":225,"menu_order":0,"comment_status":"closed","ping_status":"closed","template":"","meta":{"footnotes":""},"class_list":["post-276","page","type-page","status-publish","hentry"],"_links":{"self":[{"href":"https:\/\/ultunastudentkar.se\/en\/wp-json\/wp\/v2\/pages\/276","targetHints":{"allow":["GET"]}}],"collection":[{"href":"https:\/\/ultunastudentkar.se\/en\/wp-json\/wp\/v2\/pages"}],"about":[{"href":"https:\/\/ultunastudentkar.se\/en\/wp-json\/wp\/v2\/types\/page"}],"author":[{"embeddable":true,"href":"https:\/\/ultunastudentkar.se\/en\/wp-json\/wp\/v2\/users\/3"}],"replies":[{"embeddable":true,"href":"https:\/\/ultunastudentkar.se\/en\/wp-json\/wp\/v2\/comments?post=276"}],"version-history":[{"count":3,"href":"https:\/\/ultunastudentkar.se\/en\/wp-json\/wp\/v2\/pages\/276\/revisions"}],"predecessor-version":[{"id":4774,"href":"https:\/\/ultunastudentkar.se\/en\/wp-json\/wp\/v2\/pages\/276\/revisions\/4774"}],"up":[{"embeddable":true,"href":"https:\/\/ultunastudentkar.se\/en\/wp-json\/wp\/v2\/pages\/225"}],"wp:attachment":[{"href":"https:\/\/ultunastudentkar.se\/en\/wp-json\/wp\/v2\/media?parent=276"}],"curies":[{"name":"wp","href":"https:\/\/api.w.org\/{rel}","templated":true}]}}