{"id":2546,"date":"2018-05-03T21:11:18","date_gmt":"2018-05-03T19:11:18","guid":{"rendered":"http:\/\/ultunastudentkar.se\/?page_id=2546"},"modified":"2024-08-22T17:49:37","modified_gmt":"2024-08-22T15:49:37","slug":"sponsra-smattingveckorna","status":"publish","type":"page","link":"https:\/\/ultunastudentkar.se\/en\/naringslivskontakt\/sponsra-smattingveckorna\/","title":{"rendered":"Sponsor the minion weeks"},"content":{"rendered":"<div id=\"aq-template-wrapper-2545\" class=\"aq-template-wrapper aq_row\"><div id=\"aq-block-2545-1\" class=\"columns sixteen alpha\"><p><span style=\"font-weight: 400;\"><strong>The Swedish University of Agricultural Sciences (SLU)<\/strong>, Ultuna, is located 3 km south of Uppsala. Around 2,000 students are educated here in programs and courses focused on the green industries. At SLU Ultuna, students are trained as agronomists, civil engineers, landscape architects, landscape engineers, forest economists, veterinarians, and animal health technicians, as well as several other programs leading to a bachelor's or master's degree.\"\u00a0<\/span><\/p>\n<h4><strong>Ultuna Student Union<\/strong><\/h4>\n<p><span style=\"font-weight: 400;\">Ultuna Student Union is one of Sweden\u2019s oldest student unions and was founded around 1868. The organization is run on a voluntary basis by committed students and has around 240 positions. To continuously improve the education programs and the social study environment, Ultuna Student Union maintains a well-developed collaboration <\/span><span style=\"font-weight: 400;\">with the Swedish University of Agricultural Sciences. The Union also works actively with business contacts, which we consider very important for facilitating students\u2019 transition from student life to working life.<\/span><\/p>\n<h4><strong>Welcoming weeks<\/strong><\/h4>\n<p><span style=\"font-weight: 400;\">All new students at the Swedish University of Agricultural Sciences (SLU), Ultuna, begin their studies with the two welcoming weeks organized by Ultuna Student Union. The weeks include a variety of events aimed at helping new students quickly get to know each other, the university, Uppsala, and the senior students. The welcome weeks are one of the largest events organized by the Union and are considered one of the most enjoyable parts of student life. To enhance the quality of the welcome weeks, the Union collaborates with several companies that want to support the activities while also promoting themselves.<\/span><\/p>\n<h3><strong>Ultuna Student Union is looking for main sponsors<\/strong><\/h3>\n<p><span style=\"font-weight: 400;\">K\u00e5ren erbjuder Er exklusiv marknadsf\u00f6ring under dessa tv\u00e5 veckor<\/span><\/p>\n<h4><strong>The Union's Website<\/strong><\/h4>\n<p><span style=\"font-weight: 400;\">During these weeks, spreading information about what is happening on campus is extremely important, and the website plays a central role. During the weeks, a dedicated tab will be presented at the top of the website containing all information about the welcoming weeks for both new and returning students. In the left margin, there will be a separate link featuring the main sponsors of the welcoming weeks, where you will have your own presentation and a link to a website of your choice.<\/span><\/p>\n<h4><strong>The Union's TV screen system<\/strong><\/h4>\n<p><span style=\"font-weight: 400;\">The Union owns its own TV screen system to efficiently share information with students. Your logo will be included under the main sponsors section.<\/span><\/p>\n<h4><strong>Printed information<\/strong><\/h4>\n<p><span style=\"font-weight: 400;\">The new students receive a lot of information about the welcoming weeks, such as schedules and various tasks to be completed. Your logo will be included on these papers. If you want additional marketing, there is an opportunity to send beach flags or banners that we can put up on campus.<\/span><\/p>\n<h3><strong>Ultuna Student Union is looking for support sponsors<\/strong><\/h3>\n<p><span style=\"font-weight: 400;\">The Union offers companies that sponsor with desirable products exclusive marketing opportunities during these two weeks.<\/span><\/p>\n<h4><strong>Serving<\/strong><\/h4>\n<p><span style=\"font-weight: 400;\">When serving your products, it will be clearly indicated who is sponsoring them. The Union takes care of all practicalities, such as printing company logos for the servings.<\/span><\/p>\n<h4><strong>Exposure<\/strong><\/h4>\n<p><span style=\"font-weight: 400;\">Ultuna Student Union is located in the center of campus. During the welcome weeks, the Union becomes a natural gathering place for the new students. To welcome them, daily activities are held, such as sports competitions, meals, and introductions to the university\u2019s traditions. In the evenings, there is also a pub where light food is served. By providing products for any of these activities, your company will gain strong exposure. Your company will also have the opportunity to display posters at the Union and on campus during these weeks. We also have the possibility to distribute any promotional items.\u00a0<\/span><\/p>\n<\/div><div id=\"aq-block-2545-2\" class=\"columns twelve alpha\"><hr class=\"aq-block-clear aq-block-hr-single\" style=\"background:#353535;\"\/><\/div><div id=\"aq-block-2545-3\" class=\"columns sixteen alpha\"><h3 class=\"headline\">For sponsorships, please contact<\/h3><span class=\"line\" style=\"margin-bottom:35px;\"><\/span><div class=\"clearfix\"><\/div><p>Sponsorship Manager<br \/>\nuls_sponsring@stud.slu.se<\/p>\n<p>Career and Business Contacts Official - Lisa Bj\u00f6rk<br \/>\nuls_narl@stud.slu.se<\/p>\n<\/div><div id=\"aq-block-2545-4\" class=\"columns sixteen alpha\"><hr class=\"aq-block-clear aq-block-hr-single\" style=\"background:#353535;\"\/><\/div><div id=\"aq-block-2545-5\" class=\"columns twelve alpha\"><div class=\"wpcf7 no-js\" id=\"wpcf7-f2553-o1\" lang=\"sv-SE\" dir=\"ltr\" data-wpcf7-id=\"2553\">\n<div class=\"screen-reader-response\">\n<p role=\"status\" aria-live=\"polite\" aria-atomic=\"true\">\n<ul><\/ul>\n<\/div>\n<form action=\"\/en\/wp-json\/wp\/v2\/pages\/2546#wpcf7-f2553-o1\" method=\"post\" class=\"wpcf7-form init\" aria-label=\"Kontaktformul\u00e4r\" novalidate=\"novalidate\" data-status=\"init\" data-trp-original-action=\"\/en\/wp-json\/wp\/v2\/pages\/2546#wpcf7-f2553-o1\">\n<fieldset class=\"hidden-fields-container\"><input type=\"hidden\" name=\"_wpcf7\" value=\"2553\" \/><input type=\"hidden\" name=\"_wpcf7_version\" value=\"6.1.4\" \/><input type=\"hidden\" name=\"_wpcf7_locale\" value=\"sv_SE\" \/><input type=\"hidden\" name=\"_wpcf7_unit_tag\" value=\"wpcf7-f2553-o1\" \/><input type=\"hidden\" name=\"_wpcf7_container_post\" value=\"0\" \/><input type=\"hidden\" name=\"_wpcf7_posted_data_hash\" value=\"\" \/><input type=\"hidden\" name=\"_wpcf7_recaptcha_response\" value=\"\" \/><br \/>\n<\/fieldset>\n<p><label> Your name (mandatory)<br \/>\n<span class=\"wpcf7-form-control-wrap\" data-name=\"your-name\"><input size=\"40\" maxlength=\"400\" class=\"wpcf7-form-control wpcf7-text wpcf7-validates-as-required\" aria-required=\"true\" aria-invalid=\"false\" value=\"\" type=\"text\" name=\"your-name\" \/><\/span> <\/label>\n<\/p>\n<p><label> Your mail (mandatory)<br \/>\n<span class=\"wpcf7-form-control-wrap\" data-name=\"your-email\"><input size=\"40\" maxlength=\"400\" class=\"wpcf7-form-control wpcf7-email wpcf7-validates-as-required wpcf7-text wpcf7-validates-as-email\" aria-required=\"true\" aria-invalid=\"false\" value=\"\" type=\"email\" name=\"your-email\" \/><\/span> <\/label>\n<\/p>\n<p><label> Which company<br \/>\n<span class=\"wpcf7-form-control-wrap\" data-name=\"your-foretag\"><input size=\"40\" maxlength=\"400\" class=\"wpcf7-form-control wpcf7-text\" aria-invalid=\"false\" value=\"\" type=\"text\" name=\"your-foretag\" \/><\/span> <\/label>\n<\/p>\n<p><label> Your message<br \/>\n<span class=\"wpcf7-form-control-wrap\" data-name=\"your-message\"><textarea cols=\"40\" rows=\"10\" maxlength=\"2000\" class=\"wpcf7-form-control wpcf7-textarea\" aria-invalid=\"false\" name=\"your-message\"><\/textarea><\/span> <\/label>\n<\/p>\n<p><input class=\"wpcf7-form-control wpcf7-submit has-spinner\" type=\"submit\" value=\"Send\" \/>\n<\/p>\n<div class=\"wpcf7-response-output\" aria-hidden=\"true\"><\/div>\n<input type=\"hidden\" name=\"trp-form-language\" value=\"en\"\/><\/form>\n<\/div>\n<\/div><\/div>","protected":false},"excerpt":{"rendered":"","protected":false},"author":5,"featured_media":0,"parent":349,"menu_order":0,"comment_status":"closed","ping_status":"closed","template":"","meta":{"footnotes":""},"class_list":["post-2546","page","type-page","status-publish","hentry"],"_links":{"self":[{"href":"https:\/\/ultunastudentkar.se\/en\/wp-json\/wp\/v2\/pages\/2546","targetHints":{"allow":["GET"]}}],"collection":[{"href":"https:\/\/ultunastudentkar.se\/en\/wp-json\/wp\/v2\/pages"}],"about":[{"href":"https:\/\/ultunastudentkar.se\/en\/wp-json\/wp\/v2\/types\/page"}],"author":[{"embeddable":true,"href":"https:\/\/ultunastudentkar.se\/en\/wp-json\/wp\/v2\/users\/5"}],"replies":[{"embeddable":true,"href":"https:\/\/ultunastudentkar.se\/en\/wp-json\/wp\/v2\/comments?post=2546"}],"version-history":[{"count":3,"href":"https:\/\/ultunastudentkar.se\/en\/wp-json\/wp\/v2\/pages\/2546\/revisions"}],"predecessor-version":[{"id":2558,"href":"https:\/\/ultunastudentkar.se\/en\/wp-json\/wp\/v2\/pages\/2546\/revisions\/2558"}],"up":[{"embeddable":true,"href":"https:\/\/ultunastudentkar.se\/en\/wp-json\/wp\/v2\/pages\/349"}],"wp:attachment":[{"href":"https:\/\/ultunastudentkar.se\/en\/wp-json\/wp\/v2\/media?parent=2546"}],"curies":[{"name":"wp","href":"https:\/\/api.w.org\/{rel}","templated":true}]}}