{"id":246,"date":"2016-06-16T08:25:51","date_gmt":"2016-06-16T08:25:51","guid":{"rendered":"http:\/\/uls.nu\/?page_id=246"},"modified":"2026-04-04T00:41:33","modified_gmt":"2026-04-03T22:41:33","slug":"styrelsen","status":"publish","type":"page","link":"https:\/\/ultunastudentkar.se\/en\/om-uls-2\/styrelsen\/","title":{"rendered":"ULS Board 2026"},"content":{"rendered":"<div class=\"wp-block-columns is-layout-flex wp-container-core-columns-is-layout-9d6595d7 wp-block-columns-is-layout-flex\">\n<div class=\"wp-block-column is-layout-flow wp-block-column-is-layout-flow\" style=\"flex-basis:66.66%\">\n<h2 class=\"wp-block-heading\">Union President<\/h2>\n\n\n\n<p>Esbj\u00f6rn EXCELSIOR Montelius Risberg (Paid full-time)<\/p>\n\n\n\n<p>Being the Student Union President means that I work full-time and have overall responsibility for the Union\u2019s activities, as well as leading the work of the board. The President is also responsible for a large part of the Union\u2019s external relations, and I serve as a student representative on several committees within SLU. Please feel free to contact me if you have any questions about the Union or SLU!<\/p>\n\n\n\n<p>Mail: uls_ordf@stud.slu.se<br>Phone <em>(work)<\/em>: 076-115 94 59<\/p>\n<\/div>\n\n\n\n<div class=\"wp-block-column is-layout-flow wp-block-column-is-layout-flow\" style=\"flex-basis:33.33%\">\n<figure class=\"wp-block-image size-large\"><img loading=\"lazy\" decoding=\"async\" width=\"683\" height=\"1024\" src=\"https:\/\/ultunastudentkar.se\/wp-content\/uploads\/2026\/02\/IMG_0960-683x1024.jpg\" alt=\"\" class=\"wp-image-6308\" srcset=\"https:\/\/ultunastudentkar.se\/wp-content\/uploads\/2026\/02\/IMG_0960-683x1024.jpg 683w, https:\/\/ultunastudentkar.se\/wp-content\/uploads\/2026\/02\/IMG_0960-200x300.jpg 200w, https:\/\/ultunastudentkar.se\/wp-content\/uploads\/2026\/02\/IMG_0960-768x1152.jpg 768w, https:\/\/ultunastudentkar.se\/wp-content\/uploads\/2026\/02\/IMG_0960-1024x1536.jpg 1024w, https:\/\/ultunastudentkar.se\/wp-content\/uploads\/2026\/02\/IMG_0960-8x12.jpg 8w, https:\/\/ultunastudentkar.se\/wp-content\/uploads\/2026\/02\/IMG_0960.jpg 1280w\" sizes=\"auto, (max-width: 683px) 100vw, 683px\" \/><\/figure>\n<\/div>\n<\/div>\n\n\n\n<div class=\"wp-block-columns is-layout-flex wp-container-core-columns-is-layout-9d6595d7 wp-block-columns-is-layout-flex\">\n<div class=\"wp-block-column is-layout-flow wp-block-column-is-layout-flow\" style=\"flex-basis:66.66%\">\n<h2 class=\"wp-block-heading\">Vice Union President<\/h2>\n\n\n\n<p>Agnes TASKKMASTER Karpmyr (Paid full-time)<br><br>Together with the Student Union President, I have the privilege of working full-time at the Union with educational matters. The main responsibilities of the Vice President are to lead and coordinate the area of Educational Monitoring for undergraduate education. In addition, I serve as a student representative in several university bodies and working groups.<\/p>\n\n\n\n<p>Mail: uls_utb@stud.slu.se<\/p>\n<\/div>\n\n\n\n<div class=\"wp-block-column is-layout-flow wp-block-column-is-layout-flow\" style=\"flex-basis:33.33%\">\n<figure class=\"wp-block-image size-large\"><img loading=\"lazy\" decoding=\"async\" width=\"683\" height=\"1024\" src=\"https:\/\/ultunastudentkar.se\/wp-content\/uploads\/2026\/02\/IMG_0930-683x1024.jpg\" alt=\"\" class=\"wp-image-6310\" srcset=\"https:\/\/ultunastudentkar.se\/wp-content\/uploads\/2026\/02\/IMG_0930-683x1024.jpg 683w, https:\/\/ultunastudentkar.se\/wp-content\/uploads\/2026\/02\/IMG_0930-200x300.jpg 200w, https:\/\/ultunastudentkar.se\/wp-content\/uploads\/2026\/02\/IMG_0930-768x1152.jpg 768w, https:\/\/ultunastudentkar.se\/wp-content\/uploads\/2026\/02\/IMG_0930-1024x1536.jpg 1024w, https:\/\/ultunastudentkar.se\/wp-content\/uploads\/2026\/02\/IMG_0930-8x12.jpg 8w, https:\/\/ultunastudentkar.se\/wp-content\/uploads\/2026\/02\/IMG_0930.jpg 1280w\" sizes=\"auto, (max-width: 683px) 100vw, 683px\" \/><\/figure>\n<\/div>\n<\/div>\n\n\n\n<div class=\"wp-block-columns is-layout-flex wp-container-core-columns-is-layout-9d6595d7 wp-block-columns-is-layout-flex\">\n<div class=\"wp-block-column is-layout-flow wp-block-column-is-layout-flow\" style=\"flex-basis:66.66%\">\n<h2 class=\"wp-block-heading\">Union House Master<\/h2>\n\n\n\n<p>M\u00e5ns RIM SHADY Mosca (Paid full-time)<\/p>\n\n\n\n<p>As House Master, my main responsibilities include leading the Festivities Committee and overseeing our beautiful union building. I am also responsible for all external rentals, and the income from these helps fund my salary.<\/p>\n\n\n\n<p>Mail: uls_khm@stud.slu.se<br>Phone <em>(work)<\/em>: 076- 115 32 07<\/p>\n<\/div>\n\n\n\n<div class=\"wp-block-column is-layout-flow wp-block-column-is-layout-flow\" style=\"flex-basis:33.33%\">\n<figure class=\"wp-block-image size-large\"><img loading=\"lazy\" decoding=\"async\" width=\"683\" height=\"1024\" src=\"https:\/\/ultunastudentkar.se\/wp-content\/uploads\/2026\/02\/IMG_0912-683x1024.jpg\" alt=\"\" class=\"wp-image-6318\" srcset=\"https:\/\/ultunastudentkar.se\/wp-content\/uploads\/2026\/02\/IMG_0912-683x1024.jpg 683w, https:\/\/ultunastudentkar.se\/wp-content\/uploads\/2026\/02\/IMG_0912-200x300.jpg 200w, https:\/\/ultunastudentkar.se\/wp-content\/uploads\/2026\/02\/IMG_0912-768x1152.jpg 768w, https:\/\/ultunastudentkar.se\/wp-content\/uploads\/2026\/02\/IMG_0912-1024x1536.jpg 1024w, https:\/\/ultunastudentkar.se\/wp-content\/uploads\/2026\/02\/IMG_0912-8x12.jpg 8w, https:\/\/ultunastudentkar.se\/wp-content\/uploads\/2026\/02\/IMG_0912.jpg 1280w\" sizes=\"auto, (max-width: 683px) 100vw, 683px\" \/><\/figure>\n<\/div>\n<\/div>\n\n\n\n<div class=\"wp-block-columns is-layout-flex wp-container-core-columns-is-layout-9d6595d7 wp-block-columns-is-layout-flex\">\n<div class=\"wp-block-column is-layout-flow wp-block-column-is-layout-flow\" style=\"flex-basis:66.66%\">\n<h2 class=\"wp-block-heading\">Paymaster<\/h2>\n\n\n\n<p>Nora SUPERNOVA Lundin (Paid 25%)<\/p>\n\n\n\n<p>As the Paymaster, I have overall responsibility for the Union\u2019s finances. My duties include issuing and paying invoices, paying salaries and recording financial transactions. I am also responsible for preparing the annual financial statements and the budget for the upcoming financial year.<\/p>\n\n\n\n<p>Mail: uls_kass@stud.slu.se<\/p>\n<\/div>\n\n\n\n<div class=\"wp-block-column is-layout-flow wp-block-column-is-layout-flow\" style=\"flex-basis:33.33%\">\n<figure class=\"wp-block-image size-large\"><img loading=\"lazy\" decoding=\"async\" width=\"683\" height=\"1024\" src=\"https:\/\/ultunastudentkar.se\/wp-content\/uploads\/2026\/02\/IMG_0932-1-683x1024.jpg\" alt=\"\" class=\"wp-image-6321\" srcset=\"https:\/\/ultunastudentkar.se\/wp-content\/uploads\/2026\/02\/IMG_0932-1-683x1024.jpg 683w, https:\/\/ultunastudentkar.se\/wp-content\/uploads\/2026\/02\/IMG_0932-1-200x300.jpg 200w, https:\/\/ultunastudentkar.se\/wp-content\/uploads\/2026\/02\/IMG_0932-1-768x1152.jpg 768w, https:\/\/ultunastudentkar.se\/wp-content\/uploads\/2026\/02\/IMG_0932-1-1024x1536.jpg 1024w, https:\/\/ultunastudentkar.se\/wp-content\/uploads\/2026\/02\/IMG_0932-1-8x12.jpg 8w, https:\/\/ultunastudentkar.se\/wp-content\/uploads\/2026\/02\/IMG_0932-1.jpg 1280w\" sizes=\"auto, (max-width: 683px) 100vw, 683px\" \/><\/figure>\n<\/div>\n<\/div>\n\n\n\n<div class=\"wp-block-columns is-layout-flex wp-container-core-columns-is-layout-9d6595d7 wp-block-columns-is-layout-flex\">\n<div class=\"wp-block-column is-layout-flow wp-block-column-is-layout-flow\" style=\"flex-basis:66.66%\">\n<h2 class=\"wp-block-heading\"><strong>Student Welfare Official<\/strong><\/h2>\n\n\n\n<p>Oliver Tsingos<\/p>\n\n\n\n<p>As the Student Welfare Official, I am responsible for issues regaring equal treatment within both the Union and SLU Ultuna. This means, for example, that I represent you in committees and groups related to these matters. Together with the Equal Treatment Committee (LikeU), I work to make the Union even better at being inclusive and welcoming to everyone. I am also responsible for issues related to student support, student insurance, housing allowances, and other matters concerning student well-being and security. You are always welcome to contact me with any questions, big or small!<\/p>\n\n\n\n<p>Mail: uls_soc@stud.slu.se<br>Phone <em>(Privat)<\/em>: 070-858 33 82<\/p>\n<\/div>\n\n\n\n<div class=\"wp-block-column is-layout-flow wp-block-column-is-layout-flow\" style=\"flex-basis:33.33%\">\n<figure class=\"wp-block-image size-large\"><img loading=\"lazy\" decoding=\"async\" width=\"683\" height=\"1024\" src=\"https:\/\/ultunastudentkar.se\/wp-content\/uploads\/2026\/02\/IMG_0916-1-683x1024.jpg\" alt=\"\" class=\"wp-image-6322\" srcset=\"https:\/\/ultunastudentkar.se\/wp-content\/uploads\/2026\/02\/IMG_0916-1-683x1024.jpg 683w, https:\/\/ultunastudentkar.se\/wp-content\/uploads\/2026\/02\/IMG_0916-1-200x300.jpg 200w, https:\/\/ultunastudentkar.se\/wp-content\/uploads\/2026\/02\/IMG_0916-1-768x1152.jpg 768w, https:\/\/ultunastudentkar.se\/wp-content\/uploads\/2026\/02\/IMG_0916-1-1024x1536.jpg 1024w, https:\/\/ultunastudentkar.se\/wp-content\/uploads\/2026\/02\/IMG_0916-1-8x12.jpg 8w, https:\/\/ultunastudentkar.se\/wp-content\/uploads\/2026\/02\/IMG_0916-1.jpg 1280w\" sizes=\"auto, (max-width: 683px) 100vw, 683px\" \/><\/figure>\n<\/div>\n<\/div>\n\n\n\n<div class=\"wp-block-columns is-layout-flex wp-container-core-columns-is-layout-9d6595d7 wp-block-columns-is-layout-flex\">\n<div class=\"wp-block-column is-layout-flow wp-block-column-is-layout-flow\" style=\"flex-basis:66.66%\">\n<h2 class=\"wp-block-heading\"><strong>Communication Official<\/strong><\/h2>\n\n\n\n<p>Viktor Rudfeldt<\/p>\n\n\n\n<p>Being the Communication official, my main role is to make sure students and members get access to the latest information from the Union. This means I am responsible for the Union's Facebook page, Instagram account, our newsletter and all our other means of communication. If you want to reach out to the Union's members, I am the one to contact.<\/p>\n\n\n\n<p>Mail: uls_info@stud.slu.se<\/p>\n<\/div>\n\n\n\n<div class=\"wp-block-column is-layout-flow wp-block-column-is-layout-flow\" style=\"flex-basis:33.33%\">\n<figure class=\"wp-block-image size-large\"><img loading=\"lazy\" decoding=\"async\" width=\"640\" height=\"960\" src=\"https:\/\/ultunastudentkar.se\/wp-content\/uploads\/2026\/02\/IMG_0993-1-edited.jpg\" alt=\"\" class=\"wp-image-6324\" srcset=\"https:\/\/ultunastudentkar.se\/wp-content\/uploads\/2026\/02\/IMG_0993-1-edited.jpg 640w, https:\/\/ultunastudentkar.se\/wp-content\/uploads\/2026\/02\/IMG_0993-1-edited-200x300.jpg 200w, https:\/\/ultunastudentkar.se\/wp-content\/uploads\/2026\/02\/IMG_0993-1-edited-8x12.jpg 8w\" sizes=\"auto, (max-width: 640px) 100vw, 640px\" \/><\/figure>\n<\/div>\n<\/div>\n\n\n\n<div class=\"wp-block-columns is-layout-flex wp-container-core-columns-is-layout-9d6595d7 wp-block-columns-is-layout-flex\">\n<div class=\"wp-block-column is-layout-flow wp-block-column-is-layout-flow\" style=\"flex-basis:66.66%\">\n<h2 class=\"wp-block-heading\"><strong>Career and Business Contacts Official<\/strong><\/h2>\n\n\n\n<p>Lisa Bj\u00f6rk<\/p>\n\n\n\n<p>As the Career and Business Contacts Official, I am mainly responsible for creating connections between students and the industry, thereby facilitating the transition from academic life to working life. I serve as the Chair of the Career and Business Committee, where I devote most of my efforts. I also support other committees and members when they want to organize activities related to careers, business and external relations.<\/p>\n\n\n\n<p>Mail: uls_narl@stud.slu.se<\/p>\n<\/div>\n\n\n\n<div class=\"wp-block-column is-layout-flow wp-block-column-is-layout-flow\" style=\"flex-basis:33.33%\">\n<figure class=\"wp-block-image size-large\"><img loading=\"lazy\" decoding=\"async\" width=\"683\" height=\"1024\" src=\"https:\/\/ultunastudentkar.se\/wp-content\/uploads\/2026\/02\/IMG_0952-2-683x1024.jpg\" alt=\"\" class=\"wp-image-6325\" srcset=\"https:\/\/ultunastudentkar.se\/wp-content\/uploads\/2026\/02\/IMG_0952-2-683x1024.jpg 683w, https:\/\/ultunastudentkar.se\/wp-content\/uploads\/2026\/02\/IMG_0952-2-200x300.jpg 200w, https:\/\/ultunastudentkar.se\/wp-content\/uploads\/2026\/02\/IMG_0952-2-768x1152.jpg 768w, https:\/\/ultunastudentkar.se\/wp-content\/uploads\/2026\/02\/IMG_0952-2-1024x1536.jpg 1024w, https:\/\/ultunastudentkar.se\/wp-content\/uploads\/2026\/02\/IMG_0952-2-8x12.jpg 8w, https:\/\/ultunastudentkar.se\/wp-content\/uploads\/2026\/02\/IMG_0952-2.jpg 1280w\" sizes=\"auto, (max-width: 683px) 100vw, 683px\" \/><\/figure>\n<\/div>\n<\/div>\n\n\n\n<div class=\"wp-block-columns is-layout-flex wp-container-core-columns-is-layout-9d6595d7 wp-block-columns-is-layout-flex\">\n<div class=\"wp-block-column is-layout-flow wp-block-column-is-layout-flow\" style=\"flex-basis:66.66%\">\n<h2 class=\"wp-block-heading\">Secretary<\/h2>\n\n\n\n<p>Ellinor VICT\u00c4RY Persson<\/p>\n\n\n\n<p>The Secretary\u2019s responsibilities range from taking minutes at board and union meetings, to announcing the Union\u2019s scholarships, and administering the rental of the Union\u2019s house in B\u00e5stad, Aron\u2019s House.<\/p>\n\n\n\n<p>Mail: uls_sekr@stud.slu.se<\/p>\n<\/div>\n\n\n\n<div class=\"wp-block-column is-layout-flow wp-block-column-is-layout-flow\" style=\"flex-basis:33.33%\">\n<figure class=\"wp-block-image size-large\"><img loading=\"lazy\" decoding=\"async\" width=\"683\" height=\"1024\" src=\"https:\/\/ultunastudentkar.se\/wp-content\/uploads\/2026\/02\/IMG_0973-2-683x1024.jpg\" alt=\"\" class=\"wp-image-6326\" srcset=\"https:\/\/ultunastudentkar.se\/wp-content\/uploads\/2026\/02\/IMG_0973-2-683x1024.jpg 683w, https:\/\/ultunastudentkar.se\/wp-content\/uploads\/2026\/02\/IMG_0973-2-200x300.jpg 200w, https:\/\/ultunastudentkar.se\/wp-content\/uploads\/2026\/02\/IMG_0973-2-768x1152.jpg 768w, https:\/\/ultunastudentkar.se\/wp-content\/uploads\/2026\/02\/IMG_0973-2-1024x1536.jpg 1024w, https:\/\/ultunastudentkar.se\/wp-content\/uploads\/2026\/02\/IMG_0973-2-8x12.jpg 8w, https:\/\/ultunastudentkar.se\/wp-content\/uploads\/2026\/02\/IMG_0973-2.jpg 1280w\" sizes=\"auto, (max-width: 683px) 100vw, 683px\" \/><\/figure>\n<\/div>\n<\/div>\n\n\n\n<div class=\"wp-block-columns is-layout-flex wp-container-core-columns-is-layout-9d6595d7 wp-block-columns-is-layout-flex\">\n<div class=\"wp-block-column is-layout-flow wp-block-column-is-layout-flow\" style=\"flex-basis:66.66%\">\n<h2 class=\"wp-block-heading\"><strong>9th Official<\/strong><\/h2>\n\n\n\n<p>Alma ENVISAN Hellstr\u00f6m<\/p>\n\n\n\n<p>As the 9th Official, I am the bridge between the previous and current Union Board. I serve as a support function for the rest of the board, drawing on my experience. My role is to offer encouragement, but also to act as a counterbalance when the board risks taking on more than it can handle.<\/p>\n\n\n\n<p>Mail: uls_9e@stud.slu.se<\/p>\n<\/div>\n\n\n\n<div class=\"wp-block-column is-layout-flow wp-block-column-is-layout-flow\" style=\"flex-basis:33.33%\">\n<figure class=\"wp-block-image size-large\"><img loading=\"lazy\" decoding=\"async\" width=\"683\" height=\"1024\" src=\"https:\/\/ultunastudentkar.se\/wp-content\/uploads\/2026\/02\/IMG_0965-1-683x1024.jpg\" alt=\"\" class=\"wp-image-6327\" srcset=\"https:\/\/ultunastudentkar.se\/wp-content\/uploads\/2026\/02\/IMG_0965-1-683x1024.jpg 683w, https:\/\/ultunastudentkar.se\/wp-content\/uploads\/2026\/02\/IMG_0965-1-200x300.jpg 200w, https:\/\/ultunastudentkar.se\/wp-content\/uploads\/2026\/02\/IMG_0965-1-768x1152.jpg 768w, https:\/\/ultunastudentkar.se\/wp-content\/uploads\/2026\/02\/IMG_0965-1-1024x1536.jpg 1024w, https:\/\/ultunastudentkar.se\/wp-content\/uploads\/2026\/02\/IMG_0965-1-8x12.jpg 8w, https:\/\/ultunastudentkar.se\/wp-content\/uploads\/2026\/02\/IMG_0965-1.jpg 1280w\" sizes=\"auto, (max-width: 683px) 100vw, 683px\" \/><\/figure>\n<\/div>\n<\/div>\n\n\n\n<p><\/p>","protected":false},"excerpt":{"rendered":"<p>K\u00e5rordf\u00f6rande Esbj\u00f6rn EXCELSIOR Montelius Risberg (Heltidsarvoderad) Att vara k\u00e5rordf\u00f6rande inneb\u00e4r att jag arbetar heltid och jag har det \u00f6vergripande ansvaret&hellip;<\/p>","protected":false},"author":3,"featured_media":0,"parent":241,"menu_order":0,"comment_status":"closed","ping_status":"closed","template":"","meta":{"footnotes":""},"class_list":["post-246","page","type-page","status-publish","hentry"],"_links":{"self":[{"href":"https:\/\/ultunastudentkar.se\/en\/wp-json\/wp\/v2\/pages\/246","targetHints":{"allow":["GET"]}}],"collection":[{"href":"https:\/\/ultunastudentkar.se\/en\/wp-json\/wp\/v2\/pages"}],"about":[{"href":"https:\/\/ultunastudentkar.se\/en\/wp-json\/wp\/v2\/types\/page"}],"author":[{"embeddable":true,"href":"https:\/\/ultunastudentkar.se\/en\/wp-json\/wp\/v2\/users\/3"}],"replies":[{"embeddable":true,"href":"https:\/\/ultunastudentkar.se\/en\/wp-json\/wp\/v2\/comments?post=246"}],"version-history":[{"count":49,"href":"https:\/\/ultunastudentkar.se\/en\/wp-json\/wp\/v2\/pages\/246\/revisions"}],"predecessor-version":[{"id":6497,"href":"https:\/\/ultunastudentkar.se\/en\/wp-json\/wp\/v2\/pages\/246\/revisions\/6497"}],"up":[{"embeddable":true,"href":"https:\/\/ultunastudentkar.se\/en\/wp-json\/wp\/v2\/pages\/241"}],"wp:attachment":[{"href":"https:\/\/ultunastudentkar.se\/en\/wp-json\/wp\/v2\/media?parent=246"}],"curies":[{"name":"wp","href":"https:\/\/api.w.org\/{rel}","templated":true}]}}