{"id":198,"date":"2016-06-02T18:45:46","date_gmt":"2016-06-02T18:45:46","guid":{"rendered":"http:\/\/uls.nu\/?page_id=198"},"modified":"2024-08-22T18:11:43","modified_gmt":"2024-08-22T16:11:43","slug":"studieraden","status":"publish","type":"page","link":"https:\/\/ultunastudentkar.se\/en\/utbildning\/studieraden\/","title":{"rendered":"Study Councils \u2013 Your Academic Representatives"},"content":{"rendered":"<p>If you have questions about your program, you can always turn to your academic representatives \u2013 the study councils. Each study council has its own Facebook page where you can easily ask questions or get information about what is happening in your council. Below, you can see which programs each council represents.<\/p>\n\n\n\n<h3 class=\"wp-block-heading has-text-color has-link-color wp-elements-5bf6c2ec4b8a2e8411254f78624c7ac4\" style=\"color:#17733e\"><a href=\"https:\/\/www.facebook.com\/Biologi-och-markv%C3%A4xtr%C3%A5det-Biom-1575469462695226\/?fref=ts\">Biology, Soil and Environmental Sciences Council (BiOM)<\/a><\/h3>\n\n\n\n<p>Mail: uls_biom@stud.slu.se<\/p>\n\n\n\n<p>Ungraduate programs:<br>Agronom \u2013 mark\/v\u00e4xt<br>V\u00e4xtodlingsprogrammet<br>Biologi- och milj\u00f6vetenskap<br>Civilingenj\u00f6r Milj\u00f6- och Vattenteknik (F\u00f6r kurser vid SLU)<\/p>\n\n\n\n<p>Graduate level programs:<br>EnvEuro<br>Soil, Water and Environment\/Soil and Water Management<br>Plant Biology<\/p>\n\n\n\n<h3 class=\"wp-block-heading has-text-color has-link-color wp-elements-c330a4befe0bd5e37d04c6fdb559ac01\" style=\"color:#17733e\"><a href=\"https:\/\/www.facebook.com\/ULS-Biolivsr%C3%A5d-1575200262704349\/?fref=ts\">Biotechnology and Food Science Council (BioLivs)<\/a><\/h3>\n\n\n\n<p>Mail: uls_biolivs@stud.slu.se<\/p>\n\n\n\n<p>Ungraduate programs:<br>Agronom-livsmedel<br>Livsmedelsprogrammet<br>Civilingenj\u00f6r i energisystem (f\u00f6r kurser vid SLU)<\/p>\n\n\n\n<p>Graduate level programs:<br>Sustainable Food Systems<\/p>\n\n\n\n<h3 class=\"wp-block-heading has-text-color has-link-color wp-elements-380aa08d2ca0bb751f8d575919f9c4bb\" style=\"color:#17733e\"><a href=\"https:\/\/www.facebook.com\/ULS-Husdjursr%C3%A5d-530487903656175\/?fref=ts\">Animal Sciences Council (Husdjursr\u00e5det)<\/a><\/h3>\n\n\n\n<p>Mail: uls_djur@stud.slu.se<\/p>\n\n\n\n<p>Ungraduate programs:<br>Agronom \u2013 husdjur<br>Djur och H\u00e5llbarhet<br>Etologi och djurskydd<\/p>\n\n\n\n<p>Graduate level programs:<br>Animal Science<\/p>\n\n\n\n<h3 class=\"wp-block-heading has-text-color has-link-color wp-elements-023b4c47b29156c89c8884f8f1702676\" style=\"color:#17733e\"><a href=\"https:\/\/www.facebook.com\/ULS-Ekonomr%C3%A5d-661454677232178\/?fref=ts\">Economics Council (Ekonomr\u00e5det)<\/a><\/h3>\n\n\n\n<p>Mail: uls_ekonom@stud.slu.se<\/p>\n\n\n\n<p>Ungraduate programs:<br>Agronom \u2013 ekonomi<br>Agrar ekonomi<br>Ekonomi \u2013 h\u00e5llbar utveckling<br>Politices kandidat \u2013 h\u00e5llbar utveckling<\/p>\n\n\n\n<p>Graduate level programs:<br>Agricultural Economics and Management<br>Environmental Economics and Management<br>Agricultural, Food and Environmental Policy Analysis (AFEPA)<\/p>\n\n\n\n<h3 class=\"wp-block-heading has-text-color has-link-color wp-elements-f63011206ccdab5c5222204b79ac9491\" style=\"color:#17733e\"><a href=\"https:\/\/www.facebook.com\/ULS-Landsbygdsutvecklingsr%C3%A5d-573142772697014\/?fref=ts\">Rural Development Council (LBU)<\/a><\/h3>\n\n\n\n<p>Mail: uls_lbu@stud.slu.se<\/p>\n\n\n\n<p>Ungraduate programs:<br>Agronom \u2013 landsbygdsutveckling<br>Samh\u00e4llsutveckling &#8211; Landsbygd<\/p>\n\n\n\n<p>Graduate level programs:<br>Sustainable Development<br>Rural Development and Natural Resource Management<br>Environmental Communication and Management<\/p>\n\n\n\n<h3 class=\"wp-block-heading has-text-color has-link-color wp-elements-bef3fcab3389329affd2a9f1f7d8b592\" style=\"color:#17733e\"><a href=\"https:\/\/www.facebook.com\/ULS.Larkrad\/?fref=ts\">Landscape Council (Landskapsr\u00e5det)<\/a><\/h3>\n\n\n\n<p>Mail: uls_land@stud.slu.se<\/p>\n\n\n\n<p>Ungraduate programs:<br>Landskapsarkitekt \u2013 Uppsala<br>Landskapsingenj\u00f6r \u2013 Uppsala<\/p>\n\n\n\n<p>Graduate level programs:<br>Landscape Architecture for Sustainable Urbanisation<\/p>\n\n\n\n<h3 class=\"wp-block-heading has-text-color has-link-color wp-elements-10624491a568092bb068b61e1148e40e\" style=\"color:#17733e\"><a href=\"https:\/\/www.facebook.com\/people\/ULS-Skogsr%25C3%25A5d\/100088575078367\/\" data-type=\"link\" data-id=\"https:\/\/www.facebook.com\/people\/ULS-Skogsr%25C3%25A5d\/100088575078367\/\">Forest Council (Skogsr\u00e5det)<\/a><\/h3>\n\n\n\n<p>Mail: uls_skog@stud.slu.se<\/p>\n\n\n\n<p>Ungraduate programs:<br>Skogsekonomi<\/p>\n\n\n\n<p>Graduate level programs:<br>Master's courses given at J\u00e4gm\u00e4starprogrammet in Uppsala<\/p>","protected":false},"excerpt":{"rendered":"<p>Om du har fr\u00e5gor om din utbildningar kan du alltid v\u00e4nda dig till dina studiebevakare \u2013 studier\u00e5den. Alla studier\u00e5d har&hellip;<\/p>","protected":false},"author":1,"featured_media":0,"parent":193,"menu_order":0,"comment_status":"closed","ping_status":"closed","template":"","meta":{"footnotes":""},"class_list":["post-198","page","type-page","status-publish","hentry"],"_links":{"self":[{"href":"https:\/\/ultunastudentkar.se\/en\/wp-json\/wp\/v2\/pages\/198","targetHints":{"allow":["GET"]}}],"collection":[{"href":"https:\/\/ultunastudentkar.se\/en\/wp-json\/wp\/v2\/pages"}],"about":[{"href":"https:\/\/ultunastudentkar.se\/en\/wp-json\/wp\/v2\/types\/page"}],"author":[{"embeddable":true,"href":"https:\/\/ultunastudentkar.se\/en\/wp-json\/wp\/v2\/users\/1"}],"replies":[{"embeddable":true,"href":"https:\/\/ultunastudentkar.se\/en\/wp-json\/wp\/v2\/comments?post=198"}],"version-history":[{"count":24,"href":"https:\/\/ultunastudentkar.se\/en\/wp-json\/wp\/v2\/pages\/198\/revisions"}],"predecessor-version":[{"id":4763,"href":"https:\/\/ultunastudentkar.se\/en\/wp-json\/wp\/v2\/pages\/198\/revisions\/4763"}],"up":[{"embeddable":true,"href":"https:\/\/ultunastudentkar.se\/en\/wp-json\/wp\/v2\/pages\/193"}],"wp:attachment":[{"href":"https:\/\/ultunastudentkar.se\/en\/wp-json\/wp\/v2\/media?parent=198"}],"curies":[{"name":"wp","href":"https:\/\/api.w.org\/{rel}","templated":true}]}}