{"id":1925,"date":"2017-04-22T15:11:27","date_gmt":"2017-04-22T13:11:27","guid":{"rendered":"http:\/\/ultunastudentkar.se\/?page_id=1925"},"modified":"2026-04-08T17:05:36","modified_gmt":"2026-04-08T15:05:36","slug":"karens-utskott","status":"publish","type":"page","link":"https:\/\/ultunastudentkar.se\/en\/studiesocialt\/karens-utskott\/","title":{"rendered":"Committees &amp; Independent Associations"},"content":{"rendered":"<h2 class=\"wp-block-heading\">The Union's Committees<\/h2>\n\n\n\n<p>Here are all the Union\u2019s committees and independent student associations. Click on the committees in the list below for more information about them. Information about the different positions within the committees and what they involve can be found in the position descriptions further down the page.<\/p>\n\n\n\n<h2 class=\"wp-block-heading\">Central administration<\/h2>\n\n\n\n<div class=\"wp-block-columns is-layout-flex wp-container-core-columns-is-layout-9d6595d7 wp-block-columns-is-layout-flex\">\n<div class=\"wp-block-column is-layout-flow wp-block-column-is-layout-flow\">\n<h4 class=\"wp-block-heading\"><a href=\"https:\/\/ultunastudentkar.se\/en\/om-uls-2\/styrelsen\/\" data-type=\"page\" data-id=\"246\">The Board<\/a><\/h4>\n\n\n\n<p>The highest executive body of the Union <\/p>\n<\/div>\n\n\n\n<div class=\"wp-block-column is-layout-flow wp-block-column-is-layout-flow\">\n<h4 class=\"wp-block-heading\"><a href=\"http:\/\/ultunastudentkar.se\/index.php\/portfolio\/controllerenheten\/\">Controller Unit<\/a><\/h4>\n\n\n\n<p>Supportive, advisory, and monitoring function for the Union\u2019s financial matters.<\/p>\n<\/div>\n\n\n\n<div class=\"wp-block-column is-layout-flow wp-block-column-is-layout-flow\">\n<h4 class=\"wp-block-heading\"><a href=\"http:\/\/ultunastudentkar.se\/index.php\/portfolio\/dataskyddsombud\/\">Data Protection Delegate<\/a><\/h4>\n\n\n\n<p>Advises the Union\u2019s committees on GDPR matters.<\/p>\n<\/div>\n<\/div>\n\n\n\n<div class=\"wp-block-columns is-layout-flex wp-container-core-columns-is-layout-9d6595d7 wp-block-columns-is-layout-flex\">\n<div class=\"wp-block-column is-layout-flow wp-block-column-is-layout-flow\">\n<h4 class=\"wp-block-heading\"><a href=\"http:\/\/ultunastudentkar.se\/index.php\/portfolio\/valberedningen\/\">Election Committee<\/a><\/h4>\n\n\n\n<p>Has the main purpose to organize elections for positions during Union Meetings.<\/p>\n<\/div>\n\n\n\n<div class=\"wp-block-column is-layout-flow wp-block-column-is-layout-flow\">\n<h4 class=\"wp-block-heading\"><a href=\"http:\/\/ultunastudentkar.se\/index.php\/portfolio\/likabehandlingsutskottet-likeu\/\">Equal Treatment Committee (LikeU)<\/a><\/h4>\n\n\n\n<p>Ensures that everyone feels included within the Union.<\/p>\n<\/div>\n\n\n\n<div class=\"wp-block-column is-layout-flow wp-block-column-is-layout-flow\">\n<h4 class=\"wp-block-heading\"><\/h4>\n\n\n\n<p><\/p>\n<\/div>\n<\/div>\n\n\n\n<h2 class=\"wp-block-heading\">Study monitoring councils<\/h2>\n\n\n\n<div class=\"wp-block-columns is-layout-flex wp-container-core-columns-is-layout-9d6595d7 wp-block-columns-is-layout-flex\">\n<div class=\"wp-block-column is-layout-flow wp-block-column-is-layout-flow\">\n<h4 class=\"wp-block-heading\"><a href=\"http:\/\/ultunastudentkar.se\/index.php\/portfolio\/landskapsradet\/\">Landscape Council (Landskapsr\u00e5det)<\/a><\/h4>\n\n\n\n<p>Study monitoring council<\/p>\n<\/div>\n\n\n\n<div class=\"wp-block-column is-layout-flow wp-block-column-is-layout-flow\">\n<h4 class=\"wp-block-heading\"><a href=\"http:\/\/ultunastudentkar.se\/index.php\/portfolio\/biologi-och-mark-vaxtradet-biom\/\">Biology, Soil and Environmental Sciences Council (BiOM)<\/a><\/h4>\n\n\n\n<p>Study monitoring council<\/p>\n<\/div>\n\n\n\n<div class=\"wp-block-column is-layout-flow wp-block-column-is-layout-flow\">\n<h4 class=\"wp-block-heading\"><a href=\"http:\/\/ultunastudentkar.se\/index.php\/portfolio\/ekonomradet\/\">Economics Council (Ekonomr\u00e5det) <\/a><\/h4>\n\n\n\n<p>Study monitoring council<\/p>\n<\/div>\n<\/div>\n\n\n\n<div class=\"wp-block-columns is-layout-flex wp-container-core-columns-is-layout-9d6595d7 wp-block-columns-is-layout-flex\">\n<div class=\"wp-block-column is-layout-flow wp-block-column-is-layout-flow\">\n<h4 class=\"wp-block-heading\"><a href=\"http:\/\/ultunastudentkar.se\/index.php\/portfolio\/landsbygdsutvecklingsradet-lbu\/\">LBU<\/a><\/h4>\n\n\n\n<h6 class=\"wp-block-heading\"><a href=\"http:\/\/ultunastudentkar.se\/index.php\/portfolio\/landsbygdsutvecklingsradet-lbu\/\">Rural Development Council<\/a><\/h6>\n\n\n\n<p>Study monitoring council<\/p>\n<\/div>\n\n\n\n<div class=\"wp-block-column is-layout-flow wp-block-column-is-layout-flow\">\n<h4 class=\"wp-block-heading\"><a href=\"https:\/\/ultunastudentkar.se\/en\/blog\/portfolio\/skogsradet\/\">Forest Council (Skogsr\u00e5det)<\/a><\/h4>\n\n\n\n<p>Study monitoring council<\/p>\n<\/div>\n\n\n\n<div class=\"wp-block-column is-layout-flow wp-block-column-is-layout-flow\">\n<h4 class=\"wp-block-heading\"><a href=\"https:\/\/ultunastudentkar.se\/en\/blog\/portfolio\/bioteknolog-och-livsmedelsradet-biolivs\/\" data-type=\"link\" data-id=\"http:\/\/ultunastudentkar.se\/index.php\/portfolio\/bioteknolog-och-livsmedelsradet-biolivs\/\">Biotechnology and Food Science Council  (BioLivs)<\/a><\/h4>\n\n\n\n<p>Study monitoring council<\/p>\n<\/div>\n<\/div>\n\n\n\n<div class=\"wp-block-columns is-layout-flex wp-container-core-columns-is-layout-9d6595d7 wp-block-columns-is-layout-flex\">\n<div class=\"wp-block-column is-layout-flow wp-block-column-is-layout-flow\">\n<h4 class=\"wp-block-heading\"><a href=\"https:\/\/ultunastudentkar.se\/en\/blog\/portfolio\/husdjursradet\/\">Animal Sciences Council (Husdjursr\u00e5det)<\/a><\/h4>\n\n\n\n<p>Study monitoring council<\/p>\n<\/div>\n\n\n\n<div class=\"wp-block-column is-layout-flow wp-block-column-is-layout-flow\">\n<h4 class=\"wp-block-heading\"><a href=\"https:\/\/ultunastudentkar.se\/en\/blog\/portfolio\/doktorandradet\/\">PHD council <\/a><\/h4>\n\n\n\n<p>ULS PhD Student Council<br><a href=\"https:\/\/internt.slu.se\/en\/support-services\/education\/doctoral-education1\/phd-student-councils\/uls-phd-student-council\/about-the-uls-phd-student-council\/\">More information here<\/a><\/p>\n<\/div>\n\n\n\n<div class=\"wp-block-column is-layout-flow wp-block-column-is-layout-flow\">\n<h4 class=\"wp-block-heading\">Program Committee<br>Substitutes (PN)<\/h4>\n\n\n\n<p>These students attend program committee meetings when the Union President or Vice President cannot attend.<br><strong>Emails:<\/strong><\/p>\n\n\n\n<div class=\"wp-block-group\"><div class=\"wp-block-group__inner-container is-layout-constrained wp-block-group-is-layout-constrained\">\n<ul class=\"wp-block-list\">\n<li>uls_pnnj@stud.slu.se<\/li>\n\n\n\n<li>uls_pnvh@stud.slu.se<\/li>\n\n\n\n<li>uls_pnlt@stud.slu.se <\/li>\n\n\n\n<li>uls-pns@stud.slu.se <\/li>\n<\/ul>\n<\/div><\/div>\n<\/div>\n<\/div>\n\n\n\n<h2 class=\"wp-block-heading\">Ceremony and Tradition<\/h2>\n\n\n\n<div class=\"wp-block-columns is-layout-flex wp-container-core-columns-is-layout-9d6595d7 wp-block-columns-is-layout-flex\">\n<div class=\"wp-block-column is-layout-flow wp-block-column-is-layout-flow\">\n<h4 class=\"wp-block-heading\"><a href=\"https:\/\/ultunastudentkar.se\/en\/blog\/portfolio\/utskott-1\/\">Tradition Committee (TradU)<\/a><\/h4>\n\n\n\n<p>Organizes ceremonies, balls, and preserves the Union\u2019s history and traditions.<\/p>\n<\/div>\n\n\n\n<div class=\"wp-block-column is-layout-flow wp-block-column-is-layout-flow\">\n<h4 class=\"wp-block-heading\"><a href=\"https:\/\/ultunastudentkar.se\/en\/blog\/portfolio\/bastuutskottet-bastu\/\">Sauna Committee (BastU)<\/a><\/h4>\n\n\n\n<p>Responsible for the sauna in Syltahallen.<\/p>\n<\/div>\n\n\n\n<div class=\"wp-block-column is-layout-flow wp-block-column-is-layout-flow\">\n<h4 class=\"wp-block-heading\"><a href=\"https:\/\/ultunastudentkar.se\/en\/blog\/portfolio\/kulu\/\">Cultural Committee (KulU)<\/a><\/h4>\n\n\n\n<p>Organizes various cultural events at Ultuna and in Uppsala.<\/p>\n<\/div>\n<\/div>\n\n\n\n<div class=\"wp-block-columns is-layout-flex wp-container-core-columns-is-layout-9d6595d7 wp-block-columns-is-layout-flex\">\n<div class=\"wp-block-column is-layout-flow wp-block-column-is-layout-flow\">\n<h4 class=\"wp-block-heading\"><a href=\"https:\/\/ultunastudentkar.se\/en\/blog\/portfolio\/traktu\/\">Tractor Committee (TraktU)<\/a><\/h4>\n\n\n\n<p>Main task is to take care of the Union\u2019s tractor, a Volvo BM Victor, model year 1958.<\/p>\n<\/div>\n\n\n\n<div class=\"wp-block-column is-layout-flow wp-block-column-is-layout-flow\">\n<h4 class=\"wp-block-heading\"><\/h4>\n\n\n\n<p><\/p>\n<\/div>\n\n\n\n<div class=\"wp-block-column is-layout-flow wp-block-column-is-layout-flow\"><\/div>\n<\/div>\n\n\n\n<h2 class=\"wp-block-heading\">Festivities and Fika <\/h2>\n\n\n\n<div class=\"wp-block-columns is-layout-flex wp-container-core-columns-is-layout-9d6595d7 wp-block-columns-is-layout-flex\">\n<div class=\"wp-block-column is-layout-flow wp-block-column-is-layout-flow\">\n<h4 class=\"wp-block-heading\"><a href=\"https:\/\/ultunastudentkar.se\/en\/blog\/portfolio\/klubbmasteriet-km\/\">Festivities Committee (KM)<\/a><\/h4>\n\n\n\n<p>Plans, executes, and works at all of the Union\u2019s formal dinners.<\/p>\n<\/div>\n\n\n\n<div class=\"wp-block-column is-layout-flow wp-block-column-is-layout-flow\">\n<h4 class=\"wp-block-heading\"><a href=\"https:\/\/ultunastudentkar.se\/en\/blog\/portfolio\/fiq\/\">Fika Committee (FiQ)<\/a><\/h4>\n\n\n\n<p>Bakes and runs the Union\u2019s caf\u00e9.<\/p>\n<\/div>\n\n\n\n<div class=\"wp-block-column is-layout-flow wp-block-column-is-layout-flow\">\n<h4 class=\"wp-block-heading\"><a href=\"https:\/\/ultunastudentkar.se\/en\/blog\/portfolio\/grammofonnamnden-gn\/\">Union DJs (GN)<\/a><\/h4>\n\n\n\n<p>Responsible for audio and lighting at the Union\u2019s dinners and events, as well as during internal and external rentals.<\/p>\n<\/div>\n<\/div>\n\n\n\n<h2 class=\"wp-block-heading\">Secretariat and information<\/h2>\n\n\n\n<div class=\"wp-block-columns is-layout-flex wp-container-core-columns-is-layout-9d6595d7 wp-block-columns-is-layout-flex\">\n<div class=\"wp-block-column is-layout-flow wp-block-column-is-layout-flow\">\n<h4 class=\"wp-block-heading\"><a href=\"https:\/\/ultunastudentkar.se\/en\/blog\/portfolio\/marknadsforingsutskottet-marku\/\">Marketing Committee (MarkU)<\/a><\/h4>\n\n\n\n<p>Responsible for the Union\u2019s marketing.<\/p>\n<\/div>\n\n\n\n<div class=\"wp-block-column is-layout-flow wp-block-column-is-layout-flow\">\n<h4 class=\"wp-block-heading\"><a href=\"https:\/\/ultunastudentkar.se\/en\/blog\/portfolio\/karkansliet-kk\/\">Administration office (KK)<\/a><\/h4>\n\n\n\n<p>Helps with membership, student discount cards, Union inquiries, contacts, or similar issues.<\/p>\n<\/div>\n\n\n\n<div class=\"wp-block-column is-layout-flow wp-block-column-is-layout-flow\">\n<h4 class=\"wp-block-heading\"><a href=\"https:\/\/ultunastudentkar.se\/en\/blog\/portfolio\/ultunesaren\/\">Editorial team of Ultunesaren<\/a><\/h4>\n\n\n\n<p>Produces the Union magazine Ultunesaren.<\/p>\n<\/div>\n<\/div>\n\n\n\n<h2 class=\"wp-block-heading\">Career and Business Contact <\/h2>\n\n\n\n<div class=\"wp-block-columns is-layout-flex wp-container-core-columns-is-layout-9d6595d7 wp-block-columns-is-layout-flex\">\n<div class=\"wp-block-column is-layout-flow wp-block-column-is-layout-flow\">\n<h4 class=\"wp-block-heading\"><a href=\"https:\/\/ultunastudentkar.se\/en\/blog\/portfolio\/naringslivsutskottet\/\">Career and Business Committee (NU)<\/a><\/h4>\n\n\n\n<p>Responsible for the Union\u2019s contacts with the industry.<\/p>\n<\/div>\n\n\n\n<div class=\"wp-block-column is-layout-flow wp-block-column-is-layout-flow\">\n<h4 class=\"wp-block-heading\"><a href=\"https:\/\/ultunastudentkar.se\/en\/blog\/portfolio\/miljoutskottet\/\">Sustainability Committee (HU) <\/a><\/h4>\n\n\n\n<p>Highlights environmental issues within ULS and SLU.<\/p>\n<\/div>\n\n\n\n<div class=\"wp-block-column is-layout-flow wp-block-column-is-layout-flow\">\n<h4 class=\"wp-block-heading\"><a href=\"https:\/\/ultunastudentkar.se\/en\/blog\/portfolio\/lantu\/\">Farming Committee (LantU) <\/a><\/h4>\n\n\n\n<p>The Union\u2019s link between the agricultural sector and students.<\/p>\n<\/div>\n<\/div>\n\n\n\n<div class=\"wp-block-columns is-layout-flex wp-container-core-columns-is-layout-9d6595d7 wp-block-columns-is-layout-flex\">\n<div class=\"wp-block-column is-layout-flow wp-block-column-is-layout-flow\">\n<h4 class=\"wp-block-heading\"><a href=\"https:\/\/ultunastudentkar.se\/en\/blog\/portfolio\/planteringsutskottet-plantu\/\">Plants and Pots (PlantU)<\/a><\/h4>\n\n\n\n<h4 class=\"wp-block-heading\"><\/h4>\n\n\n\n<p>Responsible for the Union House plants and organizes events like plant walks and study visits to nurseries.<\/p>\n<\/div>\n\n\n\n<div class=\"wp-block-column is-layout-flow wp-block-column-is-layout-flow\">\n<h4 class=\"wp-block-heading\"><\/h4>\n\n\n\n<p><\/p>\n<\/div>\n\n\n\n<div class=\"wp-block-column is-layout-flow wp-block-column-is-layout-flow\">\n<h4 class=\"wp-block-heading\"><\/h4>\n\n\n\n<p><\/p>\n<\/div>\n<\/div>\n\n\n\n<h2 class=\"wp-block-heading\">Minion welcoming <\/h2>\n\n\n\n<div class=\"wp-block-columns is-layout-flex wp-container-core-columns-is-layout-9d6595d7 wp-block-columns-is-layout-flex\">\n<div class=\"wp-block-column is-layout-flow wp-block-column-is-layout-flow\">\n<h4 class=\"wp-block-heading\"><a href=\"https:\/\/ultunastudentkar.se\/en\/blog\/portfolio\/smattingkommitten-smk\/\">Minion Committee (SMK) <\/a><\/h4>\n\n\n\n<p>Organizes the welcoming of new students at SLU Ultuna together with the Mentor Program.<\/p>\n<\/div>\n\n\n\n<div class=\"wp-block-column is-layout-flow wp-block-column-is-layout-flow\">\n<h4 class=\"wp-block-heading\"><a href=\"https:\/\/ultunastudentkar.se\/en\/blog\/portfolio\/fadderiet\/\">Buddy Committee (Fadderiet)<\/a><\/h4>\n\n\n\n<p>Organizes the welcoming of new students at SLU Ultuna together with SMK.<\/p>\n<\/div>\n\n\n\n<div class=\"wp-block-column is-layout-flow wp-block-column-is-layout-flow\">\n<h4 class=\"wp-block-heading\"><\/h4>\n<\/div>\n<\/div>\n\n\n\n<h2 class=\"wp-block-heading\">International <\/h2>\n\n\n\n<div class=\"wp-block-columns is-layout-flex wp-container-core-columns-is-layout-9d6595d7 wp-block-columns-is-layout-flex\">\n<div class=\"wp-block-column is-layout-flow wp-block-column-is-layout-flow\">\n<h4 class=\"wp-block-heading\"><a href=\"http:\/\/ultunastudentkar.se\/index.php\/portfolio\/master-committee-mc\/\">International &amp; Master Committee (IMC)<\/a><\/h4>\n\n\n\n<p>Responsible for planning, preparing, and organizing welcome weeks and activities for international and master\u2019s students within the Student Union\u2019s area of activity.<\/p>\n<\/div>\n\n\n\n<div class=\"wp-block-column is-layout-flow wp-block-column-is-layout-flow\">\n<h4 class=\"wp-block-heading\"><a href=\"https:\/\/ultunastudentkar.se\/en\/blog\/portfolio\/international-association-of-students-in-agricultural-and-related-sciences-iaas\/\">IAAS<\/a><\/h4>\n\n\n\n<p>International Association of Students in Agricultural and related sciences<\/p>\n<\/div>\n\n\n\n<div class=\"wp-block-column is-layout-flow wp-block-column-is-layout-flow\">\n<h4 class=\"wp-block-heading\"><\/h4>\n<\/div>\n<\/div>\n\n\n\n<h2 class=\"wp-block-heading\">Other Committees<\/h2>\n\n\n\n<div class=\"wp-block-columns is-layout-flex wp-container-core-columns-is-layout-9d6595d7 wp-block-columns-is-layout-flex\">\n<div class=\"wp-block-column is-layout-flow wp-block-column-is-layout-flow\">\n<h4 class=\"wp-block-heading\"><a href=\"https:\/\/ultunastudentkar.se\/en\/blog\/portfolio\/k9-2\/\">K9<\/a><\/h4>\n\n\n\n<p>Manages and rents out ULS dog kennels.<\/p>\n<\/div>\n\n\n\n<div class=\"wp-block-column is-layout-flow wp-block-column-is-layout-flow\">\n<h4 class=\"wp-block-heading\"><a href=\"https:\/\/ultunastudentkar.se\/en\/blog\/portfolio\/spexet\/\">Spex Committee<\/a><\/h4>\n\n\n\n<p>Creates a student theater show (spex) each year together with a student ensemble from ULS and VMF.<\/p>\n<\/div>\n\n\n\n<div class=\"wp-block-column is-layout-flow wp-block-column-is-layout-flow\">\n<h4 class=\"wp-block-heading\"><a href=\"https:\/\/ultunastudentkar.se\/en\/blog\/portfolio\/spelutskottet\/\">Gaming Committee (SpelU)<\/a><\/h4>\n\n\n\n<p>Organizes various game-related activities.<\/p>\n<\/div>\n<\/div>\n\n\n\n<div class=\"wp-block-columns is-layout-flex wp-container-core-columns-is-layout-9d6595d7 wp-block-columns-is-layout-flex\">\n<div class=\"wp-block-column is-layout-flow wp-block-column-is-layout-flow\">\n<h3 class=\"wp-block-heading\"><a href=\"https:\/\/ultunastudentkar.se\/en\/blog\/portfolio\/hantverksutskottet-hantu\/\">Crafting Committee (HantU)<\/a><\/h3>\n\n\n\n<p>Promotes creativity at ULS.<\/p>\n<\/div>\n\n\n\n<div class=\"wp-block-column is-layout-flow wp-block-column-is-layout-flow\"><\/div>\n\n\n\n<div class=\"wp-block-column is-layout-flow wp-block-column-is-layout-flow\"><\/div>\n<\/div>\n\n\n\n<h2 class=\"wp-block-heading\">Other Union Functions <\/h2>\n\n\n\n<div class=\"wp-block-columns is-layout-flex wp-container-core-columns-is-layout-9d6595d7 wp-block-columns-is-layout-flex\">\n<div class=\"wp-block-column is-layout-flow wp-block-column-is-layout-flow\">\n<h4 class=\"wp-block-heading\">Chair of the Union Meeting<\/h4>\n\n\n\n<p>Leads the Union Meetings<\/p>\n\n\n\n<p>Email: uls_chair@stud.slu.se <\/p>\n<\/div>\n\n\n\n<div class=\"wp-block-column is-layout-flow wp-block-column-is-layout-flow\">\n<h4 class=\"wp-block-heading\">Primus Motor <\/h4>\n\n\n\n<p>Chair of the Student Union Council (SKR)<\/p>\n\n\n\n<p>Email: uls_primus@stud.slu.se<\/p>\n<\/div>\n\n\n\n<div class=\"wp-block-column is-layout-flow wp-block-column-is-layout-flow\">\n<h4 class=\"wp-block-heading\">SUSbo <\/h4>\n\n\n\n<p>Stiftelsen Ultuna Studentbost\u00e4der <\/p>\n\n\n\n<p>Email: uls_susbo@stud.slu.se<\/p>\n<\/div>\n<\/div>\n\n\n\n<h2 class=\"wp-block-heading\"><strong>Independent Associations<\/strong><\/h2>\n\n\n\n<div class=\"wp-block-columns is-layout-flex wp-container-core-columns-is-layout-9d6595d7 wp-block-columns-is-layout-flex\">\n<div class=\"wp-block-column is-layout-flow wp-block-column-is-layout-flow\">\n<h4 class=\"wp-block-heading\"><a href=\"https:\/\/ultunastudentkar.se\/en\/blog\/portfolio\/lrf-ultuna\/\">LRF Ultuna<\/a><\/h4>\n\n\n\n<p>Swedish Farmers\u2019 Association at Ultuna  <\/p>\n<\/div>\n\n\n\n<div class=\"wp-block-column is-layout-flow wp-block-column-is-layout-flow\">\n<h4 class=\"wp-block-heading\"><a href=\"https:\/\/ultunastudentkar.se\/en\/blog\/portfolio\/uffe\/\">UFFE<\/a><\/h4>\n\n\n\n<p>Ultuna's outdoor association <\/p>\n<\/div>\n\n\n\n<div class=\"wp-block-column is-layout-flow wp-block-column-is-layout-flow\">\n<h4 class=\"wp-block-heading\"><a href=\"https:\/\/ultunastudentkar.se\/en\/blog\/portfolio\/ulla\/\">ULLA<\/a><\/h4>\n\n\n\n<p>Ultuna Student Union's Women\u2019s Choir<\/p>\n<\/div>\n<\/div>\n\n\n\n<div class=\"wp-block-columns is-layout-flex wp-container-core-columns-is-layout-9d6595d7 wp-block-columns-is-layout-flex\">\n<div class=\"wp-block-column is-layout-flow wp-block-column-is-layout-flow\">\n<h4 class=\"wp-block-heading\"><a href=\"https:\/\/ultunastudentkar.se\/en\/blog\/portfolio\/uls-if\/\">ULS IF <\/a><\/h4>\n\n\n\n<p>Ultuna Student Union Sports Association <\/p>\n<\/div>\n\n\n\n<div class=\"wp-block-column is-layout-flow wp-block-column-is-layout-flow\">\n<h4 class=\"wp-block-heading\"><a href=\"https:\/\/ultunastudentkar.se\/en\/blog\/portfolio\/ultimat\/\">UltiMat <\/a><\/h4>\n\n\n\n<p>Ultuna Food Cooperative <\/p>\n<\/div>\n\n\n\n<div class=\"wp-block-column is-layout-flow wp-block-column-is-layout-flow\">\n<h4 class=\"wp-block-heading\"><a href=\"https:\/\/ultunastudentkar.se\/en\/blog\/portfolio\/ultuna-jaktklubb-ujk\/\">Ultuna Jaktklubb<\/a><\/h4>\n\n\n\n<p>Meeting place for nature- and hunting-interested students at SLU<\/p>\n<\/div>\n<\/div>\n\n\n\n<div class=\"wp-block-columns is-layout-flex wp-container-core-columns-is-layout-9d6595d7 wp-block-columns-is-layout-flex\">\n<div class=\"wp-block-column is-layout-flow wp-block-column-is-layout-flow\">\n<h4 class=\"wp-block-heading\"><a href=\"https:\/\/ultunastudentkar.se\/en\/blog\/portfolio\/ultunae-drangar\/\">Ultunae Dr\u00e4ngar (UD)<\/a><\/h4>\n\n\n\n<p>Ultuna Student Union's Men\u2019s Choir<\/p>\n<\/div>\n\n\n\n<div class=\"wp-block-column is-layout-flow wp-block-column-is-layout-flow\"><\/div>\n\n\n\n<div class=\"wp-block-column is-layout-flow wp-block-column-is-layout-flow\"><\/div>\n<\/div>\n\n\n\n<h2 class=\"wp-block-heading\">Post Descriptions <\/h2>\n\n\n\n<div class=\"wp-block-columns is-layout-flex wp-container-core-columns-is-layout-9d6595d7 wp-block-columns-is-layout-flex\">\n<div class=\"wp-block-column is-layout-flow wp-block-column-is-layout-flow\">\n<h3 class=\"wp-block-heading\"><a href=\"https:\/\/ultunastudentkar.se\/wp-content\/uploads\/2025\/11\/Befattningsbeskrivningar-2025-11-07.pdf\">Befattningsbeskrivnigar<\/a> <\/h3>\n\n\n\n<figure class=\"wp-block-image size-full\"><a href=\"https:\/\/ultunastudentkar.se\/wp-content\/uploads\/2025\/03\/Befattningsbeskrivningar-2025-02-18.pdf\" target=\"_blank\" rel=\" noreferrer noopener\"><img loading=\"lazy\" decoding=\"async\" width=\"517\" height=\"518\" src=\"https:\/\/ultunastudentkar.se\/wp-content\/uploads\/2025\/02\/Befattningsbeskrivningar-sve-3.png\" alt=\"\" class=\"wp-image-5433\" srcset=\"https:\/\/ultunastudentkar.se\/wp-content\/uploads\/2025\/02\/Befattningsbeskrivningar-sve-3.png 517w, https:\/\/ultunastudentkar.se\/wp-content\/uploads\/2025\/02\/Befattningsbeskrivningar-sve-3-300x300.png 300w, https:\/\/ultunastudentkar.se\/wp-content\/uploads\/2025\/02\/Befattningsbeskrivningar-sve-3-150x150.png 150w, https:\/\/ultunastudentkar.se\/wp-content\/uploads\/2025\/02\/Befattningsbeskrivningar-sve-3-12x12.png 12w\" sizes=\"auto, (max-width: 517px) 100vw, 517px\" \/><\/a><\/figure>\n<\/div>\n\n\n\n<div class=\"wp-block-column is-layout-flow wp-block-column-is-layout-flow\">\n<h3 class=\"wp-block-heading\"><a href=\"https:\/\/ultunastudentkar.se\/wp-content\/uploads\/2019\/02\/Befattningsbeskrivningar-2018_engelska_2018-08-31.pdf\">Post Descriptions (Old)<\/a><\/h3>\n\n\n\n<figure class=\"wp-block-gallery has-nested-images columns-default is-cropped wp-block-gallery-1 is-layout-flex wp-block-gallery-is-layout-flex\">\n<figure class=\"wp-block-image size-large\"><a href=\"http:\/\/ultunastudentkar.se\/wp-content\/uploads\/2019\/02\/Befattningsbeskrivningar-2018_engelska_2018-08-31.pdf\" target=\"_blank\" rel=\" noreferrer noopener\"><img loading=\"lazy\" decoding=\"async\" width=\"487\" height=\"497\" data-id=\"5431\" src=\"https:\/\/ultunastudentkar.se\/wp-content\/uploads\/2025\/02\/Post-descriptions.png\" alt=\"\" class=\"wp-image-5431\" srcset=\"https:\/\/ultunastudentkar.se\/wp-content\/uploads\/2025\/02\/Post-descriptions.png 487w, https:\/\/ultunastudentkar.se\/wp-content\/uploads\/2025\/02\/Post-descriptions-294x300.png 294w, https:\/\/ultunastudentkar.se\/wp-content\/uploads\/2025\/02\/Post-descriptions-12x12.png 12w\" sizes=\"auto, (max-width: 487px) 100vw, 487px\" \/><\/a><\/figure>\n<\/figure>\n<\/div>\n<\/div>\n\n\n\n<p><\/p>","protected":false},"excerpt":{"rendered":"<p>K\u00e5rens utskott H\u00e4r \u00e4r K\u00e5rens alla utskott och frist\u00e5ende f\u00f6reningar. Klicka p\u00e5 utskotten i listan nedan f\u00f6r mer info om&hellip;<\/p>","protected":false},"author":5,"featured_media":0,"parent":222,"menu_order":0,"comment_status":"closed","ping_status":"closed","template":"","meta":{"footnotes":""},"class_list":["post-1925","page","type-page","status-publish","hentry"],"_links":{"self":[{"href":"https:\/\/ultunastudentkar.se\/en\/wp-json\/wp\/v2\/pages\/1925","targetHints":{"allow":["GET"]}}],"collection":[{"href":"https:\/\/ultunastudentkar.se\/en\/wp-json\/wp\/v2\/pages"}],"about":[{"href":"https:\/\/ultunastudentkar.se\/en\/wp-json\/wp\/v2\/types\/page"}],"author":[{"embeddable":true,"href":"https:\/\/ultunastudentkar.se\/en\/wp-json\/wp\/v2\/users\/5"}],"replies":[{"embeddable":true,"href":"https:\/\/ultunastudentkar.se\/en\/wp-json\/wp\/v2\/comments?post=1925"}],"version-history":[{"count":40,"href":"https:\/\/ultunastudentkar.se\/en\/wp-json\/wp\/v2\/pages\/1925\/revisions"}],"predecessor-version":[{"id":6539,"href":"https:\/\/ultunastudentkar.se\/en\/wp-json\/wp\/v2\/pages\/1925\/revisions\/6539"}],"up":[{"embeddable":true,"href":"https:\/\/ultunastudentkar.se\/en\/wp-json\/wp\/v2\/pages\/222"}],"wp:attachment":[{"href":"https:\/\/ultunastudentkar.se\/en\/wp-json\/wp\/v2\/media?parent=1925"}],"curies":[{"name":"wp","href":"https:\/\/api.w.org\/{rel}","templated":true}]}}